{"id":522010,"date":"2020-10-16T11:36:26","date_gmt":"2020-10-16T09:36:26","guid":{"rendered":"https:\/\/laboklin.de\/de\/reptilien-hibernationscheck-gross-landschildkroete"},"modified":"2025-08-05T12:56:32","modified_gmt":"2025-08-05T10:56:32","slug":"reptilien-hibernations-check-gross-landschildkroete","status":"publish","type":"page","link":"https:\/\/laboklin.de\/de\/leistungen\/profile\/profile-screenings-kleinsaeuger-voegel-reptilien-fische\/pcr-profile\/reptilien-hibernations-check-gross-landschildkroete\/","title":{"rendered":"Reptilien: Hibernations-Check gro\u00df (Landschildkr\u00f6te)"},"content":{"rendered":"<h3 class=\"csc-firstHeader\">Reptilien: Hibernations-Check gro\u00df (Landschildkr\u00f6te)<\/h3><p><span>LABOKLIN Leistungs-ID: 1247<\/span><\/p><table class=\"tx-laboklinleistung-table contenttable contenttable-2\" style=\"margin-top: 35px;\"><tr><td class=\"td-0\"><strong>Material<\/strong><\/td><td class=\"td-1\"><p class=\"bodytext\">Serum, Heparin-Plasma  0,5 ml + Heparin-Blut 0,5 ml+ Blutausstrich + Abstrich ohne Medium (Rachen) + Faeces  <\/p><\/td><\/tr><tr><td class=\"td-0\"><strong>Parameter<\/strong><\/td><td class=\"td-1\"><p class=\"bodytext\"><ul><li>h\u00e4matologisch: Blutbild<\/li> <li>klinisch-chemisch: gro\u00dfes Reptilien-Profil (Harns\u00e4ure, Eiwei\u00df, AST, ALT, AP, CK, Kalium, Natrium, Calcium, Phosphat, GLDH, Albumin, Harnstoff, Gallens\u00e4uren)<\/li> <li>Antik\u00f6rper: Herpesviren (TeHV-1 und TeHV-3)<\/li> <li>PCR: Herpesviren, Mykoplasmen<\/li> <li>parasitologisch: Endoparasiten<\/li><\/ul><\/p><\/td><\/tr><tr><td class=\"td-0\"><strong>Dauer<\/strong><\/td><td class=\"td-1\"><p class=\"bodytext\">7 Tage<\/p><\/td><\/tr><tr><td class=\"td-0\"><strong>Anmerkung<\/strong><\/td><td class=\"td-1\"><p class=\"bodytext\">Diese Leistung wird <strong>nicht<\/strong> in der Schweiz angeboten.<\/p><\/td><\/tr><\/table>\n","protected":false},"excerpt":{"rendered":"<p>Reptilien: Hibernations-Check gro\u00df (Landschildkr\u00f6te)LABOKLIN Leistungs-ID: 1247MaterialSerum, Heparin-Plasma 0,5 ml + Heparin-Blut 0,5 ml+ Blutausstrich + Abstrich ohne Medium (Rachen) + Faeces Parameterh\u00e4matologisch: Blutbild klinisch-chemisch: gro\u00dfes Reptilien-Profil (Harns\u00e4ure, Eiwei\u00df, AST, ALT, AP, CK, Kalium, Natrium, Calcium, Phosphat, GLDH, Albumin, Harnstoff, Gallens\u00e4uren) Antik\u00f6rper: Herpesviren (TeHV-1 und TeHV-3) PCR: Herpesviren, Mykoplasmen parasitologisch: EndoparasitenDauer7 TageAnmerkungDiese Leistung wird nicht in&hellip;<\/p>\n","protected":false},"author":1,"featured_media":0,"parent":522000,"menu_order":5,"comment_status":"closed","ping_status":"closed","template":"","meta":{"_seopress_robots_primary_cat":"","_seopress_titles_title":"","_seopress_titles_desc":"","_seopress_robots_index":"","footnotes":""},"class_list":["post-522010","page","type-page","status-publish","hentry","description-off"],"_links":{"self":[{"href":"https:\/\/laboklin.de\/de\/wp-json\/wp\/v2\/pages\/522010","targetHints":{"allow":["GET"]}}],"collection":[{"href":"https:\/\/laboklin.de\/de\/wp-json\/wp\/v2\/pages"}],"about":[{"href":"https:\/\/laboklin.de\/de\/wp-json\/wp\/v2\/types\/page"}],"author":[{"embeddable":true,"href":"https:\/\/laboklin.de\/de\/wp-json\/wp\/v2\/users\/1"}],"replies":[{"embeddable":true,"href":"https:\/\/laboklin.de\/de\/wp-json\/wp\/v2\/comments?post=522010"}],"version-history":[{"count":3,"href":"https:\/\/laboklin.de\/de\/wp-json\/wp\/v2\/pages\/522010\/revisions"}],"predecessor-version":[{"id":1553925,"href":"https:\/\/laboklin.de\/de\/wp-json\/wp\/v2\/pages\/522010\/revisions\/1553925"}],"up":[{"embeddable":true,"href":"https:\/\/laboklin.de\/de\/wp-json\/wp\/v2\/pages\/522000"}],"wp:attachment":[{"href":"https:\/\/laboklin.de\/de\/wp-json\/wp\/v2\/media?parent=522010"}],"curies":[{"name":"wp","href":"https:\/\/api.w.org\/{rel}","templated":true}]}}