{"id":522006,"date":"2020-10-16T11:36:26","date_gmt":"2020-10-16T09:36:26","guid":{"rendered":"https:\/\/laboklin.de\/de\/reptilien-quarantaene-landschildkroete"},"modified":"2025-01-27T12:06:46","modified_gmt":"2025-01-27T11:06:46","slug":"reptilien-quarantaene-landschildkroete","status":"publish","type":"page","link":"https:\/\/laboklin.de\/de\/leistungen\/profile\/profile-screenings-kleinsaeuger-voegel-reptilien-fische\/pcr-profile\/reptilien-quarantaene-landschildkroete\/","title":{"rendered":"Reptilien: Quarant\u00e4ne (Landschildkr\u00f6te)"},"content":{"rendered":"<h3 class=\"csc-firstHeader\">Reptilien: Quarant\u00e4ne (Landschildkr\u00f6te)<\/h3><p><span>LABOKLIN Leistungs-ID: 8566<\/span><\/p><table class=\"tx-laboklinleistung-table contenttable contenttable-2\" style=\"margin-top: 35px;\"><tr><td class=\"td-0\"><strong>Material<\/strong><\/td><td class=\"td-1\"><p class=\"bodytext\">Abstrich ohne Medium (Rachen) + Serum oder Heparin-Plasma 0,4 ml <br>oder <br>Nasensp\u00fclprobe + Serum oder Heparin-Plasma 0,4 ml<\/p><\/td><\/tr><tr><td class=\"td-0\"><strong>Parameter<\/strong><\/td><td class=\"td-1\"><p class=\"bodytext\">PCR: Herpesviren, Mykoplasmen, Picorna-\/Torchivirus, Ranaviren <br>Antik\u00f6rper: Herpesviren (TeHV-1 und TeHV-3)<\/p><\/td><\/tr><tr><td class=\"td-0\"><strong>Dauer<\/strong><\/td><td class=\"td-1\"><p class=\"bodytext\">7 - 14 Tage<\/p><\/td><\/tr><tr><td class=\"td-0\"><strong>Anmerkung<\/strong><\/td><td class=\"td-1\"><p class=\"bodytext\">Diese Leistung wird <strong>nicht<\/strong> in der Schweiz angeboten.<\/p><\/td><\/tr><\/table>\n","protected":false},"excerpt":{"rendered":"<p>Reptilien: Quarant\u00e4ne (Landschildkr\u00f6te)LABOKLIN Leistungs-ID: 8566MaterialAbstrich ohne Medium (Rachen) + Serum oder Heparin-Plasma 0,4 ml oder Nasensp\u00fclprobe + Serum oder Heparin-Plasma 0,4 mlParameterPCR: Herpesviren, Mykoplasmen, Picorna-\/Torchivirus, Ranaviren Antik\u00f6rper: Herpesviren (TeHV-1 und TeHV-3)Dauer7 &#8211; 14 TageAnmerkungDiese Leistung wird nicht in der Schweiz angeboten.<\/p>\n","protected":false},"author":1,"featured_media":0,"parent":522000,"menu_order":20,"comment_status":"closed","ping_status":"closed","template":"","meta":{"_seopress_robots_primary_cat":"","_seopress_titles_title":"","_seopress_titles_desc":"","_seopress_robots_index":"","footnotes":""},"class_list":["post-522006","page","type-page","status-publish","hentry","description-off"],"_links":{"self":[{"href":"https:\/\/laboklin.de\/de\/wp-json\/wp\/v2\/pages\/522006","targetHints":{"allow":["GET"]}}],"collection":[{"href":"https:\/\/laboklin.de\/de\/wp-json\/wp\/v2\/pages"}],"about":[{"href":"https:\/\/laboklin.de\/de\/wp-json\/wp\/v2\/types\/page"}],"author":[{"embeddable":true,"href":"https:\/\/laboklin.de\/de\/wp-json\/wp\/v2\/users\/1"}],"replies":[{"embeddable":true,"href":"https:\/\/laboklin.de\/de\/wp-json\/wp\/v2\/comments?post=522006"}],"version-history":[{"count":1,"href":"https:\/\/laboklin.de\/de\/wp-json\/wp\/v2\/pages\/522006\/revisions"}],"predecessor-version":[{"id":1503761,"href":"https:\/\/laboklin.de\/de\/wp-json\/wp\/v2\/pages\/522006\/revisions\/1503761"}],"up":[{"embeddable":true,"href":"https:\/\/laboklin.de\/de\/wp-json\/wp\/v2\/pages\/522000"}],"wp:attachment":[{"href":"https:\/\/laboklin.de\/de\/wp-json\/wp\/v2\/media?parent=522006"}],"curies":[{"name":"wp","href":"https:\/\/api.w.org\/{rel}","templated":true}]}}