{"id":522001,"date":"2020-10-16T11:36:26","date_gmt":"2020-10-16T09:36:26","guid":{"rendered":"https:\/\/laboklin.de\/de\/frettchen-atemwege-pcr"},"modified":"2025-01-27T11:53:42","modified_gmt":"2025-01-27T10:53:42","slug":"frettchen-atemwege-pcr","status":"publish","type":"page","link":"https:\/\/laboklin.de\/de\/leistungen\/profile\/profile-screenings-kleinsaeuger-voegel-reptilien-fische\/pcr-profile\/frettchen-atemwege-pcr\/","title":{"rendered":"Frettchen: Atemwege &#8211; PCR"},"content":{"rendered":"<h3 class=\"csc-firstHeader\">Frettchen: Atemwege - PCR<\/h3><p><span>LABOKLIN Leistungs-ID: 8559<\/span><\/p><table class=\"tx-laboklinleistung-table contenttable contenttable-2\" style=\"margin-top: 35px;\"><tr><td class=\"td-0\"><strong>Material<\/strong><\/td><td class=\"td-1\"><p class=\"bodytext\">Abstrich ohne Medium (Nase, Rachen, Augen), BAL, Gewebe<\/p><\/td><\/tr><tr><td class=\"td-0\"><strong>Parameter<\/strong><\/td><td class=\"td-1\"><p class=\"bodytext\">Staupevirus, Influenza-A-Virus, Mycoplasma spp.<\/p><\/td><\/tr><tr><td class=\"td-0\"><strong>Dauer<\/strong><\/td><td class=\"td-1\"><p class=\"bodytext\">1 - 3 Tage<\/p><\/td><\/tr><tr><td class=\"td-0\"><strong>Anmerkung<\/strong><\/td><td class=\"td-1\"><p class=\"bodytext\"><ul><li>Die in diesem PCR-Profil enthaltenen Erreger werden am h\u00e4ufigsten mit Atemwegserkrankungen assoziiert. <\/li> <li>Abh\u00e4ngig von der klinischen Symptomatik wird differentialdiagnostisch und\/oder zur Abkl\u00e4rung sekund\u00e4rer Infektionen die Durchf\u00fchrung einer bakteriologischen bzw. mykologischen Untersuchung empfohlen. Daf\u00fcr wird ein zus\u00e4tzlicher Abstrich (idealerweise mit Transportmedium) ben\u00f6tigt.<\/li><\/ul><\/p><\/td><\/tr><\/table>\n","protected":false},"excerpt":{"rendered":"<p>Frettchen: Atemwege &#8211; PCRLABOKLIN Leistungs-ID: 8559MaterialAbstrich ohne Medium (Nase, Rachen, Augen), BAL, GewebeParameterStaupevirus, Influenza-A-Virus, Mycoplasma spp.Dauer1 &#8211; 3 TageAnmerkungDie in diesem PCR-Profil enthaltenen Erreger werden am h\u00e4ufigsten mit Atemwegserkrankungen assoziiert. Abh\u00e4ngig von der klinischen Symptomatik wird differentialdiagnostisch und\/oder zur Abkl\u00e4rung sekund\u00e4rer Infektionen die Durchf\u00fchrung einer bakteriologischen bzw. mykologischen Untersuchung empfohlen. Daf\u00fcr wird ein zus\u00e4tzlicher Abstrich&hellip;<\/p>\n","protected":false},"author":1,"featured_media":0,"parent":522000,"menu_order":10,"comment_status":"closed","ping_status":"closed","template":"","meta":{"_seopress_robots_primary_cat":"","_seopress_titles_title":"","_seopress_titles_desc":"","_seopress_robots_index":"","footnotes":""},"class_list":["post-522001","page","type-page","status-publish","hentry","description-off"],"_links":{"self":[{"href":"https:\/\/laboklin.de\/de\/wp-json\/wp\/v2\/pages\/522001","targetHints":{"allow":["GET"]}}],"collection":[{"href":"https:\/\/laboklin.de\/de\/wp-json\/wp\/v2\/pages"}],"about":[{"href":"https:\/\/laboklin.de\/de\/wp-json\/wp\/v2\/types\/page"}],"author":[{"embeddable":true,"href":"https:\/\/laboklin.de\/de\/wp-json\/wp\/v2\/users\/1"}],"replies":[{"embeddable":true,"href":"https:\/\/laboklin.de\/de\/wp-json\/wp\/v2\/comments?post=522001"}],"version-history":[{"count":1,"href":"https:\/\/laboklin.de\/de\/wp-json\/wp\/v2\/pages\/522001\/revisions"}],"predecessor-version":[{"id":1503735,"href":"https:\/\/laboklin.de\/de\/wp-json\/wp\/v2\/pages\/522001\/revisions\/1503735"}],"up":[{"embeddable":true,"href":"https:\/\/laboklin.de\/de\/wp-json\/wp\/v2\/pages\/522000"}],"wp:attachment":[{"href":"https:\/\/laboklin.de\/de\/wp-json\/wp\/v2\/media?parent=522001"}],"curies":[{"name":"wp","href":"https:\/\/api.w.org\/{rel}","templated":true}]}}