{"id":516011,"date":"2020-10-16T11:36:26","date_gmt":"2020-10-16T09:36:26","guid":{"rendered":"https:\/\/laboklin.de\/de\/parasitenprofil-katze"},"modified":"2025-01-27T11:39:12","modified_gmt":"2025-01-27T10:39:12","slug":"parasitenprofil-katze","status":"publish","type":"page","link":"https:\/\/laboklin.de\/de\/leistungen\/profile\/profile-screenings-kleintiere\/kotprofile-kleintiere\/parasitenprofil-katze\/","title":{"rendered":"Parasitenprofil Katze"},"content":{"rendered":"<h3 class=\"csc-firstHeader\">Parasitenprofil gro\u00df (Katze)<\/h3><p><span>LABOKLIN Leistungs-ID: 1162<\/span><\/p><table class=\"tx-laboklinleistung-table contenttable contenttable-2\" style=\"margin-top: 35px;\"><tr><td class=\"td-0\"><strong>Material<\/strong><\/td><td class=\"td-1\"><p class=\"bodytext\">Faeces<\/p><\/td><\/tr><tr><td class=\"td-0\"><strong>Parameter<\/strong><\/td><td class=\"td-1\"><p class=\"bodytext\">Endoparasiten, Giardien-sp-Antigen-EIA, Tritrichomonas foetus<\/p><\/td><\/tr><tr><td class=\"td-0\"><strong>Methode<\/strong><\/td><td class=\"td-1\"><p class=\"bodytext\"><ul><li>Endoparasiten: mikroskopisch nach Anreicherung mittels Flotation<\/li> <li>Giardien-Antigen: EIA <\/li> <li>Tritrichomonas foetus: realtime PCR<\/li><\/ul><\/p><\/td><\/tr><tr><td class=\"td-0\"><strong>Dauer<\/strong><\/td><td class=\"td-1\"><p class=\"bodytext\">1 - 3 Tage<\/p><\/td><\/tr><tr><td class=\"td-0\"><strong>Anmerkung<\/strong><\/td><td class=\"td-1\"><p class=\"bodytext\">Dieses Profil kann ausschlie\u00dflich f\u00fcr die Tierart Katze bestellt werden. F\u00fcr andere Tierarten sind die Parameter einzeln bestellbar.<\/p><\/td><\/tr><\/table>\n","protected":false},"excerpt":{"rendered":"<p>Parasitenprofil gro\u00df (Katze)LABOKLIN Leistungs-ID: 1162MaterialFaecesParameterEndoparasiten, Giardien-sp-Antigen-EIA, Tritrichomonas foetusMethodeEndoparasiten: mikroskopisch nach Anreicherung mittels Flotation Giardien-Antigen: EIA Tritrichomonas foetus: realtime PCRDauer1 &#8211; 3 TageAnmerkungDieses Profil kann ausschlie\u00dflich f\u00fcr die Tierart Katze bestellt werden. F\u00fcr andere Tierarten sind die Parameter einzeln bestellbar.<\/p>\n","protected":false},"author":1,"featured_media":0,"parent":516000,"menu_order":1,"comment_status":"closed","ping_status":"closed","template":"","meta":{"_seopress_robots_primary_cat":"","_seopress_titles_title":"","_seopress_titles_desc":"","_seopress_robots_index":"","footnotes":""},"class_list":["post-516011","page","type-page","status-publish","hentry","description-off"],"_links":{"self":[{"href":"https:\/\/laboklin.de\/de\/wp-json\/wp\/v2\/pages\/516011","targetHints":{"allow":["GET"]}}],"collection":[{"href":"https:\/\/laboklin.de\/de\/wp-json\/wp\/v2\/pages"}],"about":[{"href":"https:\/\/laboklin.de\/de\/wp-json\/wp\/v2\/types\/page"}],"author":[{"embeddable":true,"href":"https:\/\/laboklin.de\/de\/wp-json\/wp\/v2\/users\/1"}],"replies":[{"embeddable":true,"href":"https:\/\/laboklin.de\/de\/wp-json\/wp\/v2\/comments?post=516011"}],"version-history":[{"count":1,"href":"https:\/\/laboklin.de\/de\/wp-json\/wp\/v2\/pages\/516011\/revisions"}],"predecessor-version":[{"id":1503692,"href":"https:\/\/laboklin.de\/de\/wp-json\/wp\/v2\/pages\/516011\/revisions\/1503692"}],"up":[{"embeddable":true,"href":"https:\/\/laboklin.de\/de\/wp-json\/wp\/v2\/pages\/516000"}],"wp:attachment":[{"href":"https:\/\/laboklin.de\/de\/wp-json\/wp\/v2\/media?parent=516011"}],"curies":[{"name":"wp","href":"https:\/\/api.w.org\/{rel}","templated":true}]}}