{"id":516003,"date":"2020-10-16T11:36:26","date_gmt":"2020-10-16T09:36:26","guid":{"rendered":"https:\/\/laboklin.de\/de\/dysbiose-analyse"},"modified":"2025-01-27T10:43:53","modified_gmt":"2025-01-27T09:43:53","slug":"dysbioseanalyse","status":"publish","type":"page","link":"https:\/\/laboklin.de\/de\/leistungen\/profile\/profile-screenings-kleintiere\/kotprofile-kleintiere\/dysbioseanalyse\/","title":{"rendered":"Dysbioseanalyse"},"content":{"rendered":"<h3 class=\"csc-firstHeader\">Dysbioseanalyse<\/h3><p><span>LABOKLIN Leistungs-ID: 1291<\/span><\/p><p class=\"bodytext\">Indikationen zur Untersuchung des Mikrobioms:<br> <ul><li>chronische Diarrh\u00f6e, Flatulenzen, Obstipation<\/li> <li>exokrine Pankreasinsuffizienz, Mangelerscheinungen <\/li><li>St\u00f6rungen des Immunsystems (Abwehrschw\u00e4che, Futtermittelallergien, atopische Dermatitiden) <\/li><li>entz\u00fcndliche Darmerkrankungen (auch zur Therapiekontrolle) <\/li><li>Leaky gut<\/li><li>Leistungsverluste<\/li><li>Abkl\u00e4rung von Mikroflorast\u00f6rungen nach Antibiotikatherapie<\/li><\/ul><\/p><table class=\"tx-laboklinleistung-table contenttable contenttable-2\" style=\"margin-top: 35px;\"><tr><td class=\"td-0\"><strong>Material<\/strong><\/td><td class=\"td-1\"><p class=\"bodytext\">Faeces<\/p><\/td><\/tr><tr><td class=\"td-0\"><strong>Parameter<\/strong><\/td><td class=\"td-1\"><p class=\"bodytext\">Markerkeime Darm-Mikrobiom quantitativ (inkl. Anerobier)<\/p><\/td><\/tr><tr><td class=\"td-0\"><strong>Methode<\/strong><\/td><td class=\"td-1\"><p class=\"bodytext\">PCR (quantitativ)<\/p><\/td><\/tr><tr><td class=\"td-0\"><strong>Tierart(en)<\/strong><\/td><td class=\"td-1\"><p class=\"bodytext\">Hund, Katze, Pferd<\/p><\/td><\/tr><tr><td class=\"td-0\"><strong>Dauer<\/strong><\/td><td class=\"td-1\"><p class=\"bodytext\">4 - 7 Tage<\/p><\/td><\/tr><tr><td class=\"td-0\"><strong>Anmerkung<\/strong><\/td><td class=\"td-1\"><p class=\"bodytext\"><ul><li>Die Untersuchung ist auch w\u00e4hrend einer Therapie mit Syn- oder Probiotika m\u00f6glich!<\/li> <li>Die Mikrobiomanalyse ist bei Hund und Katze auch Bestandteil des <strong>Dysbioseprofils<\/strong> (siehe Profile\/Screenings \u2013 Kleintiere \/ Kotprofile). !<\/li> <li><strong>Pferd<\/strong>: Die Dysbioseanalyse ist f\u00fcrs Pferd \u00fcber die Leistungsnummer 1292 anzufordern.<\/li><\/ul><\/p><\/td><\/tr><\/table>\n","protected":false},"excerpt":{"rendered":"<p>DysbioseanalyseLABOKLIN Leistungs-ID: 1291Indikationen zur Untersuchung des Mikrobioms: chronische Diarrh\u00f6e, Flatulenzen, Obstipation exokrine Pankreasinsuffizienz, Mangelerscheinungen St\u00f6rungen des Immunsystems (Abwehrschw\u00e4che, Futtermittelallergien, atopische Dermatitiden) entz\u00fcndliche Darmerkrankungen (auch zur Therapiekontrolle) Leaky gutLeistungsverlusteAbkl\u00e4rung von Mikroflorast\u00f6rungen nach AntibiotikatherapieMaterialFaecesParameterMarkerkeime Darm-Mikrobiom quantitativ (inkl. Anerobier)MethodePCR (quantitativ)Tierart(en)Hund, Katze, PferdDauer4 &#8211; 7 TageAnmerkungDie Untersuchung ist auch w\u00e4hrend einer Therapie mit Syn- oder Probiotika m\u00f6glich! Die Mikrobiomanalyse&hellip;<\/p>\n","protected":false},"author":1,"featured_media":0,"parent":516000,"menu_order":5,"comment_status":"closed","ping_status":"closed","template":"","meta":{"_seopress_robots_primary_cat":"","_seopress_titles_title":"","_seopress_titles_desc":"","_seopress_robots_index":"","footnotes":""},"class_list":["post-516003","page","type-page","status-publish","hentry","description-off"],"_links":{"self":[{"href":"https:\/\/laboklin.de\/de\/wp-json\/wp\/v2\/pages\/516003","targetHints":{"allow":["GET"]}}],"collection":[{"href":"https:\/\/laboklin.de\/de\/wp-json\/wp\/v2\/pages"}],"about":[{"href":"https:\/\/laboklin.de\/de\/wp-json\/wp\/v2\/types\/page"}],"author":[{"embeddable":true,"href":"https:\/\/laboklin.de\/de\/wp-json\/wp\/v2\/users\/1"}],"replies":[{"embeddable":true,"href":"https:\/\/laboklin.de\/de\/wp-json\/wp\/v2\/comments?post=516003"}],"version-history":[{"count":1,"href":"https:\/\/laboklin.de\/de\/wp-json\/wp\/v2\/pages\/516003\/revisions"}],"predecessor-version":[{"id":1456449,"href":"https:\/\/laboklin.de\/de\/wp-json\/wp\/v2\/pages\/516003\/revisions\/1456449"}],"up":[{"embeddable":true,"href":"https:\/\/laboklin.de\/de\/wp-json\/wp\/v2\/pages\/516000"}],"wp:attachment":[{"href":"https:\/\/laboklin.de\/de\/wp-json\/wp\/v2\/media?parent=516003"}],"curies":[{"name":"wp","href":"https:\/\/api.w.org\/{rel}","templated":true}]}}