{"id":513009,"date":"2020-10-16T11:36:26","date_gmt":"2020-10-16T09:36:26","guid":{"rendered":"https:\/\/laboklin.de\/de\/reise-hund-2"},"modified":"2025-01-27T10:11:11","modified_gmt":"2025-01-27T09:11:11","slug":"reise-hund-suedeuropa","status":"publish","type":"page","link":"https:\/\/laboklin.de\/de\/leistungen\/profile\/profile-screenings-kleintiere\/reiseprofile-thrombozyten-profile-zecken\/reise-hund-suedeuropa\/","title":{"rendered":"Reise Hund S\u00fcdeuropa"},"content":{"rendered":"<h3 class=\"csc-firstHeader\">Reise Hund S\u00fcdeuropa<\/h3><p><span>LABOKLIN Leistungs-ID: 2426<\/span><\/p><p class=\"bodytext\"><br><br>S\u00fcdspanien, Balearen, Kanaren, Portugal, S\u00fcdfrankreich, Griechenland, S\u00fcditalien, Kroatien, T\u00fcrkei, Albanien, S\u00fcdrum\u00e4nien, Bulgarien, Serbien, Bosnien    <\/p><table class=\"tx-laboklinleistung-table contenttable contenttable-2\" style=\"margin-top: 35px;\"><tr><td class=\"td-0\"><strong>Material<\/strong><\/td><td class=\"td-1\"><p class=\"bodytext\">Serum 1 ml + EDTA-Blut 1 ml<\/p><\/td><\/tr><tr><td class=\"td-0\"><strong>Parameter<\/strong><\/td><td class=\"td-1\"><p class=\"bodytext\"><strong>Antik\u00f6rper:<\/strong> Leishmanien, Ehrlichia canis, Babesien, Rickettsia sp. <br><strong>Antigen: <\/strong>Dirofilarien <br><strong>PCR:<\/strong> Hepatozoon, Mikrofilarien, Anaplasma platys<\/p><\/td><\/tr><tr><td class=\"td-0\"><strong>Dauer<\/strong><\/td><td class=\"td-1\"><p class=\"bodytext\">1 - 3 Tage<\/p><\/td><\/tr><\/table>\n","protected":false},"excerpt":{"rendered":"<p>Reise Hund S\u00fcdeuropaLABOKLIN Leistungs-ID: 2426S\u00fcdspanien, Balearen, Kanaren, Portugal, S\u00fcdfrankreich, Griechenland, S\u00fcditalien, Kroatien, T\u00fcrkei, Albanien, S\u00fcdrum\u00e4nien, Bulgarien, Serbien, Bosnien MaterialSerum 1 ml + EDTA-Blut 1 mlParameterAntik\u00f6rper: Leishmanien, Ehrlichia canis, Babesien, Rickettsia sp. Antigen: Dirofilarien PCR: Hepatozoon, Mikrofilarien, Anaplasma platysDauer1 &#8211; 3 Tage<\/p>\n","protected":false},"author":1,"featured_media":0,"parent":513000,"menu_order":11,"comment_status":"closed","ping_status":"closed","template":"","meta":{"_seopress_robots_primary_cat":"","_seopress_titles_title":"","_seopress_titles_desc":"","_seopress_robots_index":"","footnotes":""},"class_list":["post-513009","page","type-page","status-publish","hentry","description-off"],"_links":{"self":[{"href":"https:\/\/laboklin.de\/de\/wp-json\/wp\/v2\/pages\/513009","targetHints":{"allow":["GET"]}}],"collection":[{"href":"https:\/\/laboklin.de\/de\/wp-json\/wp\/v2\/pages"}],"about":[{"href":"https:\/\/laboklin.de\/de\/wp-json\/wp\/v2\/types\/page"}],"author":[{"embeddable":true,"href":"https:\/\/laboklin.de\/de\/wp-json\/wp\/v2\/users\/1"}],"replies":[{"embeddable":true,"href":"https:\/\/laboklin.de\/de\/wp-json\/wp\/v2\/comments?post=513009"}],"version-history":[{"count":1,"href":"https:\/\/laboklin.de\/de\/wp-json\/wp\/v2\/pages\/513009\/revisions"}],"predecessor-version":[{"id":1316892,"href":"https:\/\/laboklin.de\/de\/wp-json\/wp\/v2\/pages\/513009\/revisions\/1316892"}],"up":[{"embeddable":true,"href":"https:\/\/laboklin.de\/de\/wp-json\/wp\/v2\/pages\/513000"}],"wp:attachment":[{"href":"https:\/\/laboklin.de\/de\/wp-json\/wp\/v2\/media?parent=513009"}],"curies":[{"name":"wp","href":"https:\/\/api.w.org\/{rel}","templated":true}]}}