{"id":511055,"date":"2020-10-16T11:36:26","date_gmt":"2020-10-16T09:36:26","guid":{"rendered":"https:\/\/laboklin.de\/de\/vorsorgeprofil-schilddruese-ii-hd"},"modified":"2025-10-27T09:14:09","modified_gmt":"2025-10-27T08:14:09","slug":"vorsorgeprofil-schilddruese-t4","status":"publish","type":"page","link":"https:\/\/laboklin.de\/de\/leistungen\/profile\/profile-screenings-kleintiere\/klinisch-chemische-profile-screenings-kleintiere\/vorsorgeprofil-schilddruese-t4\/","title":{"rendered":"Vorsorgeprofil Schilddr\u00fcse T4"},"content":{"rendered":"<h3 class=\"csc-firstHeader\">Vorsorgeprofil Schilddr\u00fcse T4<\/h3><p><span>LABOKLIN Leistungs-ID: 2132<\/span><\/p><table class=\"tx-laboklinleistung-table contenttable contenttable-2\" style=\"margin-top: 35px;\"><tr><td class=\"td-0\"><strong>Material<\/strong><\/td><td class=\"td-1\"><p class=\"bodytext\">Serum 1 ml<\/p><\/td><\/tr><tr><td class=\"td-0\"><strong>Parameter<\/strong><\/td><td class=\"td-1\"><p class=\"bodytext\">T4, TSH, Thyreoglobulin-Antik\u00f6rper<\/p><\/td><\/tr><tr><td class=\"td-0\"><strong>Tierart(en)<\/strong><\/td><td class=\"td-1\"><p class=\"bodytext\">Hund<\/p><\/td><\/tr><tr><td class=\"td-0\"><strong>Dauer<\/strong><\/td><td class=\"td-1\"><p class=\"bodytext\">1 - 2 Tage<\/p><\/td><\/tr><\/table>\n","protected":false},"excerpt":{"rendered":"<p>Vorsorgeprofil Schilddr\u00fcse T4 f\u00fcr Hunde: Analyse von T4, TSH &#038; Antik\u00f6rpern aus 1 ml Serum. Ergebnis in 1\u20132 Tagen bei LABOKLIN.<\/p>\n","protected":false},"author":1,"featured_media":0,"parent":511000,"menu_order":2,"comment_status":"closed","ping_status":"closed","template":"","meta":{"_seopress_robots_primary_cat":"","_seopress_titles_title":"","_seopress_titles_desc":"Vorsorgeprofil Schilddr\u00fcse T4 f\u00fcr Hunde: Analyse von T4, TSH & Antik\u00f6rpern aus 1 ml Serum. Ergebnis in 1\u20132 Tagen bei LABOKLIN.","_seopress_robots_index":"","footnotes":""},"class_list":["post-511055","page","type-page","status-publish","hentry","description-off"],"_links":{"self":[{"href":"https:\/\/laboklin.de\/de\/wp-json\/wp\/v2\/pages\/511055","targetHints":{"allow":["GET"]}}],"collection":[{"href":"https:\/\/laboklin.de\/de\/wp-json\/wp\/v2\/pages"}],"about":[{"href":"https:\/\/laboklin.de\/de\/wp-json\/wp\/v2\/types\/page"}],"author":[{"embeddable":true,"href":"https:\/\/laboklin.de\/de\/wp-json\/wp\/v2\/users\/1"}],"replies":[{"embeddable":true,"href":"https:\/\/laboklin.de\/de\/wp-json\/wp\/v2\/comments?post=511055"}],"version-history":[{"count":5,"href":"https:\/\/laboklin.de\/de\/wp-json\/wp\/v2\/pages\/511055\/revisions"}],"predecessor-version":[{"id":1570477,"href":"https:\/\/laboklin.de\/de\/wp-json\/wp\/v2\/pages\/511055\/revisions\/1570477"}],"up":[{"embeddable":true,"href":"https:\/\/laboklin.de\/de\/wp-json\/wp\/v2\/pages\/511000"}],"wp:attachment":[{"href":"https:\/\/laboklin.de\/de\/wp-json\/wp\/v2\/media?parent=511055"}],"curies":[{"name":"wp","href":"https:\/\/api.w.org\/{rel}","templated":true}]}}