{"id":511002,"date":"2020-10-16T11:36:26","date_gmt":"2020-10-16T09:36:26","guid":{"rendered":"https:\/\/laboklin.de\/de\/anaemie-screening-katze"},"modified":"2025-01-24T13:38:45","modified_gmt":"2025-01-24T12:38:45","slug":"anaemie-screening-katze","status":"publish","type":"page","link":"https:\/\/laboklin.de\/de\/leistungen\/profile\/profile-screenings-kleintiere\/klinisch-chemische-profile-screenings-kleintiere\/anaemie-screening-katze\/","title":{"rendered":"An\u00e4mie-Screening (Katze)"},"content":{"rendered":"<h3 class=\"csc-firstHeader\">An\u00e4mie-Screening (Katze)<\/h3><p><span>LABOKLIN Leistungs-ID: 8033<\/span><\/p><table class=\"tx-laboklinleistung-table contenttable contenttable-2\" style=\"margin-top: 35px;\"><tr><td class=\"td-0\"><strong>Material<\/strong><\/td><td class=\"td-1\"><p class=\"bodytext\">Serum 1 ml + EDTA-Blut 1 ml + Blutausstrich<\/p><\/td><\/tr><tr><td class=\"td-0\"><strong>Parameter<\/strong><\/td><td class=\"td-1\"><p class=\"bodytext\">gro\u00dfes Blutbild, Eisen, Protein, Albumin, Globuline, Albumin-Globulin-Quotient, Bilirubin gesamt, Coombs-Test <br>+ PCR: h\u00e4motrope Mykoplasmen (inkl. Spezies-Diff.)<\/p><\/td><\/tr><\/table>\n","protected":false},"excerpt":{"rendered":"<p>An\u00e4mie-Screening (Katze)LABOKLIN Leistungs-ID: 8033MaterialSerum 1 ml + EDTA-Blut 1 ml + BlutausstrichParametergro\u00dfes Blutbild, Eisen, Protein, Albumin, Globuline, Albumin-Globulin-Quotient, Bilirubin gesamt, Coombs-Test + PCR: h\u00e4motrope Mykoplasmen (inkl. Spezies-Diff.)<\/p>\n","protected":false},"author":1,"featured_media":0,"parent":511000,"menu_order":50,"comment_status":"closed","ping_status":"closed","template":"","meta":{"_seopress_robots_primary_cat":"","_seopress_titles_title":"","_seopress_titles_desc":"","_seopress_robots_index":"","footnotes":""},"class_list":["post-511002","page","type-page","status-publish","hentry","description-off"],"_links":{"self":[{"href":"https:\/\/laboklin.de\/de\/wp-json\/wp\/v2\/pages\/511002","targetHints":{"allow":["GET"]}}],"collection":[{"href":"https:\/\/laboklin.de\/de\/wp-json\/wp\/v2\/pages"}],"about":[{"href":"https:\/\/laboklin.de\/de\/wp-json\/wp\/v2\/types\/page"}],"author":[{"embeddable":true,"href":"https:\/\/laboklin.de\/de\/wp-json\/wp\/v2\/users\/1"}],"replies":[{"embeddable":true,"href":"https:\/\/laboklin.de\/de\/wp-json\/wp\/v2\/comments?post=511002"}],"version-history":[{"count":1,"href":"https:\/\/laboklin.de\/de\/wp-json\/wp\/v2\/pages\/511002\/revisions"}],"predecessor-version":[{"id":1502914,"href":"https:\/\/laboklin.de\/de\/wp-json\/wp\/v2\/pages\/511002\/revisions\/1502914"}],"up":[{"embeddable":true,"href":"https:\/\/laboklin.de\/de\/wp-json\/wp\/v2\/pages\/511000"}],"wp:attachment":[{"href":"https:\/\/laboklin.de\/de\/wp-json\/wp\/v2\/media?parent=511002"}],"curies":[{"name":"wp","href":"https:\/\/api.w.org\/{rel}","templated":true}]}}