{"id":511000,"date":"2020-10-16T11:36:26","date_gmt":"2020-10-16T09:36:26","guid":{"rendered":"https:\/\/laboklin.de\/de\/klinisch-chemische-profile"},"modified":"2023-01-23T08:32:12","modified_gmt":"2023-01-23T07:32:12","slug":"klinisch-chemische-profile-screenings-kleintiere","status":"publish","type":"page","link":"https:\/\/laboklin.de\/de\/leistungen\/profile\/profile-screenings-kleintiere\/klinisch-chemische-profile-screenings-kleintiere\/","title":{"rendered":"Klinisch-chemische Profile\/Screenings &#8211; Kleintiere"},"content":{"rendered":"<h3>Leistungsspektrum<\/h3><div class=\"vc_tta-panels-container\"><div class=\"vc_tta-panels\"><li class=\"menu-item sub-page\"><a href=\"https:\/\/laboklin.de\/de\/leistungen\/profile\/profile-screenings-kleintiere\/klinisch-chemische-profile-screenings-kleintiere\/addisonprofil\/\">Addisonprofil<\/a><\/li><li class=\"menu-item sub-page\"><a href=\"https:\/\/laboklin.de\/de\/leistungen\/profile\/profile-screenings-kleintiere\/klinisch-chemische-profile-screenings-kleintiere\/anaemie-screening-hund\/\">An\u00e4mie-Screening (Hund)<\/a><\/li><li class=\"menu-item sub-page\"><a href=\"https:\/\/laboklin.de\/de\/leistungen\/profile\/profile-screenings-kleintiere\/klinisch-chemische-profile-screenings-kleintiere\/anaemie-screening-katze\/\">An\u00e4mie-Screening (Katze)<\/a><\/li><li class=\"menu-item sub-page\"><a href=\"https:\/\/laboklin.de\/de\/leistungen\/profile\/profile-screenings-kleintiere\/klinisch-chemische-profile-screenings-kleintiere\/anaemie-screening-basis\/\">An\u00e4mie-Screening Basis<\/a><\/li><li class=\"menu-item sub-page\"><a href=\"https:\/\/laboklin.de\/de\/leistungen\/profile\/profile-screenings-kleintiere\/klinisch-chemische-profile-screenings-kleintiere\/barf-profil\/\">BARF-Profil<\/a><\/li><li class=\"menu-item sub-page\"><a href=\"https:\/\/laboklin.de\/de\/leistungen\/profile\/profile-screenings-kleintiere\/klinisch-chemische-profile-screenings-kleintiere\/diabetes-monitoring\/\">Diabetes-Monitoring<\/a><\/li><li class=\"menu-item sub-page\"><a href=\"https:\/\/laboklin.de\/de\/leistungen\/profile\/profile-screenings-kleintiere\/klinisch-chemische-profile-screenings-kleintiere\/dic-profil\/\">DIC-Profil<\/a><\/li><li class=\"menu-item sub-page\"><a href=\"https:\/\/laboklin.de\/de\/leistungen\/profile\/profile-screenings-kleintiere\/klinisch-chemische-profile-screenings-kleintiere\/eisenstoffwechsel-profil\/\">Eisenstoffwechsel-Profil<\/a><\/li><li class=\"menu-item sub-page\"><a href=\"https:\/\/laboklin.de\/de\/leistungen\/profile\/profile-screenings-kleintiere\/klinisch-chemische-profile-screenings-kleintiere\/epilepsie-screening\/\">Epilepsie-Screening<\/a><\/li><li class=\"menu-item sub-page\"><a href=\"https:\/\/laboklin.de\/de\/leistungen\/profile\/profile-screenings-kleintiere\/klinisch-chemische-profile-screenings-kleintiere\/fip-monitoring-katze\/\">FIP-Monitoring<\/a><\/li><li class=\"menu-item sub-page\"><a href=\"https:\/\/laboklin.de\/de\/leistungen\/profile\/profile-screenings-kleintiere\/klinisch-chemische-profile-screenings-kleintiere\/fip-monitoring-agp\/\">FIP-Monitoring + AGP<\/a><\/li><li class=\"menu-item sub-page\"><a href=\"https:\/\/laboklin.de\/de\/leistungen\/profile\/profile-screenings-kleintiere\/klinisch-chemische-profile-screenings-kleintiere\/fip-screening\/\">FIP-Screening<\/a><\/li><li class=\"menu-item sub-page\"><a href=\"https:\/\/laboklin.de\/de\/leistungen\/profile\/profile-screenings-kleintiere\/klinisch-chemische-profile-screenings-kleintiere\/fiv-monitoring-katze\/\">FIV-Monitoring (Katze)<\/a><\/li><li class=\"menu-item sub-page\"><a href=\"https:\/\/laboklin.de\/de\/leistungen\/profile\/profile-screenings-kleintiere\/klinisch-chemische-profile-screenings-kleintiere\/ft4-tsh-hund-katze\/\">fT4 + TSH (Hund, Katze)<\/a><\/li><li class=\"menu-item sub-page\"><a href=\"https:\/\/laboklin.de\/de\/leistungen\/profile\/profile-screenings-kleintiere\/klinisch-chemische-profile-screenings-kleintiere\/geriatrie-profil-sdma\/\">Geriatrie-Profil + SDMA<\/a><\/li><li class=\"menu-item sub-page\"><a href=\"https:\/\/laboklin.de\/de\/leistungen\/profile\/profile-screenings-kleintiere\/klinisch-chemische-profile-screenings-kleintiere\/geriatrie-profil-u-p-c\/\">Geriatrie-Profil + U-P\/C<\/a><\/li><li class=\"menu-item sub-page\"><a href=\"https:\/\/laboklin.de\/de\/leistungen\/profile\/profile-screenings-kleintiere\/klinisch-chemische-profile-screenings-kleintiere\/gerinnung\/\">Gerinnung <\/a><\/li><li class=\"menu-item sub-page\"><a href=\"https:\/\/laboklin.de\/de\/leistungen\/profile\/profile-screenings-kleintiere\/klinisch-chemische-profile-screenings-kleintiere\/herz-screening\/\">Herz-Screening <\/a><\/li><li class=\"menu-item sub-page\"><a href=\"https:\/\/laboklin.de\/de\/leistungen\/profile\/profile-screenings-kleintiere\/klinisch-chemische-profile-screenings-kleintiere\/hypercalcaemieprofil\/\">Hypercalc\u00e4mieprofil <\/a><\/li><li class=\"menu-item sub-page\"><a href=\"https:\/\/laboklin.de\/de\/leistungen\/profile\/profile-screenings-kleintiere\/klinisch-chemische-profile-screenings-kleintiere\/hypercalcaemieprofil-calcium-ionisiert\/\">Hypercalc\u00e4mieprofil + Calcium ionisiert<\/a><\/li><li class=\"menu-item sub-page\"><a href=\"https:\/\/laboklin.de\/de\/leistungen\/profile\/profile-screenings-kleintiere\/klinisch-chemische-profile-screenings-kleintiere\/hypertension-niere-raas\/\">Hypertension\/Niere (RAAS)<\/a><\/li><li class=\"menu-item sub-page\"><a href=\"https:\/\/laboklin.de\/de\/leistungen\/profile\/profile-screenings-kleintiere\/klinisch-chemische-profile-screenings-kleintiere\/hypothyreose-nti-profil\/\">Hypothyreose\/NTI-Profil (Hund, Katze)<\/a><\/li><li class=\"menu-item sub-page\"><a href=\"https:\/\/laboklin.de\/de\/leistungen\/profile\/profile-screenings-kleintiere\/klinisch-chemische-profile-screenings-kleintiere\/intestinalprofil\/\">Intestinalprofil<\/a><\/li><li class=\"menu-item sub-page\"><a href=\"https:\/\/laboklin.de\/de\/leistungen\/profile\/profile-screenings-kleintiere\/klinisch-chemische-profile-screenings-kleintiere\/jod-kreatinin-quotient\/\">Jod-Kreatinin-Quotient (aus Urin)<\/a><\/li><li class=\"menu-item sub-page\"><a href=\"https:\/\/laboklin.de\/de\/leistungen\/profile\/profile-screenings-kleintiere\/klinisch-chemische-profile-screenings-kleintiere\/jungtierprofil\/\">Jungtierprofil<\/a><\/li><li class=\"menu-item sub-page\"><a href=\"https:\/\/laboklin.de\/de\/leistungen\/profile\/profile-screenings-kleintiere\/klinisch-chemische-profile-screenings-kleintiere\/katzenprofil-gross\/\">Katzenprofil gro\u00df<\/a><\/li><li class=\"menu-item sub-page\"><a href=\"https:\/\/laboklin.de\/de\/leistungen\/profile\/profile-screenings-kleintiere\/klinisch-chemische-profile-screenings-kleintiere\/katzenprofil-klein\/\">Katzenprofil klein<\/a><\/li><li class=\"menu-item sub-page\"><a href=\"https:\/\/laboklin.de\/de\/leistungen\/profile\/profile-screenings-kleintiere\/klinisch-chemische-profile-screenings-kleintiere\/leber-1\/\">Leber 1 <\/a><\/li><li class=\"menu-item sub-page\"><a href=\"https:\/\/laboklin.de\/de\/leistungen\/profile\/profile-screenings-kleintiere\/klinisch-chemische-profile-screenings-kleintiere\/leber-2\/\">Leber 2<\/a><\/li><li class=\"menu-item sub-page\"><a href=\"https:\/\/laboklin.de\/de\/leistungen\/profile\/profile-screenings-kleintiere\/klinisch-chemische-profile-screenings-kleintiere\/leishmanien-profil-gross\/\">Leishmanien-Monitoring<\/a><\/li><li class=\"menu-item sub-page\"><a href=\"https:\/\/laboklin.de\/de\/leistungen\/profile\/profile-screenings-kleintiere\/klinisch-chemische-profile-screenings-kleintiere\/leishmanien-profil-klein\/\">Leishmanien-Profil klein<\/a><\/li><li class=\"menu-item sub-page\"><a href=\"https:\/\/laboklin.de\/de\/leistungen\/profile\/profile-screenings-kleintiere\/klinisch-chemische-profile-screenings-kleintiere\/leukaemie-lymphom-profil\/\">Leuk\u00e4mie-\/Lymphom-Profil<\/a><\/li><li class=\"menu-item sub-page\"><a href=\"https:\/\/laboklin.de\/de\/leistungen\/profile\/profile-screenings-kleintiere\/klinisch-chemische-profile-screenings-kleintiere\/liquorprofil-klein-hund\/\">Liquorprofil klein (Hund)<\/a><\/li><li class=\"menu-item sub-page\"><a href=\"https:\/\/laboklin.de\/de\/leistungen\/profile\/profile-screenings-kleintiere\/klinisch-chemische-profile-screenings-kleintiere\/muskel-screening\/\">Muskel-Screening<\/a><\/li><li class=\"menu-item sub-page\"><a href=\"https:\/\/laboklin.de\/de\/leistungen\/profile\/profile-screenings-kleintiere\/klinisch-chemische-profile-screenings-kleintiere\/muskel-screening-erweitert\/\">Muskel-Screening erweitert <\/a><\/li><li class=\"menu-item sub-page\"><a href=\"https:\/\/laboklin.de\/de\/leistungen\/profile\/profile-screenings-kleintiere\/klinisch-chemische-profile-screenings-kleintiere\/nebennierenrinden-nnr-profil-hund-frettchen\/\">Nebennierenrinden- (NNR-) Profil (Hund, Frettchen)<\/a><\/li><li class=\"menu-item sub-page\"><a href=\"https:\/\/laboklin.de\/de\/leistungen\/profile\/profile-screenings-kleintiere\/klinisch-chemische-profile-screenings-kleintiere\/niere-1\/\">Niere 1<\/a><\/li><li class=\"menu-item sub-page\"><a href=\"https:\/\/laboklin.de\/de\/leistungen\/profile\/profile-screenings-kleintiere\/klinisch-chemische-profile-screenings-kleintiere\/niere-2\/\">Niere 2<\/a><\/li><li class=\"menu-item sub-page\"><a href=\"https:\/\/laboklin.de\/de\/leistungen\/profile\/profile-screenings-kleintiere\/klinisch-chemische-profile-screenings-kleintiere\/pankreasinsuffizienz-profil\/\">Pankreasinsuffizienz-Profil<\/a><\/li><li class=\"menu-item sub-page\"><a href=\"https:\/\/laboklin.de\/de\/leistungen\/profile\/profile-screenings-kleintiere\/klinisch-chemische-profile-screenings-kleintiere\/pankreatitis-profil\/\">Pankreatitis-Profil<\/a><\/li><li class=\"menu-item sub-page\"><a href=\"https:\/\/laboklin.de\/de\/leistungen\/profile\/profile-screenings-kleintiere\/klinisch-chemische-profile-screenings-kleintiere\/polydipsie-polyurie-screening\/\">Polydipsie-Polyurie-Screening<\/a><\/li><li class=\"menu-item sub-page\"><a href=\"https:\/\/laboklin.de\/de\/leistungen\/profile\/profile-screenings-kleintiere\/klinisch-chemische-profile-screenings-kleintiere\/prae-op-screening\/\">Pr\u00e4-OP-Screening<\/a><\/li><li class=\"menu-item sub-page\"><a href=\"https:\/\/laboklin.de\/de\/leistungen\/profile\/profile-screenings-kleintiere\/klinisch-chemische-profile-screenings-kleintiere\/rationsberechnung\/\">Rations\u00fcberpr\u00fcfung & Rationsberechnung<\/a><\/li><li class=\"menu-item sub-page\"><a href=\"https:\/\/laboklin.de\/de\/leistungen\/profile\/profile-screenings-kleintiere\/klinisch-chemische-profile-screenings-kleintiere\/schilddruese-massenspektrometrie\/\">Schilddr\u00fcse Massenspektrometrie <\/a><\/li><li class=\"menu-item sub-page\"><a href=\"https:\/\/laboklin.de\/de\/leistungen\/profile\/profile-screenings-kleintiere\/klinisch-chemische-profile-screenings-kleintiere\/schilddruesen-monitoring\/\">Schilddr\u00fcsen-Monitoring<\/a><\/li><li class=\"menu-item sub-page\"><a href=\"https:\/\/laboklin.de\/de\/leistungen\/profile\/profile-screenings-kleintiere\/klinisch-chemische-profile-screenings-kleintiere\/schilddruesenprofil\/\">Schilddr\u00fcsenprofil (Hund, Katze)<\/a><\/li><li class=\"menu-item sub-page\"><a href=\"https:\/\/laboklin.de\/de\/leistungen\/profile\/profile-screenings-kleintiere\/klinisch-chemische-profile-screenings-kleintiere\/schilddruesenprofil-hund\/\">Schilddr\u00fcsenprofil (Hund)<\/a><\/li><li class=\"menu-item sub-page\"><a href=\"https:\/\/laboklin.de\/de\/leistungen\/profile\/profile-screenings-kleintiere\/klinisch-chemische-profile-screenings-kleintiere\/schwermetall-screening\/\">Schwermetall-Screening<\/a><\/li><li class=\"menu-item sub-page\"><a href=\"https:\/\/laboklin.de\/de\/leistungen\/profile\/profile-screenings-kleintiere\/klinisch-chemische-profile-screenings-kleintiere\/screening-gross\/\">Screening gro\u00df<\/a><\/li><li class=\"menu-item sub-page\"><a href=\"https:\/\/laboklin.de\/de\/leistungen\/profile\/profile-screenings-kleintiere\/klinisch-chemische-profile-screenings-kleintiere\/screening-gross-crp-hund\/\">Screening gro\u00df + CRP (Hund)<\/a><\/li><li class=\"menu-item sub-page\"><a href=\"https:\/\/laboklin.de\/de\/leistungen\/profile\/profile-screenings-kleintiere\/klinisch-chemische-profile-screenings-kleintiere\/screening-gross-saa\/\">Screening gro\u00df + SAA<\/a><\/li><li class=\"menu-item sub-page\"><a href=\"https:\/\/laboklin.de\/de\/leistungen\/profile\/profile-screenings-kleintiere\/klinisch-chemische-profile-screenings-kleintiere\/screening-gross-t4\/\">Screening gro\u00df + T4 <\/a><\/li><li class=\"menu-item sub-page\"><a href=\"https:\/\/laboklin.de\/de\/leistungen\/profile\/profile-screenings-kleintiere\/klinisch-chemische-profile-screenings-kleintiere\/screening-klein\/\">Screening klein<\/a><\/li><li class=\"menu-item sub-page\"><a href=\"https:\/\/laboklin.de\/de\/leistungen\/profile\/profile-screenings-kleintiere\/klinisch-chemische-profile-screenings-kleintiere\/screening-klein-t4\/\">Screening klein + T4<\/a><\/li><li class=\"menu-item sub-page\"><a href=\"https:\/\/laboklin.de\/de\/leistungen\/profile\/profile-screenings-kleintiere\/klinisch-chemische-profile-screenings-kleintiere\/t4-tsh-hund-katze\/\">T4 + TSH (Hund, Katze)<\/a><\/li><li class=\"menu-item sub-page\"><a href=\"https:\/\/laboklin.de\/de\/leistungen\/profile\/profile-screenings-kleintiere\/klinisch-chemische-profile-screenings-kleintiere\/t4-tsh-reverses-t3\/\">T4 + TSH + rT3 (Hund, Katze)<\/a><\/li><li class=\"menu-item sub-page\"><a href=\"https:\/\/laboklin.de\/de\/leistungen\/profile\/profile-screenings-kleintiere\/klinisch-chemische-profile-screenings-kleintiere\/tli-b12-folsaeure\/\">TLI, B12, Fols\u00e4ure <\/a><\/li><li class=\"menu-item sub-page\"><a href=\"https:\/\/laboklin.de\/de\/leistungen\/profile\/profile-screenings-kleintiere\/klinisch-chemische-profile-screenings-kleintiere\/tumordiagnostik-gross\/\">Tumordiagnostik gro\u00df<\/a><\/li><li class=\"menu-item sub-page\"><a href=\"https:\/\/laboklin.de\/de\/leistungen\/profile\/profile-screenings-kleintiere\/klinisch-chemische-profile-screenings-kleintiere\/tumordiagnostik-klein\/\">Tumordiagnostik klein<\/a><\/li><li class=\"menu-item sub-page\"><a href=\"https:\/\/laboklin.de\/de\/leistungen\/profile\/profile-screenings-kleintiere\/klinisch-chemische-profile-screenings-kleintiere\/verhaltensprofil-1\/\">Verhaltensprofil 1 (Hund)<\/a><\/li><li class=\"menu-item sub-page\"><a href=\"https:\/\/laboklin.de\/de\/leistungen\/profile\/profile-screenings-kleintiere\/klinisch-chemische-profile-screenings-kleintiere\/verhaltensprofil-2\/\">Verhaltensprofil 2 (Hund)<\/a><\/li><li class=\"menu-item sub-page\"><a href=\"https:\/\/laboklin.de\/de\/leistungen\/profile\/profile-screenings-kleintiere\/klinisch-chemische-profile-screenings-kleintiere\/vitaminprofil-klein\/\">Vitaminprofil  klein<\/a><\/li><li class=\"menu-item sub-page\"><a href=\"https:\/\/laboklin.de\/de\/leistungen\/profile\/profile-screenings-kleintiere\/klinisch-chemische-profile-screenings-kleintiere\/vitaminprofil-gross\/\">Vitaminprofil gro\u00df<\/a><\/li><li class=\"menu-item sub-page\"><a href=\"https:\/\/laboklin.de\/de\/leistungen\/profile\/profile-screenings-kleintiere\/klinisch-chemische-profile-screenings-kleintiere\/vomitus-profil\/\">Vomitus-Profil<\/a><\/li><li class=\"menu-item sub-page\"><a href=\"https:\/\/laboklin.de\/de\/leistungen\/profile\/profile-screenings-kleintiere\/klinisch-chemische-profile-screenings-kleintiere\/vorsorgeprofil-schilddruese\/\">Vorsorgeprofil Schilddr\u00fcse<\/a><\/li><li class=\"menu-item sub-page\"><a href=\"https:\/\/laboklin.de\/de\/leistungen\/profile\/profile-screenings-kleintiere\/klinisch-chemische-profile-screenings-kleintiere\/vorsorgeprofil-schilddruese-ft4-hund\/\">Schilddr\u00fcse Vorsorgeprofil fT4 (Hund)<\/a><\/li><li class=\"menu-item sub-page\"><a href=\"https:\/\/laboklin.de\/de\/leistungen\/profile\/profile-screenings-kleintiere\/klinisch-chemische-profile-screenings-kleintiere\/vorsorgeprofil-schilddruese-t4\/\">Vorsorgeprofil Schilddr\u00fcse T4<\/a><\/li><\/div><\/div>\n","protected":false},"excerpt":{"rendered":"<p>LeistungsspektrumAddisonprofilAn\u00e4mie-Screening (Hund)An\u00e4mie-Screening (Katze)An\u00e4mie-Screening BasisBARF-ProfilDiabetes-MonitoringDIC-ProfilEisenstoffwechsel-ProfilEpilepsie-ScreeningFIP-MonitoringFIP-Monitoring + AGPFIP-ScreeningFIV-Monitoring (Katze)fT4 + TSH (Hund, Katze)Geriatrie-Profil + SDMAGeriatrie-Profil + U-P\/CGerinnung Herz-Screening Hypercalc\u00e4mieprofil Hypercalc\u00e4mieprofil + Calcium ionisiertHypertension\/Niere (RAAS)Hypothyreose\/NTI-Profil (Hund, Katze)IntestinalprofilJod-Kreatinin-Quotient (aus Urin)JungtierprofilKatzenprofil gro\u00dfKatzenprofil kleinLeber 1 Leber 2Leishmanien-MonitoringLeishmanien-Profil kleinLeuk\u00e4mie-\/Lymphom-ProfilLiquorprofil klein (Hund)Muskel-ScreeningMuskel-Screening erweitert Nebennierenrinden- (NNR-) Profil (Hund, Frettchen)Niere 1Niere 2Pankreasinsuffizienz-ProfilPankreatitis-ProfilPolydipsie-Polyurie-ScreeningPr\u00e4-OP-ScreeningRations\u00fcberpr\u00fcfung &#038; RationsberechnungSchilddr\u00fcse Massenspektrometrie Schilddr\u00fcsen-MonitoringSchilddr\u00fcsenprofil (Hund, Katze)Schilddr\u00fcsenprofil (Hund)Schwermetall-ScreeningScreening gro\u00dfScreening gro\u00df + CRP (Hund)Screening gro\u00df&hellip;<\/p>\n","protected":false},"author":1,"featured_media":0,"parent":510000,"menu_order":0,"comment_status":"closed","ping_status":"closed","template":"","meta":{"_seopress_robots_primary_cat":"","_seopress_titles_title":"","_seopress_titles_desc":"","_seopress_robots_index":"","footnotes":""},"class_list":["post-511000","page","type-page","status-publish","hentry","description-off"],"_links":{"self":[{"href":"https:\/\/laboklin.de\/de\/wp-json\/wp\/v2\/pages\/511000","targetHints":{"allow":["GET"]}}],"collection":[{"href":"https:\/\/laboklin.de\/de\/wp-json\/wp\/v2\/pages"}],"about":[{"href":"https:\/\/laboklin.de\/de\/wp-json\/wp\/v2\/types\/page"}],"author":[{"embeddable":true,"href":"https:\/\/laboklin.de\/de\/wp-json\/wp\/v2\/users\/1"}],"replies":[{"embeddable":true,"href":"https:\/\/laboklin.de\/de\/wp-json\/wp\/v2\/comments?post=511000"}],"version-history":[{"count":3,"href":"https:\/\/laboklin.de\/de\/wp-json\/wp\/v2\/pages\/511000\/revisions"}],"predecessor-version":[{"id":1320660,"href":"https:\/\/laboklin.de\/de\/wp-json\/wp\/v2\/pages\/511000\/revisions\/1320660"}],"up":[{"embeddable":true,"href":"https:\/\/laboklin.de\/de\/wp-json\/wp\/v2\/pages\/510000"}],"wp:attachment":[{"href":"https:\/\/laboklin.de\/de\/wp-json\/wp\/v2\/media?parent=511000"}],"curies":[{"name":"wp","href":"https:\/\/api.w.org\/{rel}","templated":true}]}}