{"id":4606,"date":"2020-07-06T16:30:20","date_gmt":"2020-07-06T14:30:20","guid":{"rendered":"https:\/\/laboklin.de\/de\/?page_id=4606"},"modified":"2025-04-28T10:57:57","modified_gmt":"2025-04-28T08:57:57","slug":"probenmaterial-versandmaterial","status":"publish","type":"page","link":"https:\/\/laboklin.de\/de\/fachinformationen\/praeanalytik\/probenmaterial-versandmaterial\/","title":{"rendered":"Probenmaterial\/ Versandmaterial"},"content":{"rendered":"<div class=\"wpb-content-wrapper\"><p>[vc_row type=&#8220;vc_default&#8220; content_placement=&#8220;top&#8220;][vc_column][vc_column_text css=&#8220;.vc_custom_1594046241383{margin-bottom: 20px !important;}&#8220;]F\u00fcr die Gewinnung und den Transport der Proben stehen<b>\u00a0folgende\u00a0Proben- und\u00a0Versandgef\u00e4\u00dfe<\/b>\u00a0zur Verf\u00fcgung:[\/vc_column_text][vc_row_inner][vc_column_inner width=&#8220;1\/2&#8243;][vc_column_text]<\/p>\n<h4>EDTA-R\u00f6hrchen <span class=\"shortcode-tooltip\">*<span class=\"tooltip-c\">F\u00fcr die Gewinnung kleiner Mengen von EDTA-Blut, EDTA-Plasma, Heparin-Blut,<br \/>\nHeparin-Plasma, Citrat-Blut, Citrat-Plasma und Serum z.B. von Kleins\u00e4ugern werden auf<br \/>\ngesonderte Anforderung kleine Probenr\u00f6hrchen (siehe jeweils das linke abgebildete<br \/>\nR\u00f6hrchen) zur Verf\u00fcgung gestellt. Bitte bestellen Sie bei Bedarf diese kleinen Blutr\u00f6hrchen<br \/>\nausschlie\u00dflich per E-Mail oder telefonisch.<\/span><\/span><\/h4>\n<p><strong>EB = EDTA-Blut:<\/strong> Es kann in diesem R\u00f6hrchen (+ <strong>Versandgef\u00e4\u00df VG-BH<\/strong>, s.u.) versendet werden.<br \/>\n<strong>EP = EDTA-Plasma:<\/strong> Das EDTA-Blut muss hierf\u00fcr zentrifugiert werden und der \u00dcberstand in ein neutrales R\u00f6hrchen (z.B. Eppendorf-Cup) \u00fcberf\u00fchrt und entsprechend als EP oder mit dem passenden Barcode gekennzeichnet werden.[\/vc_column_text][\/vc_column_inner][vc_column_inner width=&#8220;1\/2&#8243; css=&#8220;.vc_custom_1612517902553{margin-top: 1px !important;margin-right: 1px !important;margin-bottom: 1px !important;margin-left: 1px !important;}&#8220;][vc_single_image image=&#8220;4607&#8243; img_size=&#8220;200&#215;250&#8243; onclick=&#8220;link_image&#8220; css=&#8220;.vc_custom_1612517945152{margin: 1px !important;}&#8220;][\/vc_column_inner][\/vc_row_inner][vc_separator color=&#8220;custom&#8220; align=&#8220;align_left&#8220; el_width=&#8220;90&#8243; css=&#8220;.vc_custom_1612518696874{margin-bottom: 30px !important;}&#8220; accent_color=&#8220;#e51e1e&#8220;][vc_row_inner][vc_column_inner width=&#8220;1\/2&#8243;][vc_column_text]<\/p>\n<h4>Heparin-R\u00f6hrchen <span class=\"shortcode-tooltip\">*<span class=\"tooltip-c\">F\u00fcr die Gewinnung kleiner Mengen von EDTA-Blut, EDTA-Plasma, Heparin-Blut, Heparin-Plasma, Citrat-Blut, Citrat-Plasma und Serum z.B. von Kleins\u00e4ugern werden auf gesonderte Anforderung kleine Probenr\u00f6hrchen (siehe jeweils das linke abgebildete R\u00f6hrchen) zur Verf\u00fcgung gestellt. Bitte bestellen Sie bei Bedarf diese kleinen Blutr\u00f6hrchen ausschlie\u00dflich per E-Mail oder telefonisch.<\/span><\/span><\/h4>\n<p><strong>HB = Heparin-Blut:<\/strong> Es kann in diesem R\u00f6hrchen (+ <strong>Versandgef\u00e4\u00df VG-BH<\/strong>, s.u.) versendet werden.<br \/>\n<strong>HP = Heparin-Plasma:<\/strong> Das Heparin- Blut muss hierf\u00fcr zentrifugiert werden und der \u00dcberstand in ein neutrales R\u00f6hrchen (z.B. Eppendorf-Cup) \u00fcberf\u00fchrt und entsprechend als HP gekennzeichnet werden.[\/vc_column_text][\/vc_column_inner][vc_column_inner width=&#8220;1\/2&#8243;][vc_single_image image=&#8220;4614&#8243; img_size=&#8220;200&#215;250&#8243; onclick=&#8220;link_image&#8220;][\/vc_column_inner][\/vc_row_inner][vc_separator color=&#8220;custom&#8220; align=&#8220;align_left&#8220; el_width=&#8220;90&#8243; css=&#8220;.vc_custom_1612518506170{margin-bottom: 30px !important;}&#8220; accent_color=&#8220;#e51e1e&#8220;][vc_row_inner][vc_column_inner width=&#8220;1\/2&#8243;][vc_column_text]<\/p>\n<h4>NaFB = Natrium-Fluorid-Blut<\/h4>\n<p>Auch bei NaFB-Proben bitte auf Kennzeichnung achten.[\/vc_column_text][\/vc_column_inner][vc_column_inner width=&#8220;1\/2&#8243;][vc_single_image image=&#8220;4620&#8243; img_size=&#8220;200&#215;250&#8243; onclick=&#8220;link_image&#8220;][\/vc_column_inner][\/vc_row_inner][vc_separator color=&#8220;custom&#8220; align=&#8220;align_left&#8220; el_width=&#8220;90&#8243; css=&#8220;.vc_custom_1612518506170{margin-bottom: 30px !important;}&#8220; accent_color=&#8220;#e51e1e&#8220;][vc_row_inner][vc_column_inner width=&#8220;1\/2&#8243;][vc_column_text]<\/p>\n<h4>Serum <span class=\"shortcode-tooltip\">*<span class=\"tooltip-c\">F\u00fcr die Gewinnung kleiner Mengen von EDTA-Blut, EDTA-Plasma, Heparin-Blut, Heparin-Plasma, Citrat-Blut, Citrat-Plasma und Serum z.B. von Kleins\u00e4ugern werden auf gesonderte Anforderung kleine Probenr\u00f6hrchen (siehe jeweils das linke abgebildete R\u00f6hrchen) zur Verf\u00fcgung gestellt. Bitte bestellen Sie bei Bedarf diese kleinen Blutr\u00f6hrchen ausschlie\u00dflich per E-Mail oder telefonisch.<\/span><\/span><\/h4>\n<p>Das geronnene Blut sollte zur Serumgewinnung 30 min nach der Entnahme bei 2000g zentrifugiert und der \u00dcberstand in ein neutrales oder zweites Serumr\u00f6hrchen (Kugeln vorher entfernen!) \u00fcberf\u00fchrt und entsprechend als Serum oder mit dem passenden Barcode gekennzeichnet werden.[\/vc_column_text][\/vc_column_inner][vc_column_inner width=&#8220;1\/2&#8243;][vc_single_image image=&#8220;1305911&#8243; img_size=&#8220;200&#215;250&#8243; onclick=&#8220;link_image&#8220;][\/vc_column_inner][\/vc_row_inner][vc_separator color=&#8220;custom&#8220; align=&#8220;align_left&#8220; el_width=&#8220;90&#8243; css=&#8220;.vc_custom_1612518506170{margin-bottom: 30px !important;}&#8220; accent_color=&#8220;#e51e1e&#8220;][vc_row_inner][vc_column_inner width=&#8220;1\/2&#8243;][vc_column_text]<\/p>\n<h4>Citrat-R\u00f6hrchen <span class=\"shortcode-tooltip\">*<span class=\"tooltip-c\">F\u00fcr die Gewinnung kleiner Mengen von EDTA-Blut, EDTA-Plasma, Heparin-Blut, Heparin-Plasma, Citrat-Blut, Citrat-Plasma und Serum z.B. von Kleins\u00e4ugern werden auf gesonderte Anforderung kleine Probenr\u00f6hrchen (siehe jeweils das linke abgebildete R\u00f6hrchen) zur Verf\u00fcgung gestellt. Bitte bestellen Sie bei Bedarf diese kleinen Blutr\u00f6hrchen ausschlie\u00dflich per E-Mail oder telefonisch.<\/span><\/span><\/h4>\n<p>CB = Citrat-Blut: Es kann in diesem R\u00f6hrchen (+ <strong>Versandgef\u00e4\u00df VG-BH<\/strong>, s.u.) versendet werden.<\/p>\n<p>CP = Citrat-Plasma: Die Probe sollte hierf\u00fcr zentrifugiert werden und der \u00dcberstand in ein neutrales R\u00f6hrchen (z.B. Eppendorf-Cup) \u00fcberf\u00fchrt und entsprechend als CP gekennzeichnet werden.[\/vc_column_text][\/vc_column_inner][vc_column_inner width=&#8220;1\/2&#8243;][vc_single_image image=&#8220;1305913&#8243; img_size=&#8220;200&#215;250&#8243; onclick=&#8220;link_image&#8220;][\/vc_column_inner][\/vc_row_inner][vc_separator color=&#8220;custom&#8220; align=&#8220;align_left&#8220; el_width=&#8220;90&#8243; css=&#8220;.vc_custom_1612518506170{margin-bottom: 30px !important;}&#8220; accent_color=&#8220;#e51e1e&#8220;][vc_row_inner][vc_column_inner width=&#8220;1\/2&#8243;][vc_column_text]<\/p>\n<h4>Salivette\u00ae<\/h4>\n<p>F\u00fcr die Entnahme von Speichelproben.[\/vc_column_text][\/vc_column_inner][vc_column_inner width=&#8220;1\/2&#8243;][vc_single_image image=&#8220;1318896&#8243; img_size=&#8220;250&#215;150&#8243; onclick=&#8220;link_image&#8220;][\/vc_column_inner][\/vc_row_inner][vc_separator color=&#8220;custom&#8220; align=&#8220;align_left&#8220; el_width=&#8220;90&#8243; css=&#8220;.vc_custom_1612518506170{margin-bottom: 30px !important;}&#8220; accent_color=&#8220;#e51e1e&#8220;][vc_row_inner][vc_column_inner width=&#8220;1\/2&#8243;][vc_column_text css=&#8220;&#8220;]<\/p>\n<h4>Blutausstrich<\/h4>\n<p>Blutausstriche sollten immer luftgetrocknet, unfixiert und ungef\u00e4rbt eingesendet werden. Zum Transport eignen sich die abgebildeten Transporth\u00fcllen (Versandgef\u00e4\u00dfe). Aufbewahrung vor Transport bei Zimmertemperatur (d\u00fcrfen nicht gek\u00fchlt werden).[\/vc_column_text][\/vc_column_inner][vc_column_inner width=&#8220;1\/2&#8243;][vc_single_image image=&#8220;1305917&#8243; img_size=&#8220;200&#215;250&#8243; onclick=&#8220;link_image&#8220;][\/vc_column_inner][\/vc_row_inner][vc_separator color=&#8220;custom&#8220; align=&#8220;align_left&#8220; el_width=&#8220;90&#8243; css=&#8220;.vc_custom_1612518506170{margin-bottom: 30px !important;}&#8220; accent_color=&#8220;#e51e1e&#8220;][vc_row_inner][vc_column_inner width=&#8220;1\/2&#8243;][vc_column_text]<\/p>\n<h4>Versandgef\u00e4\u00dfe f\u00fcr Blutr\u00f6hrchen oder Harngef\u00e4\u00dfe (<strong>VG-BH<\/strong>)<\/h4>\n<p>[\/vc_column_text][\/vc_column_inner][vc_column_inner width=&#8220;1\/2&#8243;][vc_single_image image=&#8220;1305918&#8243; img_size=&#8220;200&#215;250&#8243; onclick=&#8220;link_image&#8220;][\/vc_column_inner][\/vc_row_inner][vc_separator color=&#8220;custom&#8220; align=&#8220;align_left&#8220; el_width=&#8220;90&#8243; css=&#8220;.vc_custom_1612518506170{margin-bottom: 30px !important;}&#8220; accent_color=&#8220;#e51e1e&#8220;][vc_row_inner][vc_column_inner width=&#8220;1\/2&#8243;][vc_column_text css=&#8220;&#8220;]<\/p>\n<h4>TM = Tupfer mit Transportmedium (orange: d\u00fcnner Tupfer, schwarz: dicker Tupfer mit Amies-Medium)<\/h4>\n<p>[\/vc_column_text][\/vc_column_inner][vc_column_inner width=&#8220;1\/2&#8243;][vc_single_image image=&#8220;1305928&#8243; img_size=&#8220;200&#215;250&#8243; onclick=&#8220;link_image&#8220;][\/vc_column_inner][\/vc_row_inner][vc_separator color=&#8220;custom&#8220; align=&#8220;align_left&#8220; el_width=&#8220;90&#8243; css=&#8220;.vc_custom_1612518506170{margin-bottom: 30px !important;}&#8220; accent_color=&#8220;#e51e1e&#8220;][vc_row_inner][vc_column_inner width=&#8220;1\/2&#8243;][vc_column_text]<\/p>\n<h4>A = Abstrich (Tupfer) ohne Transportmedium (trockener Tupfer)<\/h4>\n<p>[\/vc_column_text][\/vc_column_inner][vc_column_inner width=&#8220;1\/2&#8243;][vc_single_image image=&#8220;1305929&#8243; img_size=&#8220;200&#215;250&#8243; onclick=&#8220;link_image&#8220;][\/vc_column_inner][\/vc_row_inner][vc_separator color=&#8220;custom&#8220; align=&#8220;align_left&#8220; el_width=&#8220;90&#8243; css=&#8220;.vc_custom_1612518506170{margin-bottom: 30px !important;}&#8220; accent_color=&#8220;#e51e1e&#8220;][vc_row_inner][vc_column_inner width=&#8220;1\/2&#8243;][vc_column_text]<\/p>\n<h4>Versandgef\u00e4\u00df f\u00fcr Tupfer mit \/ ohne Medium<\/h4>\n<p>[\/vc_column_text][\/vc_column_inner][vc_column_inner width=&#8220;1\/2&#8243;][vc_single_image image=&#8220;1305946&#8243; img_size=&#8220;200&#215;250&#8243; onclick=&#8220;link_image&#8220;][\/vc_column_inner][\/vc_row_inner][vc_separator color=&#8220;custom&#8220; align=&#8220;align_left&#8220; el_width=&#8220;90&#8243; css=&#8220;.vc_custom_1612518506170{margin-bottom: 30px !important;}&#8220; accent_color=&#8220;#e51e1e&#8220;][vc_row_inner][vc_column_inner width=&#8220;1\/2&#8243;][vc_column_text]<\/p>\n<h4>Harngef\u00e4\u00df (dazu passendes Versandgef\u00e4\u00df <strong>VG-BH<\/strong>, s.o.)<\/h4>\n<p>[\/vc_column_text][\/vc_column_inner][vc_column_inner width=&#8220;1\/2&#8243;][vc_single_image image=&#8220;1305947&#8243; img_size=&#8220;200&#215;250&#8243; onclick=&#8220;link_image&#8220;][\/vc_column_inner][\/vc_row_inner][vc_separator color=&#8220;custom&#8220; align=&#8220;align_left&#8220; el_width=&#8220;90&#8243; css=&#8220;.vc_custom_1612518506170{margin-bottom: 30px !important;}&#8220; accent_color=&#8220;#e51e1e&#8220;][vc_row_inner][vc_column_inner width=&#8220;1\/2&#8243;][vc_column_text]<\/p>\n<h4>Gef\u00e4\u00df f\u00fcr Histologie (Formalingef\u00e4\u00df einschlie\u00dflich Versandgef\u00e4\u00df)<\/h4>\n<p>[\/vc_column_text][\/vc_column_inner][vc_column_inner width=&#8220;1\/2&#8243;][vc_single_image image=&#8220;1305948&#8243; img_size=&#8220;200&#215;250&#8243; onclick=&#8220;link_image&#8220;][\/vc_column_inner][\/vc_row_inner][vc_separator color=&#8220;custom&#8220; align=&#8220;align_left&#8220; el_width=&#8220;90&#8243; css=&#8220;.vc_custom_1612518506170{margin-bottom: 30px !important;}&#8220; accent_color=&#8220;#e51e1e&#8220;][vc_row_inner][vc_column_inner width=&#8220;1\/2&#8243;][vc_column_text]<\/p>\n<h4>Kotr\u00f6hrchen einschlie\u00dflich Versandgef\u00e4\u00df<\/h4>\n<p>[\/vc_column_text][\/vc_column_inner][vc_column_inner width=&#8220;1\/2&#8243;][vc_single_image image=&#8220;1305950&#8243; img_size=&#8220;200&#215;250&#8243; onclick=&#8220;link_image&#8220;][\/vc_column_inner][\/vc_row_inner][vc_separator color=&#8220;custom&#8220; align=&#8220;align_left&#8220; el_width=&#8220;90&#8243; css=&#8220;.vc_custom_1612524381415{margin-top: 30px !important;margin-bottom: 30px !important;}&#8220; accent_color=&#8220;#e51e1e&#8220;][vc_row_inner][vc_column_inner width=&#8220;1\/2&#8243;][vc_column_text]<\/p>\n<h4>Blutkulturflaschen-Set (aerob und anaerob)<\/h4>\n<p>(kostenpflichtig)[\/vc_column_text][\/vc_column_inner][vc_column_inner width=&#8220;1\/2&#8243;][vc_single_image image=&#8220;1318911&#8243; img_size=&#8220;medium&#8220; onclick=&#8220;link_image&#8220;][\/vc_column_inner][\/vc_row_inner][vc_separator color=&#8220;custom&#8220; align=&#8220;align_left&#8220; el_width=&#8220;90&#8243; css=&#8220;.vc_custom_1612524381415{margin-top: 30px !important;margin-bottom: 30px !important;}&#8220; accent_color=&#8220;#e51e1e&#8220;][vc_row_inner][vc_column_inner width=&#8220;1\/2&#8243;][vc_column_text]<\/p>\n<h4>Blutkulturflasche Peds Plus<sup>TM<\/sup><\/h4>\n<p>(kostenpflichtig)[\/vc_column_text][\/vc_column_inner][vc_column_inner width=&#8220;1\/2&#8243;][vc_single_image image=&#8220;1318913&#8243; img_size=&#8220;medium&#8220; onclick=&#8220;link_image&#8220;][\/vc_column_inner][\/vc_row_inner][vc_separator color=&#8220;custom&#8220; align=&#8220;align_left&#8220; el_width=&#8220;90&#8243; css=&#8220;.vc_custom_1612524381415{margin-top: 30px !important;margin-bottom: 30px !important;}&#8220; accent_color=&#8220;#e51e1e&#8220;][\/vc_column][\/vc_row][vc_row][vc_column][vc_column_text css=&#8220;&#8220;]<\/p>\n<blockquote><p><strong>Als Kunde k\u00f6nnen Sie die Versandmaterialien bevorzugt in &#8222;<a href=\"https:\/\/app.laboklin.com\/login\">Mein Labor<\/a>&#8220; oder mittels der speziellen Bestellformulare f\u00fcr Versandmaterial anfordern. <\/strong><\/p><\/blockquote>\n<p><span style=\"color: #808080;\"><br \/>\n* F\u00fcr die Gewinnung kleiner Mengen von EDTA-Blut, EDTA-Plasma, Heparin-Blut, <\/span><span style=\"color: #808080;\">Heparin-Plasma, Citrat-Blut, Citrat-Plasma und Serum z.B. von Kleins\u00e4ugern werden auf <\/span><span style=\"color: #808080;\">gesonderte Anforderung <strong>kleine Probenr\u00f6hrchen<\/strong> (siehe jeweils das rechte abgebildete <\/span><span style=\"color: #808080;\">R\u00f6hrchen) zur Verf\u00fcgung gestellt. Bitte<strong> bestellen<\/strong> Sie bei Bedarf diese <strong>kleinen Blutr\u00f6hrchen <\/strong><\/span><span style=\"color: #808080;\">ausschlie\u00dflich per <strong>E-Mail<\/strong> oder<strong> telefonisch.<\/strong><\/span><\/p>\n<p>Auf Ihren ausdr\u00fccklichen Wunsch (Mitteilung per Telefon oder per E-Mail) k\u00f6nnen Ihnen f\u00fcr die Untersuchung von Blutproben bei Laboklin auch Vakuumr\u00f6hrchen zugesendet werden.[\/vc_column_text][\/vc_column][\/vc_row]<\/p>\n<\/div>","protected":false},"excerpt":{"rendered":"<p>[vc_row type=&#8220;vc_default&#8220; content_placement=&#8220;top&#8220;][vc_column][vc_column_text css=&#8220;.vc_custom_1594046241383{margin-bottom: 20px !important;}&#8220;]F\u00fcr die Gewinnung und den Transport der Proben stehen\u00a0folgende\u00a0Proben- und\u00a0Versandgef\u00e4\u00dfe\u00a0zur Verf\u00fcgung:[\/vc_column_text][vc_row_inner][vc_column_inner width=&#8220;1\/2&#8243;][vc_column_text] EDTA-R\u00f6hrchen EB = EDTA-Blut: Es kann in diesem R\u00f6hrchen (+ Versandgef\u00e4\u00df VG-BH, s.u.) versendet werden. EP = EDTA-Plasma: Das EDTA-Blut muss hierf\u00fcr zentrifugiert werden und der \u00dcberstand in ein neutrales R\u00f6hrchen (z.B. Eppendorf-Cup) \u00fcberf\u00fchrt und entsprechend als EP&hellip;<\/p>\n","protected":false},"author":1,"featured_media":0,"parent":4562,"menu_order":10,"comment_status":"closed","ping_status":"closed","template":"","meta":{"_seopress_robots_primary_cat":"","_seopress_titles_title":"","_seopress_titles_desc":"","_seopress_robots_index":"","footnotes":""},"class_list":["post-4606","page","type-page","status-publish","hentry","description-off"],"_links":{"self":[{"href":"https:\/\/laboklin.de\/de\/wp-json\/wp\/v2\/pages\/4606","targetHints":{"allow":["GET"]}}],"collection":[{"href":"https:\/\/laboklin.de\/de\/wp-json\/wp\/v2\/pages"}],"about":[{"href":"https:\/\/laboklin.de\/de\/wp-json\/wp\/v2\/types\/page"}],"author":[{"embeddable":true,"href":"https:\/\/laboklin.de\/de\/wp-json\/wp\/v2\/users\/1"}],"replies":[{"embeddable":true,"href":"https:\/\/laboklin.de\/de\/wp-json\/wp\/v2\/comments?post=4606"}],"version-history":[{"count":60,"href":"https:\/\/laboklin.de\/de\/wp-json\/wp\/v2\/pages\/4606\/revisions"}],"predecessor-version":[{"id":1522572,"href":"https:\/\/laboklin.de\/de\/wp-json\/wp\/v2\/pages\/4606\/revisions\/1522572"}],"up":[{"embeddable":true,"href":"https:\/\/laboklin.de\/de\/wp-json\/wp\/v2\/pages\/4562"}],"wp:attachment":[{"href":"https:\/\/laboklin.de\/de\/wp-json\/wp\/v2\/media?parent=4606"}],"curies":[{"name":"wp","href":"https:\/\/api.w.org\/{rel}","templated":true}]}}