{"id":4506,"date":"2020-06-17T14:19:52","date_gmt":"2020-06-17T12:19:52","guid":{"rendered":"https:\/\/laboklin.de\/de\/?page_id=4506"},"modified":"2023-04-11T11:16:54","modified_gmt":"2023-04-11T09:16:54","slug":"unser-angebot-fuer-schueler","status":"publish","type":"page","link":"https:\/\/laboklin.de\/de\/start-karriere-bei-laboklin\/unser-angebot-fuer-schueler\/","title":{"rendered":"Unser Angebot f\u00fcr Sch\u00fcler"},"content":{"rendered":"<div class=\"wpb-content-wrapper\"><p>[vc_row][vc_column][vc_column_text]<\/p>\n<h3>Mit einem Praktikum Laborluft schnuppern<\/h3>\n<p>Du bist noch nicht 100% sicher, welcher Ausbildungsberuf der richtige f\u00fcr Dich ist? Wir bieten interessierten Sch\u00fclerinnen und Sch\u00fclern, die sich f\u00fcr Naturwissenschaften oder IT begeistern, die M\u00f6glichkeit, Praktika in unseren Laborabteilungen bzw. der IT zu absolvieren. W\u00e4hrend des mehrt\u00e4gigen Einsatzes erh\u00e4ltst Du so wertvolle Einblicke in den Ausbildungsberuf \u201eBiologielaborant\u201c bzw. \u201eFachinformatiker f\u00fcr Anwendungsentwicklung\u201c \u2013 und somit wichtige Hilfestellung bei Deiner Entscheidungsfindung.<\/p>\n<p>Haben wir dein Interesse geweckt? Dann freuen wir uns auf deine <a href=\"https:\/\/laboklin.de\/laboklin_offene_stellen\/initiativbewerbung\/\"><strong>Bewerbung.<\/strong><\/a>[\/vc_column_text][\/vc_column][\/vc_row]<\/p>\n<\/div>","protected":false},"excerpt":{"rendered":"<p>[vc_row][vc_column][vc_column_text] Mit einem Praktikum Laborluft schnuppern Du bist noch nicht 100% sicher, welcher Ausbildungsberuf der richtige f\u00fcr Dich ist? Wir bieten interessierten Sch\u00fclerinnen und Sch\u00fclern, die sich f\u00fcr Naturwissenschaften oder IT begeistern, die M\u00f6glichkeit, Praktika in unseren Laborabteilungen bzw. der IT zu absolvieren. W\u00e4hrend des mehrt\u00e4gigen Einsatzes erh\u00e4ltst Du so wertvolle Einblicke in den Ausbildungsberuf&hellip;<\/p>\n","protected":false},"author":1,"featured_media":0,"parent":1302472,"menu_order":6,"comment_status":"closed","ping_status":"closed","template":"","meta":{"_seopress_robots_primary_cat":"","_seopress_titles_title":"","_seopress_titles_desc":"","_seopress_robots_index":"","footnotes":""},"class_list":["post-4506","page","type-page","status-publish","hentry","description-off"],"_links":{"self":[{"href":"https:\/\/laboklin.de\/de\/wp-json\/wp\/v2\/pages\/4506","targetHints":{"allow":["GET"]}}],"collection":[{"href":"https:\/\/laboklin.de\/de\/wp-json\/wp\/v2\/pages"}],"about":[{"href":"https:\/\/laboklin.de\/de\/wp-json\/wp\/v2\/types\/page"}],"author":[{"embeddable":true,"href":"https:\/\/laboklin.de\/de\/wp-json\/wp\/v2\/users\/1"}],"replies":[{"embeddable":true,"href":"https:\/\/laboklin.de\/de\/wp-json\/wp\/v2\/comments?post=4506"}],"version-history":[{"count":11,"href":"https:\/\/laboklin.de\/de\/wp-json\/wp\/v2\/pages\/4506\/revisions"}],"predecessor-version":[{"id":1432355,"href":"https:\/\/laboklin.de\/de\/wp-json\/wp\/v2\/pages\/4506\/revisions\/1432355"}],"up":[{"embeddable":true,"href":"https:\/\/laboklin.de\/de\/wp-json\/wp\/v2\/pages\/1302472"}],"wp:attachment":[{"href":"https:\/\/laboklin.de\/de\/wp-json\/wp\/v2\/media?parent=4506"}],"curies":[{"name":"wp","href":"https:\/\/api.w.org\/{rel}","templated":true}]}}