{"id":4497,"date":"2020-06-17T14:07:23","date_gmt":"2020-06-17T12:07:23","guid":{"rendered":"https:\/\/laboklin.de\/de\/?page_id=4497"},"modified":"2026-02-05T09:23:29","modified_gmt":"2026-02-05T08:23:29","slug":"datenschutzhinweise-im-bewerbungsverfahren","status":"publish","type":"page","link":"https:\/\/laboklin.de\/de\/start-karriere-bei-laboklin\/datenschutzhinweise-im-bewerbungsverfahren\/","title":{"rendered":"Datenschutzhinweise im Bewerbungsverfahren"},"content":{"rendered":"<div class=\"wpb-content-wrapper\"><p>[vc_row][vc_column][vc_column_text css=&#8220;&#8220;]<\/p>\n<h2>Informationsblatt zur Verarbeitung von Bewerberdaten<\/h2>\n<p>Hiermit informieren wir Sie \u00fcber die Verarbeitung Ihrer personenbezogenen Daten durch die LABOklin Labor f\u00fcr klinische Diagnostik GmbH &amp; Co. KG (\u201e<em>Laboklin<\/em>\u201c) und die Ihnen nach dem Datenschutzrecht zustehenden Rechte.<\/p>\n<p><strong>Wer ist f\u00fcr die Datenverarbeitung verantwortlich und wer ist Datenschutzbeauf\u00adtragter? <\/strong><\/p>\n<p>Verantwortlicher f\u00fcr die Datenverarbeitung ist<\/p>\n<p><strong>Verantwortlicher:\u00a0<\/strong>\u00a0 \u00a0 \u00a0 \u00a0LABOklin Labor f\u00fcr klinische Diagnostik GmbH &amp; Co. KG<br \/>\n<strong>Anschrift:\u00a0<\/strong>\u00a0\u00a0\u00a0\u00a0\u00a0\u00a0\u00a0\u00a0\u00a0\u00a0\u00a0\u00a0\u00a0\u00a0\u00a0\u00a0\u00a0\u00a0\u00a0 Steubenstra\u00dfe 4, 97688 Bad Kissingen<br \/>\n<strong>E-Mail-Adresse:<\/strong>\u00a0 \u00a0 \u00a0 \u00a0 \u00a0 \u00a0info@laboklin.com<br \/>\n<strong>Telefon:\u00a0\u00a0<\/strong>\u00a0\u00a0\u00a0\u00a0\u00a0\u00a0\u00a0\u00a0\u00a0\u00a0\u00a0\u00a0\u00a0\u00a0\u00a0\u00a0\u00a0\u00a0\u00a0\u00a0 +49 971\/72020<\/p>\n<p>Angaben zur Person des Datenschutzbeauftragten<\/p>\n<p>SiDIT GmbH<br \/>\nFahrentalstra\u00dfe 55c<br \/>\n97261 G\u00fcntersleben<br \/>\nE-Mail:\u00a0<a href=\"mailto:info@sidit.de\">info@sidit.de<\/a><\/p>\n<p><strong>Welche personenbezogenen Daten erheben wir und woher stammen diese?<\/strong><\/p>\n<p>Im Rahmen des Bewerbungsverfahrens verarbeiten wir folgende personenbezogene Daten:<\/p>\n<ul>\n<li>Ihre Stammdaten (wie Vorname, Nachname, Namenszus\u00e4tze, Geburtsdatum)<\/li>\n<li>Arbeitserlaubnis \/ Aufenthaltstitel<\/li>\n<li>Kontaktdaten (etwa private Anschrift, (Mobil-)Telefonnummer, E-Mail-Adresse),<\/li>\n<li>Skill-Daten (z. B. besondere Kenntnisse, Abschl\u00fcsse, Zeugnisse und Fertigkeiten)<\/li>\n<li>falls f\u00fcr die ausgeschriebene Stelle relevant: gesundheitliche Eignung<\/li>\n<li>Technische Daten und Website-Daten \u2013 z. B. Cookies oder Analyseinformationen beim Besuch unserer Karriere-Website (siehe unsere allgemeine Datenschutzerkl\u00e4rung).<\/li>\n<li>Sonstige freiwillige Angaben \u2013 z. B. pers\u00f6nliche Interessen oder zus\u00e4tzliche Details, die Sie freiwillig mitteilen.<\/li>\n<\/ul>\n<p>Ihre personenbezogenen Daten werden grunds\u00e4tzlich direkt bei Ihnen im Rahmen des Einstellungsprozesses erhoben, insbesondere aus den Bewerbungsunterlagen, dem Bewerbungsgespr\u00e4ch und aus dem Personalfragebogen. Bewerber k\u00f6nnen uns ihre Bewerbungen mittels eines Onlineformulars auf unsere Website \u00fcbermitteln. Die Daten werden entsprechend dem Stand der Technik verschl\u00fcsselt an uns \u00fcbertragen und gespeichert. Wir setzen technische und organisatorische Sicherheitsma\u00dfnahmen ein, um die erhobenen Daten gegen Manipulation, Verlust, Zerst\u00f6rung oder Zugriff unberechtigter Personen zu sch\u00fctzen.<\/p>\n<p>Ferner k\u00f6nnen Bewerber uns ihre Bewerbungen via E-Mail \u00fcbermitteln. Hierbei bitten wir jedoch zu beachten, dass E-Mails grunds\u00e4tzlich nicht verschl\u00fcsselt versendet werden und die Bewerber selbst f\u00fcr die Verschl\u00fcsselung sorgen m\u00fcssen. Wir k\u00f6nnen daher f\u00fcr den \u00dcbertragungsweg der Bewerbung zwischen dem Absender und dem Empfang auf unserem Server keine Verantwortung \u00fcbernehmen und empfehlen daher eher ein Online-Formular oder den postalischen Versand zu nutzen. Denn statt der Bewerbung \u00fcber das Online-Formular und E-Mail, steht den Bewerbern weiterhin die M\u00f6glichkeit zur Verf\u00fcgung, uns die Bewerbung auf dem Postweg zuzusenden.<\/p>\n<p>Daneben k\u00f6nnen wir Informationen \u00fcber Sie von Personalvermittlungsagenturen erhalten.<\/p>\n<p>Zudem verarbeiten wir personenbezogene Daten, die wir aus \u00f6ffentlich zug\u00e4nglichen Quellen (z. B. beruflichen Netzwerken) zul\u00e4ssigerweise gewonnen haben.<\/p>\n<p>Wir bitten Sie, uns keine besonderen Kategorien personenbezogener Daten (d. h. Informationen \u00fcber Rasse oder ethnische Zugeh\u00f6rigkeit, politische Meinungen, religi\u00f6se oder philosophische Ansichten, Gewerkschaftsmitgliedschaft, Gesundheit oder sexuelle Orientierung) als Teil Ihrer Bewerbungsdaten zur Verf\u00fcgung zu stellen, es sei denn, dies ist im Einzelfall gesetzlich vorgeschrieben.<\/p>\n<p><strong>F\u00fcr welche Zwecke und auf welcher Rechtsgrundlage werden Daten verarbeitet?<\/strong><\/p>\n<p>Wir verarbeiten Ihre personenbezogenen Daten unter Beachtung der Bestimmungen der EU-Daten\u00adschutz-Grundverordnung (DS-GVO) und des Bundesdatenschutzgesetzes (BDSG).<\/p>\n<p>In erster Linie dient die Datenverarbeitung der Begr\u00fcndung des Besch\u00e4ftigungsverh\u00e4ltnisses. Die vorrangige Rechtsgrundlage hierf\u00fcr ist Art. 6 Abs. 1 lit. b) DS-GVO.<\/p>\n<p>Ihre Daten werden grunds\u00e4tzlich ausschlie\u00dflich zur Besetzung der konkreten Stelle, auf die Sie sich beworben haben, verarbeitet. Sollte eine Ber\u00fccksichtigung Ihrer Bewerbung f\u00fcr die konkrete Stelle nicht m\u00f6glich sein, pr\u00fcfen wir, ob Ihr Profil f\u00fcr andere offene Positionen in unserem Unternehmen in Frage kommt. In diesem Fall geben wir Ihre Bewerbungsdaten an die jeweils zust\u00e4ndige Abteilung weiter.<\/p>\n<p><strong>Wie lange werden Ihre Daten gespeichert?<\/strong><\/p>\n<p>Im Falle einer Einstellung \u00fcbernehmen wir Ihre Bewerbungsunterlagen in Ihre Personalakte. Nach Beendigung des Besch\u00e4ftigungsverh\u00e4ltnisses werden diejenigen personenbezogenen Daten weiterhin gespeichert, zu deren Aufbewahrung wir gesetzlich verpflichtet sind. Dies ergibt sich regelm\u00e4\u00dfig durch rechtliche Nachweis- und Aufbewahrungspflichten, die unter anderem im Handelsgesetzbuch und der Abgabenordnung geregelt sind. Die Speicherfristen betragen danach bis zu zehn Jahre. Au\u00dferdem kann es vorkommen, dass personenbezogene Daten f\u00fcr die Zeit aufbewahrt werden, in der Anspr\u00fcche gegen uns geltend gemacht werden k\u00f6nnen (gesetzliche Verj\u00e4hrungsfrist von drei oder bis zu drei\u00dfig Jahren).<\/p>\n<p>Im Falle einer Absage werden Ihre Bewerbungsunterlagen sp\u00e4testens sechs Monate nach Abschluss des Bewerbungsverfahrens gel\u00f6scht.<\/p>\n<p><strong>Wer bekommt Ihre Daten?<\/strong><\/p>\n<p>Innerhalb unseres Unternehmens erhalten nur die Personen und Stellen (z. B. Fachbereich, Betriebsrat, Schwerbehindertenvertretung) Ihre personenbezogenen Daten, die in die Entscheidung \u00fcber Ihre Einstellung eingebunden sind.<\/p>\n<p>Innerhalb unserer Unternehmensgruppe werden Ihre Daten hierzu an den jeweiligen Standort \u00fcbermittelt, f\u00fcr den Sie sich beworben haben.<\/p>\n<p><strong>Welche Rechte k\u00f6nnen Sie als Betroffener geltend machen?<\/strong><\/p>\n<p>Sie haben die Rechte aus den Art. 15 \u2013 22 DS-GVO:<\/p>\n<ul>\n<li>Recht auf Auskunft (Art. 15 DS-GVO)<\/li>\n<li>Recht auf Berichtigung (Art. 16 DS-GVO)<\/li>\n<li>Recht auf L\u00f6schung (Art. 17 DS-GVO)<\/li>\n<li>Recht auf Einschr\u00e4nkung der Verarbeitung (Art. 18 DS-GVO)<\/li>\n<li>Widerspruchsrecht gegen die Verarbeitung (Art. 21 DS-GVO)<\/li>\n<li>Recht auf Daten\u00fcbertragbarkeit (Art. 20 DS-GVO)<\/li>\n<\/ul>\n<p>Bitte wenden Sie sich hierzu an folgende Stelle: <a href=\"mailto:datenschutz@laboklin.com\">datenschutz@laboklin.com<\/a><\/p>\n<p><strong>Wo k\u00f6nnen Sie sich beschweren?<\/strong><\/p>\n<p>Sie haben die M\u00f6glichkeit, sich mit einer Beschwerde an den oben genannten Datenschutzbeauftragten oder an eine Datenschutzaufsichtsbeh\u00f6rde zu wenden.<\/p>\n<p><strong>Werden Ihre Daten in ein Drittland \u00fcbermittelt?<\/strong><\/p>\n<p>Wir \u00fcbermitteln Ihre Bewerberdaten nicht in Drittl\u00e4nder.<\/p>\n<p>Sofern Sie sich auf eine Stelle in Basel bewerben, \u00fcbermitteln wir Ihre Daten au\u00dferhalb des Europ\u00e4ischen Wirtschaftsraums in die Schweiz. Das Datenschutzniveau wird dabei durch die Best\u00e4tigung des angemessenen Datenschutzniveaus durch die EU-Kommission sichergestellt.<\/p>\n<p><strong>Sind Sie verpflichtet, Ihre Daten bereitzustellen?<\/strong><\/p>\n<p>Um Ihre Bewerbung ber\u00fccksichtigen zu k\u00f6nnen, ben\u00f6tigen wir von Ihnen diejenigen personenbezogenen Daten, die f\u00fcr die Entscheidung \u00fcber die Begr\u00fcndung des Besch\u00e4ftigungsverh\u00e4ltnisses erforderlich sind.<\/p>\n<p><strong>Inwieweit finden automatisierte Einzelfallentscheidungen oder Ma\u00dfnahmen zum Profiling statt?<\/strong><\/p>\n<p>Wir nutzen keine rein automatisierten Verarbeitungsprozesse zur Herbeif\u00fchrung einer Entscheidung[\/vc_column_text][\/vc_column][\/vc_row][vc_row type=&#8220;vc_default&#8220; disable_element=&#8220;yes&#8220;][vc_column][vc_column_text]<\/p>\n<h1 class=\"csc-firstHeader\">Datenschutzhinweise im Bewerbungsverfahren<\/h1>\n<div>\n<p class=\"bodytext\">Das Bewerberportal wird gemeinschaftlich von LABOKLIN Labor f\u00fcr klinische Diagnostik GmbH &amp; Co. KG und deren Tochterunternehmen genutzt, die hier als &#8222;LABOKLIN&#8220; bezeichnet werden. Folgende Gesellschaften sind in dem Begriff &#8222;LABOKLIN&#8220; eingeschlossen:<\/p>\n<ul>\n<li><strong><span style=\"color: #ff0000;\">LABOKLIN Labor f\u00fcr klinische Diagnostik GmbH &amp; Co. KG, Steubenstra\u00dfe 4, 97688 Bad Kissingen, Deutschland<\/span><\/strong><\/li>\n<li><strong><span style=\"color: #ff0000;\">ALOMED-M\u00fcller GmbH &amp; Co. KG, \u00d6schlestr. 77, 78315 Radolfzell-B\u00f6hringen, Deutschland<\/span><\/strong><\/li>\n<li><strong><span style=\"color: #ff0000;\">LABOKLIN s.r.o &#8211; L\u00ed\u0161\u010die \u00fadolie 57 &#8211; 842 31 Bratislava, Slowakei<\/span><\/strong><\/li>\n<li><strong><span style=\"color: #ff0000;\">LABOKLIN Espa\u00f1a &#8211; Calle Sauceda, 8, 28050 Madrid, Spanien<\/span><\/strong><\/li>\n<li><strong><span style=\"color: #ff0000;\">LABOKLIN N.V. &#8211; Verlengde Klinkertstraat 6, 6433 PL Hoensbroek, Niederlande<\/span><\/strong><\/li>\n<li><strong><span style=\"color: #ff0000;\">LABOKLIN Polska Sp. z o.o. &#8211; ul. Powsta\u0144c\u00f3w \u015al\u0105skich 101, 01-495 Warszawa, Polen<\/span><\/strong><\/li>\n<\/ul>\n<p>Eine Liste unserer Niederlassungen finden Sie\u00a0<strong><a class=\"download\" title=\"Startet den Datei-Download\" href=\"https:\/\/laboklin.de\/wp-content\/uploads\/2023\/06\/Standorte_DE_ENG.pdf\" target=\"_blank\" rel=\"noopener\">hier<\/a><\/strong>.<\/p>\n<p>Wir verarbeiten die Bewerberdaten nur zum Zweck und im Rahmen des Bewerbungsverfahrens im Einklang mit den gesetzlichen Vorgaben. Die Verarbeitung der Bewerberdaten erfolgt zur Erf\u00fcllung unserer (vor)vertraglichen Verpflichtungen im Rahmen des Bewerbungsverfahrens im Sinne des Art. 6 Abs. 1 lit. b. DSGVO Art. 6 Abs. 1 lit. f. DSGVO, sofern die Datenverarbeitung z. B. im Rahmen von rechtlichen Verfahren f\u00fcr uns erforderlich wird (in Deutschland gilt zus\u00e4tzlich \u00a7 26 BDSG).<\/p>\n<p class=\"bodytext\">Das Bewerbungsverfahren setzt voraus, dass Bewerber uns die Bewerberdaten mitteilen. Die notwendigen Bewerberdaten sind, sofern wir ein Onlineformular anbieten, gekennzeichnet, ergeben sich sonst aus den Stellenbeschreibungen und grunds\u00e4tzlich geh\u00f6ren dazu die Angaben zur Person, Post- und Kontaktadressen und die zur Bewerbung geh\u00f6renden Unterlagen, wie Anschreiben, Lebenslauf und die Zeugnisse. Daneben k\u00f6nnen uns Bewerber freiwillig zus\u00e4tzliche Informationen mitteilen.<\/p>\n<p>Mit der \u00dcbermittlung der Bewerbung an uns erkl\u00e4ren sich die Bewerber mit der Verarbeitung ihrer Daten zu Zwecken des Bewerbungsverfahrens entsprechend der in dieser Datenschutzerkl\u00e4rung dargelegten Art und dem Umfang einverstanden.<\/p>\n<p>Soweit im Rahmen des Bewerbungsverfahrens freiwillig besondere Kategorien von personenbezogenen Daten im Sinne des Art. 9 Abs. 1 DSGVO mitgeteilt werden, erfolgt deren Verarbeitung zus\u00e4tzlich nach Art. 9 Abs. 2 lit. b DSGVO (z. B. Gesundheitsdaten, wie z. B. Schwerbehinderteneigenschaft oder ethnische Herkunft). Soweit im Rahmen des Bewerbungsverfahrens besondere Kategorien von personenbezogenen Daten im Sinne des Art. 9 Abs. 1 DSGVO bei Bewerbern angefragt werden, erfolgt deren Verarbeitung zus\u00e4tzlich nach Art. 9 Abs. 2 lit. a DSGVO (z. B. Gesundheitsdaten, wenn diese f\u00fcr die Berufsaus\u00fcbung erforderlich sind).<\/p>\n<p>Bewerber k\u00f6nnen uns ihre Bewerbungen mittels eines Onlineformulars auf unsere Website \u00fcbermitteln. Die Daten werden entsprechend dem Stand der Technik verschl\u00fcsselt an uns \u00fcbertragen und gespeichert. LABOKLIN setzt technische und organisatorische Sicherheitsma\u00dfnahmen ein, um die erhobenen Daten gegen Manipulation, Verlust, Zerst\u00f6rung oder Zugriff unberechtigter Personen zu sch\u00fctzen.<\/p>\n<p>Ferner k\u00f6nnen Bewerber uns ihre Bewerbungen via E-Mail \u00fcbermitteln. Hierbei bitten wir jedoch zu beachten, dass E-Mails grunds\u00e4tzlich nicht verschl\u00fcsselt versendet werden und die Bewerber selbst f\u00fcr die Verschl\u00fcsselung sorgen m\u00fcssen. Wir k\u00f6nnen daher f\u00fcr den \u00dcbertragungsweg der Bewerbung zwischen dem Absender und dem Empfang auf unserem Server keine Verantwortung \u00fcbernehmen und empfehlen daher eher ein Online-Formular oder den postalischen Versand zu nutzen. Denn statt der Bewerbung \u00fcber das Online-Formular und E-Mail, steht den Bewerbern weiterhin die M\u00f6glichkeit zur Verf\u00fcgung, uns die Bewerbung auf dem Postweg zuzusenden.<\/p>\n<p>Die von den Bewerbern zur Verf\u00fcgung gestellten Daten k\u00f6nnen, im Fall einer erfolgreichen Bewerbung, f\u00fcr die Zwecke des Besch\u00e4ftigungsverh\u00e4ltnisses von uns weiterverarbeitet werden. Andernfalls, sofern die Bewerbung auf ein Stellenangebot nicht erfolgreich ist, werden die Daten der Bewerber gel\u00f6scht. Die Daten der Bewerber werden ebenfalls gel\u00f6scht, wenn eine Bewerbung zur\u00fcckgezogen wird, wozu die Bewerber jederzeit berechtigt sind.<\/p>\n<p>Die L\u00f6schung erfolgt, vorbehaltlich eines berechtigten Widerrufs der Bewerber, nach dem Ablauf eines Zeitraums von sechs Monaten, damit wir etwaige Anschlussfragen zu der Bewerbung beantworten und unseren Nachweispflichten aus dem Gleichbehandlungsgesetz gen\u00fcgen k\u00f6nnen.<\/p>\n<p><b>Talent-Pool<br \/>\n<\/b><b><br \/>\n<\/b>Im Rahmen der Bewerbung bieten wir den Bewerbern die M\u00f6glichkeit an, in unseren &#8222;Talent-Pool&#8220; f\u00fcr einen Zeitraum von zwei Jahren auf Grundlage einer Einwilligung im Sinne der Art. 6 Abs. 1 lit. b. und Art. 7 DSGVO aufgenommen zu werden.<\/p>\n<p>Die Bewerbungsunterlagen im Talent-Pool werden alleine im Rahmen von k\u00fcnftigen Stellenausschreibungen und der Besch\u00e4ftigtensuche verarbeitet und werden sp\u00e4testens nach Ablauf der Frist vernichtet. Die Bewerber werden dar\u00fcber belehrt, dass deren Einwilligung in die Aufnahme in den Talent-Pool freiwillig ist, keinen Einfluss auf das aktuelle Bewerbungsverfahren hat und sie diese Einwilligung jederzeit f\u00fcr die Zukunft widerrufen sowie Widerspruch im Sinne des Art. 21 DSGVO erkl\u00e4ren k\u00f6nnen.<\/p>\n<\/div>\n<p>[\/vc_column_text][\/vc_column][\/vc_row][vc_row type=&#8220;vc_default&#8220; disable_element=&#8220;yes&#8220;][vc_column][vc_column_text]Bitte beachten Sie in diesem Zusammenhang auch unsere Hinweise zum <a href=\"https:\/\/laboklin.de\/start-karriere-bei-laboklin\/datenschutzhinweise-im-bewerbungsverfahren\/\" target=\"_blank\" rel=\"noopener\">Datenschutz im Bewerbungsverfahren<\/a>.[\/vc_column_text][\/vc_column][\/vc_row]<\/p>\n<\/div>","protected":false},"excerpt":{"rendered":"<p>[vc_row][vc_column][vc_column_text css=&#8220;&#8220;] Informationsblatt zur Verarbeitung von Bewerberdaten Hiermit informieren wir Sie \u00fcber die Verarbeitung Ihrer personenbezogenen Daten durch die LABOklin Labor f\u00fcr klinische Diagnostik GmbH &amp; Co. KG (\u201eLaboklin\u201c) und die Ihnen nach dem Datenschutzrecht zustehenden Rechte. Wer ist f\u00fcr die Datenverarbeitung verantwortlich und wer ist Datenschutzbeauf\u00adtragter? Verantwortlicher f\u00fcr die Datenverarbeitung ist Verantwortlicher:\u00a0\u00a0 \u00a0 \u00a0&hellip;<\/p>\n","protected":false},"author":1,"featured_media":0,"parent":1302472,"menu_order":3,"comment_status":"closed","ping_status":"closed","template":"","meta":{"_seopress_robots_primary_cat":"","_seopress_titles_title":"","_seopress_titles_desc":"","_seopress_robots_index":"","footnotes":""},"class_list":["post-4497","page","type-page","status-publish","hentry","description-off"],"_links":{"self":[{"href":"https:\/\/laboklin.de\/de\/wp-json\/wp\/v2\/pages\/4497","targetHints":{"allow":["GET"]}}],"collection":[{"href":"https:\/\/laboklin.de\/de\/wp-json\/wp\/v2\/pages"}],"about":[{"href":"https:\/\/laboklin.de\/de\/wp-json\/wp\/v2\/types\/page"}],"author":[{"embeddable":true,"href":"https:\/\/laboklin.de\/de\/wp-json\/wp\/v2\/users\/1"}],"replies":[{"embeddable":true,"href":"https:\/\/laboklin.de\/de\/wp-json\/wp\/v2\/comments?post=4497"}],"version-history":[{"count":11,"href":"https:\/\/laboklin.de\/de\/wp-json\/wp\/v2\/pages\/4497\/revisions"}],"predecessor-version":[{"id":4530,"href":"https:\/\/laboklin.de\/de\/wp-json\/wp\/v2\/pages\/4497\/revisions\/4530"}],"up":[{"embeddable":true,"href":"https:\/\/laboklin.de\/de\/wp-json\/wp\/v2\/pages\/1302472"}],"wp:attachment":[{"href":"https:\/\/laboklin.de\/de\/wp-json\/wp\/v2\/media?parent=4497"}],"curies":[{"name":"wp","href":"https:\/\/api.w.org\/{rel}","templated":true}]}}