{"id":3102,"date":"2020-03-18T16:22:15","date_gmt":"2020-03-18T15:22:15","guid":{"rendered":"https:\/\/laboklin.de\/de\/?page_id=3102"},"modified":"2021-02-14T22:00:34","modified_gmt":"2021-02-14T21:00:34","slug":"faq-allergie-pferd","status":"publish","type":"page","link":"https:\/\/laboklin.de\/de\/faq-allergie-pferd\/","title":{"rendered":"FAQ Allergie Pferd"},"content":{"rendered":"<div class=\"wpb-content-wrapper\"><p>[vc_row][vc_column]<div class=\"dt-fancy-separator title-left h3-size\" style=\"width: 100%;\"><div class=\"dt-fancy-title bg-on\" style=\"color: #e51e1e;\"><span class=\"separator-holder separator-left\"><\/span>Allergie Pferd<span class=\"separator-holder separator-right\"><\/span><\/div><\/div>[\/vc_column][\/vc_row][vc_row type=&#8220;vc_default&#8220; css=&#8220;.vc_custom_1612778864846{margin-top: 30px !important;}&#8220;][vc_column][vc_accordion active_tab=&#8220;false&#8220; collapsible=&#8220;yes&#8220; style=&#8220;2&#8243;][vc_accordion_tab title=&#8220;Urticaria: Was sind die h\u00e4ufigsten Ursachen f\u00fcr diese Effloreszenzen?&#8220;][vc_column_text css=&#8220;.vc_custom_1613336382200{padding: 20px !important;}&#8220;]Diese Form der Effloreszenzen tritt beim Pferd h\u00e4ufig auf und ist oft mit einer Futtermittelallergie oder Insekten-Allergenen vergesellschaftet. Andererseits wird bei Pferd und Mensch auch eine exercise induced urticaria beschrieben. Allerdings gestaltet sich die Urticaria-Ursachen-Forschung sich meist als sehr m\u00fchsam und aufw\u00e4ndig.<\/p>\n<p>Da es kein allergenfreies Getreide gibt, darf ein Pferd mit Urticaria kein Kraftfutter erhalten und sollte auf Sp\u00e4ne gestellt werden und eine strikte Heu\/Gras-Di\u00e4t durchlaufen, d.h. kein M\u00fcsli und keine Leckerlis f\u00fcr mind. 2 Monate. Auch danach sollten zumindest Leckerli und M\u00fcsli vermieden werden, und wenn sie doch gef\u00fcttert werden, dann nur aus einer Getreidesorte. Sehr hilfreich gestaltet sich auch das F\u00fchren eines Tagebuches, wo jegliche Art an Ver\u00e4nderungen oder Auff\u00e4lligkeiten dokumentiert und somit nachvollzogen werden k\u00f6nnen.[\/vc_column_text][\/vc_accordion_tab][vc_accordion_tab title=&#8220;ASIT: Wann ist bei einem Sommerekzem-Pferd der beste Zeitpunkt zum Start einer ASIT?&#8220;][vc_column_text css=&#8220;.vc_custom_1613336394620{padding: 20px !important;}&#8220;]Bei einer Sensibilisierung gegen Insekten sollte die Therapie wenn m\u00f6glich am\u00a0<b>Ende<\/b>\u00a0der<b>\u00a0Saison<\/b>\u00a0begonnen werden.[\/vc_column_text][\/vc_accordion_tab][vc_accordion_tab title=&#8220;ASIT: Ein Pferd reagiert in den Einzelallergenbestimmungen bei mehr als 8 Allergenen, was empfehlen Sie?&#8220;][vc_column_text css=&#8220;.vc_custom_1613336405847{padding: 20px !important;}&#8220;]In diesem Fall ist es das Beste, zwei ASIT-Sets anfertigen zu lassen, und diese zeitgleich zu verabreichen.[\/vc_column_text][\/vc_accordion_tab][vc_accordion_tab title=&#8220;ASIT: Ein Pferd bekommt aufgrund der hohen Allergenzahl 2 ASIT-Sets.<br \/>\nIst es m\u00f6glich, beide L\u00f6sungen zu mischen bzw. in nur 1 Spritze zu applizieren?&#8220;][vc_column_text css=&#8220;.vc_custom_1613336419122{padding: 20px !important;}&#8220;]Nein, die L\u00f6sungen sollten nicht gemischt verabreicht werden. Die L\u00f6sungen sollten in separaten Spritzen aufgezogen und an zwei unterschiedlichen Stellen (z.B. links und rechts am Pferdehals ), aber zeitgleich appliziert werden. Nur bei Unvertr\u00e4glichkeitsreaktionen werden die beiden Injektionen zeitlich getrennt verabreicht (z.B. Montag und Donnerstag).[\/vc_column_text][\/vc_accordion_tab][vc_accordion_tab title=&#8220;Eliminationsdi\u00e4t f\u00fcr Pferde: Woraus setzt sie sich klassischerweise zusammen, und wie sollte sie am besten \u00fcberwacht werden?&#8220;][vc_column_text css=&#8220;.vc_custom_1613336430248{padding: 20px !important;}&#8220;]Bei der klassischen Pferdeeliminationsdi\u00e4t sollte unbedingt auf Kraftfutter, M\u00fcsli und Leckerlis verzichtet und das Tier ausschlie\u00dflich mit Heu\/Gras ern\u00e4hrt werden. Wenn Kraftfutter unbedingt gegeben werden muss (Leistung), dann sollte nur eine Getreidesorte verwendet werden.[\/vc_column_text][\/vc_accordion_tab][\/vc_accordion][\/vc_column][\/vc_row][vc_row type=&#8220;vc_default&#8220; disable_element=&#8220;yes&#8220; css=&#8220;.vc_custom_1612779038789{margin-top: -60px !important;}&#8220;][vc_column][vc_column_text][elfsight_faq id=&#8220;11&#8243;][\/vc_column_text][\/vc_column][\/vc_row]<\/p>\n<\/div>","protected":false},"excerpt":{"rendered":"<p>[vc_row][vc_column][\/vc_column][\/vc_row][vc_row type=&#8220;vc_default&#8220; css=&#8220;.vc_custom_1612778864846{margin-top: 30px !important;}&#8220;][vc_column][vc_accordion active_tab=&#8220;false&#8220; collapsible=&#8220;yes&#8220; style=&#8220;2&#8243;][vc_accordion_tab title=&#8220;Urticaria: Was sind die h\u00e4ufigsten Ursachen f\u00fcr diese Effloreszenzen?&#8220;][vc_column_text css=&#8220;.vc_custom_1613336382200{padding: 20px !important;}&#8220;]Diese Form der Effloreszenzen tritt beim Pferd h\u00e4ufig auf und ist oft mit einer Futtermittelallergie oder Insekten-Allergenen vergesellschaftet. Andererseits wird bei Pferd und Mensch auch eine exercise induced urticaria beschrieben. Allerdings gestaltet sich die Urticaria-Ursachen-Forschung sich&hellip;<\/p>\n","protected":false},"author":1,"featured_media":0,"parent":0,"menu_order":38,"comment_status":"closed","ping_status":"closed","template":"","meta":{"_seopress_robots_primary_cat":"","_seopress_titles_title":"","_seopress_titles_desc":"","_seopress_robots_index":"","footnotes":""},"class_list":["post-3102","page","type-page","status-publish","hentry","description-off"],"_links":{"self":[{"href":"https:\/\/laboklin.de\/de\/wp-json\/wp\/v2\/pages\/3102","targetHints":{"allow":["GET"]}}],"collection":[{"href":"https:\/\/laboklin.de\/de\/wp-json\/wp\/v2\/pages"}],"about":[{"href":"https:\/\/laboklin.de\/de\/wp-json\/wp\/v2\/types\/page"}],"author":[{"embeddable":true,"href":"https:\/\/laboklin.de\/de\/wp-json\/wp\/v2\/users\/1"}],"replies":[{"embeddable":true,"href":"https:\/\/laboklin.de\/de\/wp-json\/wp\/v2\/comments?post=3102"}],"version-history":[{"count":5,"href":"https:\/\/laboklin.de\/de\/wp-json\/wp\/v2\/pages\/3102\/revisions"}],"predecessor-version":[{"id":1306775,"href":"https:\/\/laboklin.de\/de\/wp-json\/wp\/v2\/pages\/3102\/revisions\/1306775"}],"wp:attachment":[{"href":"https:\/\/laboklin.de\/de\/wp-json\/wp\/v2\/media?parent=3102"}],"curies":[{"name":"wp","href":"https:\/\/api.w.org\/{rel}","templated":true}]}}