{"id":3099,"date":"2020-03-18T16:21:24","date_gmt":"2020-03-18T15:21:24","guid":{"rendered":"https:\/\/laboklin.de\/de\/?page_id=3099"},"modified":"2021-02-12T08:55:23","modified_gmt":"2021-02-12T07:55:23","slug":"faq-allergie-katze","status":"publish","type":"page","link":"https:\/\/laboklin.de\/de\/faq-allergie-katze\/","title":{"rendered":"FAQ Allergie Katze"},"content":{"rendered":"<div class=\"wpb-content-wrapper\"><p>[vc_row][vc_column]<div class=\"dt-fancy-separator title-left h3-size\" style=\"width: 100%;\"><div class=\"dt-fancy-title bg-on\" style=\"color: #e51e1e;\"><span class=\"separator-holder separator-left\"><\/span>Allergie Katze<span class=\"separator-holder separator-right\"><\/span><\/div><\/div>[\/vc_column][\/vc_row][vc_row type=&#8220;vc_default&#8220; css=&#8220;.vc_custom_1612779168448{margin-top: 30px !important;}&#8220;][vc_column][vc_accordion active_tab=&#8220;false&#8220; collapsible=&#8220;yes&#8220; style=&#8220;2&#8243;][vc_accordion_tab title=&#8220;Symptome: Eine Katze \u00e4u\u00dfert klinisch chronischen Husten, hat aber keine Hautver\u00e4nderungen.<br \/>\nKann dies auch allergisch bedingt sein?&#8220;][vc_column_text css=&#8220;.vc_custom_1613116293059{padding: 20px !important;}&#8220;]Ja, denn Katzen reagieren im Gegensatz zu Hunden viel h\u00e4ufiger mit allergiebedingten respiratorischen Symptomen und Erkrankungen (feline allergische Bronchitis, Asthma und Rhinitis). Die Hautsymptomatik steht oft erst an zweiter Stelle und \u00e4u\u00dfert sich in verschiedenen Reaktionsmustern wie miliarer Dermatitis, selbstinduzierter Alopezie und Ulcera, eosinophilem Granulomkomplex oder sogar in einer Kombination all dieser Symptome.[\/vc_column_text][\/vc_accordion_tab][vc_accordion_tab title=&#8220;Flohallergiker: Die Katze reagiert im Vortest auf das Flohallergen mit Reaktionsklasse 5.<br \/>\nHei\u00dft das, dass derzeit ein Flohbefall vorliegt bzw. wie soll weiter vorgegangen werden?&#8220;][vc_column_text css=&#8220;.vc_custom_1613116315739{padding: 20px !important;}&#8220;]Ein positives Ergebnis auf das\u00a0<b>Flohspeichel-<\/b>Allergenspricht daf\u00fcr, dass das Tier auf Floh sensibilisiert ist. Beim klinischen Vorliegen einer Flohallergie reicht bei diesen Tieren ein Floh bzw. sein Stich aus, um die Allergie-Kaskade des Immunsystems und dessen \u00fcberschie\u00dfende Antwort in Gang zu bringen. Gerade bei diesen Katzen sollte eine effiziente Flohbek\u00e4mpfung (Spot on bzw. orale Medikation) stattfinden. Ein hoher Antik\u00f6rperspiegel ist aber nicht beweisend f\u00fcr das momentane Vorliegen eines Flohbefalls.[\/vc_column_text][\/vc_accordion_tab][vc_accordion_tab title=&#8220;Eliminationsdi\u00e4t bei Freig\u00e4nger-Katzen: Wie kann sie durchgef\u00fchrt werden?&#8220;][vc_column_text css=&#8220;.vc_custom_1613116333705{padding: 20px !important;}&#8220;]Eigentlich ist bei einer Freig\u00e4nger-Katze eine Eliminationsdi\u00e4t nicht m\u00f6glich bzw. nicht aussagekr\u00e4ftig. F\u00fcr eine Durchf\u00fchrung lege artis m\u00fcsste man die Katze w\u00e4hrend dieser Zeit im Haus verwahren um auszuschlie\u00dfen, dass das Tier anderswo Futter aufnehmen kann.[\/vc_column_text][\/vc_accordion_tab][\/vc_accordion][\/vc_column][\/vc_row][vc_row type=&#8220;vc_default&#8220; disable_element=&#8220;yes&#8220; css=&#8220;.vc_custom_1612779285944{margin-top: -60px !important;}&#8220;][vc_column][vc_column_text][elfsight_faq id=&#8220;10&#8243;][\/vc_column_text][\/vc_column][\/vc_row]<\/p>\n<\/div>","protected":false},"excerpt":{"rendered":"<p>[vc_row][vc_column][\/vc_column][\/vc_row][vc_row type=&#8220;vc_default&#8220; css=&#8220;.vc_custom_1612779168448{margin-top: 30px !important;}&#8220;][vc_column][vc_accordion active_tab=&#8220;false&#8220; collapsible=&#8220;yes&#8220; style=&#8220;2&#8243;][vc_accordion_tab title=&#8220;Symptome: Eine Katze \u00e4u\u00dfert klinisch chronischen Husten, hat aber keine Hautver\u00e4nderungen. Kann dies auch allergisch bedingt sein?&#8220;][vc_column_text css=&#8220;.vc_custom_1613116293059{padding: 20px !important;}&#8220;]Ja, denn Katzen reagieren im Gegensatz zu Hunden viel h\u00e4ufiger mit allergiebedingten respiratorischen Symptomen und Erkrankungen (feline allergische Bronchitis, Asthma und Rhinitis). Die Hautsymptomatik steht oft erst an&hellip;<\/p>\n","protected":false},"author":1,"featured_media":0,"parent":0,"menu_order":37,"comment_status":"closed","ping_status":"closed","template":"","meta":{"_seopress_robots_primary_cat":"","_seopress_titles_title":"","_seopress_titles_desc":"","_seopress_robots_index":"","footnotes":""},"class_list":["post-3099","page","type-page","status-publish","hentry","description-off"],"_links":{"self":[{"href":"https:\/\/laboklin.de\/de\/wp-json\/wp\/v2\/pages\/3099","targetHints":{"allow":["GET"]}}],"collection":[{"href":"https:\/\/laboklin.de\/de\/wp-json\/wp\/v2\/pages"}],"about":[{"href":"https:\/\/laboklin.de\/de\/wp-json\/wp\/v2\/types\/page"}],"author":[{"embeddable":true,"href":"https:\/\/laboklin.de\/de\/wp-json\/wp\/v2\/users\/1"}],"replies":[{"embeddable":true,"href":"https:\/\/laboklin.de\/de\/wp-json\/wp\/v2\/comments?post=3099"}],"version-history":[{"count":6,"href":"https:\/\/laboklin.de\/de\/wp-json\/wp\/v2\/pages\/3099\/revisions"}],"predecessor-version":[{"id":1306285,"href":"https:\/\/laboklin.de\/de\/wp-json\/wp\/v2\/pages\/3099\/revisions\/1306285"}],"wp:attachment":[{"href":"https:\/\/laboklin.de\/de\/wp-json\/wp\/v2\/media?parent=3099"}],"curies":[{"name":"wp","href":"https:\/\/api.w.org\/{rel}","templated":true}]}}