{"id":3084,"date":"2020-03-18T14:47:48","date_gmt":"2020-03-18T13:47:48","guid":{"rendered":"https:\/\/laboklin.de\/de\/?page_id=3084"},"modified":"2021-02-12T08:56:16","modified_gmt":"2021-02-12T07:56:16","slug":"nachweis-von-infektionserregern-mittels-pcr","status":"publish","type":"page","link":"https:\/\/laboklin.de\/de\/nachweis-von-infektionserregern-mittels-pcr\/","title":{"rendered":"FAQ Nachweis von Infektionserregern mittels PCR"},"content":{"rendered":"<div class=\"wpb-content-wrapper\"><p>[vc_row][vc_column]<div class=\"dt-fancy-separator title-left h3-size\" style=\"width: 100%;\"><div class=\"dt-fancy-title bg-on\" style=\"color: #e51e1e;\"><span class=\"separator-holder separator-left\"><\/span>Infektionserregern mittels PCR<span class=\"separator-holder separator-right\"><\/span><\/div><\/div>[\/vc_column][\/vc_row][vc_row type=&#8220;vc_default&#8220; css=&#8220;.vc_custom_1612777665132{margin-top: 30px !important;}&#8220;][vc_column][vc_accordion active_tab=&#8220;0&#8243; collapsible=&#8220;yes&#8220; style=&#8220;2&#8243;][vc_accordion_tab title=&#8220;Welche Probenmaterialien sind f\u00fcr einen Infektionserregernachweis mittels PCR geeignet?&#8220;][vc_column_text css=&#8220;.vc_custom_1613116559028{padding: 20px !important;}&#8220;]Das f\u00fcr eine PCR\u00a0einzusendende Probenmaterial h\u00e4ngt\u00a0entscheidend vom nachzuweisenden Erreger und der vorliegenden Symptomatik bzw. Fragestellung ab. Abh\u00e4ngig von der Ausbreitung des Erregers im K\u00f6rper und dessen Ausscheidung sind verschiedene Probenmaterialien geeignet.<\/p>\n<p>Erreger, die eine Vir\u00e4mie, Parasit\u00e4mie oder Bakteri\u00e4mie verursachen, k\u00f6nnen in dieser Phase der Infektion direkt in einer\u00a0<b>EDTA-Blutprobe\u00a0<\/b>nachgewiesen werden. Lithium-Heparin als Antikoagulans ist weniger gut geeignet, da es die PCR inhibieren kann. Bei Blutproben wie bei anderen fl\u00fcssigen Proben wird eine Menge von mindestens 0,2 ml ben\u00f6tigt.<\/p>\n<p>Im Gegensatz zur bakteriologischen\/mykologischen Untersuchung werden f\u00fcr PCR-Untersuchungen sterile\u00a0<b>Abstrichtupfer ohne Transportmedium<\/b>\u00a0empfohlen. Bei geringer Erregerkonzentration kann es bei Abstrichen in Medium zu falsch negativen Ergebnissen kommen. Die Tupfer k\u00f6nnen f\u00fcr die Probenentnahme mit physiologischer Kochsalzl\u00f6sung angefeuchtet werden. Ebenso eignen sich f\u00fcr PCR-Untersuchungen sog. Cytobrushes (B\u00fcrstchentupfer), die in einem unbeschichteten, sterilen R\u00f6hrchen versendet werden k\u00f6nnen.<\/p>\n<p>F\u00fcr Erregernachweise aus\u00a0<b>Kot<\/b>\u00a0werden ca. haselnussgro\u00dfe Probenmengen ben\u00f6tigt. F\u00fcr manche Erreger (z.B. Coronavirus, Tritrichomonas foetus) empfehlen wir Sammelkotproben \u00fcber 3 Tage, da diese Erreger mit dem Kot intermittierend ausgeschieden werden.<\/p>\n<p>Weitere Probenmaterialien wie z.B. Hautbiopsien, Organmaterial, Urin, Synovia, Liquor, Knochenmark- und Lymphknotenpunktate werden f\u00fcr PCR-Untersuchungen am besten in sterilen, unbeschichteten Probengef\u00e4\u00dfen verschickt. Fixierungsl\u00f6sungen wie Formalin o.\u00e4. k\u00f6nnen zu DNA-Degradation, PCR-Inhibition und damit zu falsch negativen Ergebnissen f\u00fchren.[\/vc_column_text][\/vc_accordion_tab][vc_accordion_tab title=&#8220;M\u00fcssen die Proben gek\u00fchlt versendet werden?&#8220;][vc_column_text css=&#8220;.vc_custom_1613116572257{padding: 20px !important;}&#8220;]Die Proben m\u00fcssen i.d.R. nicht gek\u00fchlt verschickt werden. Bis zum Versand kann das Probenmaterial im K\u00fchlschrank bei 2-8\u00b0C gelagert werden. Wiederholtes Einfrieren\/Auftauen sollte unbedingt vermieden werden.[\/vc_column_text][\/vc_accordion_tab][\/vc_accordion][\/vc_column][\/vc_row][vc_row type=&#8220;vc_default&#8220; disable_element=&#8220;yes&#8220; css=&#8220;.vc_custom_1612777675088{margin-top: -60px !important;}&#8220;][vc_column][vc_column_text][elfsight_faq id=&#8220;6&#8243;][\/vc_column_text][\/vc_column][\/vc_row]<\/p>\n<\/div>","protected":false},"excerpt":{"rendered":"<p>[vc_row][vc_column][\/vc_column][\/vc_row][vc_row type=&#8220;vc_default&#8220; css=&#8220;.vc_custom_1612777665132{margin-top: 30px !important;}&#8220;][vc_column][vc_accordion active_tab=&#8220;0&#8243; collapsible=&#8220;yes&#8220; style=&#8220;2&#8243;][vc_accordion_tab title=&#8220;Welche Probenmaterialien sind f\u00fcr einen Infektionserregernachweis mittels PCR geeignet?&#8220;][vc_column_text css=&#8220;.vc_custom_1613116559028{padding: 20px !important;}&#8220;]Das f\u00fcr eine PCR\u00a0einzusendende Probenmaterial h\u00e4ngt\u00a0entscheidend vom nachzuweisenden Erreger und der vorliegenden Symptomatik bzw. Fragestellung ab. Abh\u00e4ngig von der Ausbreitung des Erregers im K\u00f6rper und dessen Ausscheidung sind verschiedene Probenmaterialien geeignet. Erreger, die eine Vir\u00e4mie, Parasit\u00e4mie&hellip;<\/p>\n","protected":false},"author":1,"featured_media":0,"parent":0,"menu_order":33,"comment_status":"closed","ping_status":"closed","template":"","meta":{"_seopress_robots_primary_cat":"","_seopress_titles_title":"","_seopress_titles_desc":"","_seopress_robots_index":"","footnotes":""},"class_list":["post-3084","page","type-page","status-publish","hentry","description-off"],"_links":{"self":[{"href":"https:\/\/laboklin.de\/de\/wp-json\/wp\/v2\/pages\/3084","targetHints":{"allow":["GET"]}}],"collection":[{"href":"https:\/\/laboklin.de\/de\/wp-json\/wp\/v2\/pages"}],"about":[{"href":"https:\/\/laboklin.de\/de\/wp-json\/wp\/v2\/types\/page"}],"author":[{"embeddable":true,"href":"https:\/\/laboklin.de\/de\/wp-json\/wp\/v2\/users\/1"}],"replies":[{"embeddable":true,"href":"https:\/\/laboklin.de\/de\/wp-json\/wp\/v2\/comments?post=3084"}],"version-history":[{"count":6,"href":"https:\/\/laboklin.de\/de\/wp-json\/wp\/v2\/pages\/3084\/revisions"}],"predecessor-version":[{"id":1306286,"href":"https:\/\/laboklin.de\/de\/wp-json\/wp\/v2\/pages\/3084\/revisions\/1306286"}],"wp:attachment":[{"href":"https:\/\/laboklin.de\/de\/wp-json\/wp\/v2\/media?parent=3084"}],"curies":[{"name":"wp","href":"https:\/\/api.w.org\/{rel}","templated":true}]}}