{"id":1585287,"date":"2026-01-30T09:00:35","date_gmt":"2026-01-30T08:00:35","guid":{"rendered":"https:\/\/laboklin.de\/?page_id=1585287"},"modified":"2026-01-30T09:00:35","modified_gmt":"2026-01-30T08:00:35","slug":"hypercalcaemieprofil-calcium-ionisiert","status":"publish","type":"page","link":"https:\/\/laboklin.de\/de\/leistungen\/profile\/profile-screenings-kleintiere\/klinisch-chemische-profile-screenings-kleintiere\/hypercalcaemieprofil-calcium-ionisiert\/","title":{"rendered":"Hypercalc\u00e4mieprofil + Calcium ionisiert"},"content":{"rendered":"<h3 class=\"csc-firstHeader\">Hypercalc\u00e4mieprofil + Calcium ionisiert<\/h3><p><span>LABOKLIN Leistungs-ID: 667<\/span><\/p><p class=\"bodytext\">Das Profil unterst\u00fctzt eine strukturierte, pathophysiologisch fundierte Abkl\u00e4rung von Calcium- und Phosphatstoffwechselst\u00f6rungen.<\/p><table class=\"tx-laboklinleistung-table contenttable contenttable-2\" style=\"margin-top: 35px;\"><tr><td class=\"td-0\"><strong>Material<\/strong><\/td><td class=\"td-1\"><p class=\"bodytext\">Serum 1 ml (zeitnah nach der Koagulation zentrifugiert, abpipettiert und mindestens gek\u00fchlt \u2013 m\u00f6glichst gefroren) <br> UND Serum 1 ml ODER Heparin-Plasma 1ml (unter Luftabschluss gewonnen)<\/p><\/td><\/tr><tr><td class=\"td-0\"><strong>Parameter<\/strong><\/td><td class=\"td-1\"><p class=\"bodytext\">Parathormon (PTH), Vitamin D (25OH), Calcium, Calcium ionisiert*, Phosphat <br> Die Bestimmung der PTH-rP Konzentration ist derzeit leider nicht m\u00f6glich, da unsere Partnerlabore aufgrund von Lieferengp\u00e4ssen beim Testkithersteller aktuell keine Analysen durchf\u00fchren k\u00f6nnen.<\/p><\/td><\/tr><tr><td class=\"td-0\"><strong>Tierart(en)<\/strong><\/td><td class=\"td-1\"><p class=\"bodytext\">Hund, Katze<\/p><\/td><\/tr><tr><td class=\"td-0\"><strong>Anmerkung<\/strong><\/td><td class=\"td-1\"><p class=\"bodytext\"><ul><li> Die PTH-Konzentration sollte im Zusammenhang mit Calcium\/ionisiertem Calcium (+ evtl. Phosphat) beurteilt werden.<\/li><li> Bei Hypercalc\u00e4mie ist eine PTH-Konzentration, die im Referenzbereich liegt oder diesen \u00fcberschreitet, als inad\u00e4quat erh\u00f6ht anzusehen. Ein sekund\u00e4r renaler Hyperparathyroidismus sollte ausgeschlossen werden. <\/li><li> PTH-rP unterst\u00fctzt die Identifikation paraneoplastischer Hypercalc\u00e4mien (z. B. Lymphom, Analbeutelkarzinom beim Hund).  <\/li><li> Phosphat und Vitamin D (25OH) dienen der Abgrenzung eines sekund\u00e4r renalen Hyperparathyreoidismus bzw. einer Vitamin-D-bedingten Hypercalc\u00e4mie. <\/li><li> Bei Katzen ist die idiopathische Hypercalc\u00e4mie die h\u00e4ufigste Form; seltener entsteht sie sekund\u00e4r infolge CNI.<\/li><\/ul><\/p><\/td><\/tr><\/table>\n","protected":false},"excerpt":{"rendered":"<p>Hypercalc\u00e4mieprofil + Calcium ionisiertLABOKLIN Leistungs-ID: 667Das Profil unterst\u00fctzt eine strukturierte, pathophysiologisch fundierte Abkl\u00e4rung von Calcium- und Phosphatstoffwechselst\u00f6rungen.MaterialSerum 1 ml (zeitnah nach der Koagulation zentrifugiert, abpipettiert und mindestens gek\u00fchlt \u2013 m\u00f6glichst gefroren) UND Serum 1 ml ODER Heparin-Plasma 1ml (unter Luftabschluss gewonnen)ParameterParathormon (PTH), Vitamin D (25OH), Calcium, Calcium ionisiert*, Phosphat Die Bestimmung der PTH-rP Konzentration ist&hellip;<\/p>\n","protected":false},"author":10,"featured_media":0,"parent":511000,"menu_order":46,"comment_status":"closed","ping_status":"closed","template":"","meta":{"_seopress_robots_primary_cat":"","_seopress_titles_title":"","_seopress_titles_desc":"","_seopress_robots_index":"","footnotes":""},"class_list":["post-1585287","page","type-page","status-publish","hentry","description-off"],"_links":{"self":[{"href":"https:\/\/laboklin.de\/de\/wp-json\/wp\/v2\/pages\/1585287","targetHints":{"allow":["GET"]}}],"collection":[{"href":"https:\/\/laboklin.de\/de\/wp-json\/wp\/v2\/pages"}],"about":[{"href":"https:\/\/laboklin.de\/de\/wp-json\/wp\/v2\/types\/page"}],"author":[{"embeddable":true,"href":"https:\/\/laboklin.de\/de\/wp-json\/wp\/v2\/users\/10"}],"replies":[{"embeddable":true,"href":"https:\/\/laboklin.de\/de\/wp-json\/wp\/v2\/comments?post=1585287"}],"version-history":[{"count":1,"href":"https:\/\/laboklin.de\/de\/wp-json\/wp\/v2\/pages\/1585287\/revisions"}],"predecessor-version":[{"id":1585290,"href":"https:\/\/laboklin.de\/de\/wp-json\/wp\/v2\/pages\/1585287\/revisions\/1585290"}],"up":[{"embeddable":true,"href":"https:\/\/laboklin.de\/de\/wp-json\/wp\/v2\/pages\/511000"}],"wp:attachment":[{"href":"https:\/\/laboklin.de\/de\/wp-json\/wp\/v2\/media?parent=1585287"}],"curies":[{"name":"wp","href":"https:\/\/api.w.org\/{rel}","templated":true}]}}