{"id":1584985,"date":"2026-01-30T08:57:48","date_gmt":"2026-01-30T07:57:48","guid":{"rendered":"https:\/\/laboklin.de\/?page_id=1584985"},"modified":"2026-01-30T08:57:48","modified_gmt":"2026-01-30T07:57:48","slug":"hypercalcaemieprofil","status":"publish","type":"page","link":"https:\/\/laboklin.de\/de\/leistungen\/profile\/profile-screenings-kleintiere\/klinisch-chemische-profile-screenings-kleintiere\/hypercalcaemieprofil\/","title":{"rendered":"Hypercalc\u00e4mieprofil"},"content":{"rendered":"<h3 class=\"csc-firstHeader\">Hypercalc\u00e4mieprofil <\/h3><p><span>LABOKLIN Leistungs-ID: 666<\/span><\/p><p class=\"bodytext\">Das Profil unterst\u00fctzt eine strukturierte, pathophysiologisch fundierte Abkl\u00e4rung von Calcium- und Phosphatstoffwechselst\u00f6rungen.<\/p><table class=\"tx-laboklinleistung-table contenttable contenttable-2\" style=\"margin-top: 35px;\"><tr><td class=\"td-0\"><strong>Material<\/strong><\/td><td class=\"td-1\"><p class=\"bodytext\">Serum 1ml (zeitnah nach der Koagulation zentrifugiert, abpipettiert und mindestens gek\u00fchlt \u2013 m\u00f6glichst gefroren)<\/p><\/td><\/tr><tr><td class=\"td-0\"><strong>Parameter<\/strong><\/td><td class=\"td-1\"><p class=\"bodytext\">Parathormon (PTH), Vitamin D (25OH), Calcium, Phosphat<br>Die Bestimmung der PTH-rP Konzentration ist derzeit leider nicht m\u00f6glich, da unsere Partnerlabore aufgrund von Lieferengp\u00e4ssen beim Testkithersteller aktuell keine Analysen durchf\u00fchren k\u00f6nnen.<\/p><\/td><\/tr><tr><td class=\"td-0\"><strong>Tierart(en)<\/strong><\/td><td class=\"td-1\"><p class=\"bodytext\">Hund, Katze<\/p><\/td><\/tr><tr><td class=\"td-0\"><strong>Anmerkung<\/strong><\/td><td class=\"td-1\"><p class=\"bodytext\"><ul><li> Die PTH-Konzentration sollte im Zusammenhang mit Calcium (+ evtl. Phosphat) beurteilt werden.<\/li><li> Bei Hypercalc\u00e4mie ist eine PTH-Konzentration, die im Referenzbereich liegt oder diesen \u00fcberschreitet, als inad\u00e4quat erh\u00f6ht anzusehen. Ein sekund\u00e4r renaler Hyperparathyroidismus sollte ausgeschlossen werden. <\/li><li> PTH-rP unterst\u00fctzt die Identifikation paraneoplastischer Hypercalc\u00e4mien (z. B. Lymphom, Analbeutelkarzinom beim Hund).  <\/li><li> Phosphat und Vitamin D (25OH) dienen der Abgrenzung eines sekund\u00e4r renalen Hyperparathyreoidismus bzw. einer Vitamin-D-bedingten Hypercalc\u00e4mie. <\/li><li> Bei Katzen ist die idiopathische Hypercalc\u00e4mie die h\u00e4ufigste Form; seltener entsteht sie sekund\u00e4r infolge CNI. <\/li><li> Das Hypercalc\u00e4mie-Profil und ionisiertes Calcium k\u00f6nnen gemeinsam \u00fcber die Leistungsnummer 667 angefordert werden. In diesem Fall senden Sie bitte zus\u00e4tzlich ein Serum- oder Heparin-Plasmar\u00f6hrchen, das unter Luftabschluss gewonnen wurde.<\/li><\/ul><\/p><\/td><\/tr><\/table>\n","protected":false},"excerpt":{"rendered":"<p>Hypercalc\u00e4mieprofil LABOKLIN Leistungs-ID: 666Das Profil unterst\u00fctzt eine strukturierte, pathophysiologisch fundierte Abkl\u00e4rung von Calcium- und Phosphatstoffwechselst\u00f6rungen.MaterialSerum 1ml (zeitnah nach der Koagulation zentrifugiert, abpipettiert und mindestens gek\u00fchlt \u2013 m\u00f6glichst gefroren)ParameterParathormon (PTH), Vitamin D (25OH), Calcium, PhosphatDie Bestimmung der PTH-rP Konzentration ist derzeit leider nicht m\u00f6glich, da unsere Partnerlabore aufgrund von Lieferengp\u00e4ssen beim Testkithersteller aktuell keine Analysen durchf\u00fchren&hellip;<\/p>\n","protected":false},"author":10,"featured_media":0,"parent":511000,"menu_order":46,"comment_status":"closed","ping_status":"closed","template":"","meta":{"_seopress_robots_primary_cat":"","_seopress_titles_title":"","_seopress_titles_desc":"","_seopress_robots_index":"","footnotes":""},"class_list":["post-1584985","page","type-page","status-publish","hentry","description-off"],"_links":{"self":[{"href":"https:\/\/laboklin.de\/de\/wp-json\/wp\/v2\/pages\/1584985","targetHints":{"allow":["GET"]}}],"collection":[{"href":"https:\/\/laboklin.de\/de\/wp-json\/wp\/v2\/pages"}],"about":[{"href":"https:\/\/laboklin.de\/de\/wp-json\/wp\/v2\/types\/page"}],"author":[{"embeddable":true,"href":"https:\/\/laboklin.de\/de\/wp-json\/wp\/v2\/users\/10"}],"replies":[{"embeddable":true,"href":"https:\/\/laboklin.de\/de\/wp-json\/wp\/v2\/comments?post=1584985"}],"version-history":[{"count":1,"href":"https:\/\/laboklin.de\/de\/wp-json\/wp\/v2\/pages\/1584985\/revisions"}],"predecessor-version":[{"id":1584988,"href":"https:\/\/laboklin.de\/de\/wp-json\/wp\/v2\/pages\/1584985\/revisions\/1584988"}],"up":[{"embeddable":true,"href":"https:\/\/laboklin.de\/de\/wp-json\/wp\/v2\/pages\/511000"}],"wp:attachment":[{"href":"https:\/\/laboklin.de\/de\/wp-json\/wp\/v2\/media?parent=1584985"}],"curies":[{"name":"wp","href":"https:\/\/api.w.org\/{rel}","templated":true}]}}