{"id":1571965,"date":"2025-11-05T09:53:48","date_gmt":"2025-11-05T08:53:48","guid":{"rendered":"https:\/\/laboklin.de\/?page_id=1571965"},"modified":"2025-11-05T09:58:02","modified_gmt":"2025-11-05T08:58:02","slug":"emydomyces-testavorans","status":"publish","type":"page","link":"https:\/\/laboklin.de\/de\/leistungen\/infektionskrankheiten-erreger-und-antikoerpernachweise\/pilze\/emydomyces-testavorans\/","title":{"rendered":"Emydomyces testavorans"},"content":{"rendered":"<div class=\"wpb-content-wrapper\"><p>[vc_row][vc_column][vc_column_text]<h3>Leistungsspektrum<\/h3><div class=\"vc_tta-panels-container\"><div class=\"vc_tta-panels\"><li class=\"menu-item sub-page\"><a href=\"https:\/\/laboklin.de\/de\/leistungen\/infektionskrankheiten-erreger-und-antikoerpernachweise\/pilze\/emydomyces-testavorans\/emydomyces-testavorans-pcr\/\">Emydomyces testavorans - PCR<\/a><\/li><\/div><\/div>[\/vc_column_text][\/vc_column][\/vc_row][vc_row][vc_column][vc_column_text css=&#8220;.vc_custom_1762332458491{margin-top: 40px !important;}&#8220;]<\/p>\n<h3><div class=\"gap\" style=\"line-height: 20px; height: 20px;\"><\/div><\/h3>\n<h3>Allgemeine Informationen<\/h3>\n<p>Emydomyces testavorans<em>\u00a0<\/em>wurde 2019 erst beschrieben und ist ein keratinophiler Pilz aus der Ordnung Onygenales. Dieser wurde bisher nur bei Wasser- und Sumpfschildkr\u00f6ten und sowohl bei Tieren aus privater Haltung als auch bei wildlebenden Schildkr\u00f6ten dokumentiert. Eine Infektion ist im Zusammenhang mit diversen Panzerl\u00e4sionen (v.a. ulzerativ), Osteonekrose, aber auch raumfordernden epithelialen Einschlusszysten beschrieben.[\/vc_column_text][\/vc_column][\/vc_row]<\/p>\n<\/div>","protected":false},"excerpt":{"rendered":"<p>[vc_row][vc_column][vc_column_text][\/vc_column_text][\/vc_column][\/vc_row][vc_row][vc_column][vc_column_text css=&#8220;.vc_custom_1762332458491{margin-top: 40px !important;}&#8220;] Allgemeine Informationen Emydomyces testavorans\u00a0wurde 2019 erst beschrieben und ist ein keratinophiler Pilz aus der Ordnung Onygenales. Dieser wurde bisher nur bei Wasser- und Sumpfschildkr\u00f6ten und sowohl bei Tieren aus privater Haltung als auch bei wildlebenden Schildkr\u00f6ten dokumentiert. Eine Infektion ist im Zusammenhang mit diversen Panzerl\u00e4sionen (v.a. ulzerativ), Osteonekrose, aber auch raumfordernden&hellip;<\/p>\n","protected":false},"author":23,"featured_media":0,"parent":930000,"menu_order":3,"comment_status":"closed","ping_status":"closed","template":"","meta":{"_seopress_robots_primary_cat":"","_seopress_titles_title":"","_seopress_titles_desc":"","_seopress_robots_index":"","footnotes":""},"class_list":["post-1571965","page","type-page","status-publish","hentry","description-off"],"_links":{"self":[{"href":"https:\/\/laboklin.de\/de\/wp-json\/wp\/v2\/pages\/1571965","targetHints":{"allow":["GET"]}}],"collection":[{"href":"https:\/\/laboklin.de\/de\/wp-json\/wp\/v2\/pages"}],"about":[{"href":"https:\/\/laboklin.de\/de\/wp-json\/wp\/v2\/types\/page"}],"author":[{"embeddable":true,"href":"https:\/\/laboklin.de\/de\/wp-json\/wp\/v2\/users\/23"}],"replies":[{"embeddable":true,"href":"https:\/\/laboklin.de\/de\/wp-json\/wp\/v2\/comments?post=1571965"}],"version-history":[{"count":1,"href":"https:\/\/laboklin.de\/de\/wp-json\/wp\/v2\/pages\/1571965\/revisions"}],"predecessor-version":[{"id":1571966,"href":"https:\/\/laboklin.de\/de\/wp-json\/wp\/v2\/pages\/1571965\/revisions\/1571966"}],"up":[{"embeddable":true,"href":"https:\/\/laboklin.de\/de\/wp-json\/wp\/v2\/pages\/930000"}],"wp:attachment":[{"href":"https:\/\/laboklin.de\/de\/wp-json\/wp\/v2\/media?parent=1571965"}],"curies":[{"name":"wp","href":"https:\/\/api.w.org\/{rel}","templated":true}]}}