{"id":1566675,"date":"2025-10-09T14:23:46","date_gmt":"2025-10-09T12:23:46","guid":{"rendered":"https:\/\/laboklin.de\/?page_id=1566675"},"modified":"2025-10-09T14:23:46","modified_gmt":"2025-10-09T12:23:46","slug":"mo-molybdaen","status":"publish","type":"page","link":"https:\/\/laboklin.de\/de\/leistungen\/haematologie-klin-chemie-endokrinologie\/klinisch-chemische-parameter\/mineralstoffe-und-elektrolyte\/mo-molybdaen\/","title":{"rendered":"Mo (Molybd\u00e4n)"},"content":{"rendered":"<h3 class=\"csc-firstHeader\">Mo (Molybd\u00e4n)<\/h3><p><span>LABOKLIN Leistungs-ID: 1420<\/span><\/p><table class=\"tx-laboklinleistung-table contenttable contenttable-2\" style=\"margin-top: 35px;\"><tr><td class=\"td-0\"><strong>Material<\/strong><\/td><td class=\"td-1\"><p class=\"bodytext\">Serum 0,5 ml<\/p><\/td><\/tr><tr><td class=\"td-0\"><strong>Methode<\/strong><\/td><td class=\"td-1\"><p class=\"bodytext\">Inductively Coupled Plasma Mass Spectrometry (ICP-MS)<\/p><\/td><\/tr><tr><td class=\"td-0\"><strong>Dauer<\/strong><\/td><td class=\"td-1\"><p class=\"bodytext\">1\u20133 Arbeitstage<\/p><\/td><\/tr><tr><td class=\"td-0\"><strong>Anmerkung<\/strong><\/td><td class=\"td-1\"><p class=\"bodytext\"><ul><li>Molybd\u00e4n ist ein essentielles Spurenelement und Bestandteil bedeutender Enzyme (z. B. Xanthinoxidase, Sulfitoxidase).<\/li><li>Eine Molybd\u00e4nunterversorgung kann zu An\u00e4mie, Durchfall und L\u00e4hmungen f\u00fchren. Zu beachten ist ein Antagonismus mit Kupfer \u2013 besonders relevant bei Rindern und Schafen auf molybd\u00e4nreichen oder schwefelhaltigen B\u00f6den: Bei hoher Molybd\u00e4nzufuhr kann es beim Wiederk\u00e4uer zu sekund\u00e4rem Kupfermangel kommen, da Molybd\u00e4n mit Schwefel Kupfer bindet (Bildung von Thiomolybdaten). In der Folge k\u00f6nnen hypochrome An\u00e4mie, Knochenwachstumsst\u00f6rungen, Durchfall und Pigmentverlust im Haarkleid auftreten.<\/li><\/ul><\/p><\/td><\/tr><\/table>\n","protected":false},"excerpt":{"rendered":"<p>Mo (Molybd\u00e4n)LABOKLIN Leistungs-ID: 1420MaterialSerum 0,5 mlMethodeInductively Coupled Plasma Mass Spectrometry (ICP-MS)Dauer1\u20133 ArbeitstageAnmerkungMolybd\u00e4n ist ein essentielles Spurenelement und Bestandteil bedeutender Enzyme (z. B. Xanthinoxidase, Sulfitoxidase).Eine Molybd\u00e4nunterversorgung kann zu An\u00e4mie, Durchfall und L\u00e4hmungen f\u00fchren. Zu beachten ist ein Antagonismus mit Kupfer \u2013 besonders relevant bei Rindern und Schafen auf molybd\u00e4nreichen oder schwefelhaltigen B\u00f6den: Bei hoher Molybd\u00e4nzufuhr kann&hellip;<\/p>\n","protected":false},"author":18,"featured_media":0,"parent":623000,"menu_order":5,"comment_status":"closed","ping_status":"closed","template":"","meta":{"_seopress_robots_primary_cat":"","_seopress_titles_title":"","_seopress_titles_desc":"","_seopress_robots_index":"","footnotes":""},"class_list":["post-1566675","page","type-page","status-publish","hentry","description-off"],"_links":{"self":[{"href":"https:\/\/laboklin.de\/de\/wp-json\/wp\/v2\/pages\/1566675","targetHints":{"allow":["GET"]}}],"collection":[{"href":"https:\/\/laboklin.de\/de\/wp-json\/wp\/v2\/pages"}],"about":[{"href":"https:\/\/laboklin.de\/de\/wp-json\/wp\/v2\/types\/page"}],"author":[{"embeddable":true,"href":"https:\/\/laboklin.de\/de\/wp-json\/wp\/v2\/users\/18"}],"replies":[{"embeddable":true,"href":"https:\/\/laboklin.de\/de\/wp-json\/wp\/v2\/comments?post=1566675"}],"version-history":[{"count":2,"href":"https:\/\/laboklin.de\/de\/wp-json\/wp\/v2\/pages\/1566675\/revisions"}],"predecessor-version":[{"id":1569173,"href":"https:\/\/laboklin.de\/de\/wp-json\/wp\/v2\/pages\/1566675\/revisions\/1569173"}],"up":[{"embeddable":true,"href":"https:\/\/laboklin.de\/de\/wp-json\/wp\/v2\/pages\/623000"}],"wp:attachment":[{"href":"https:\/\/laboklin.de\/de\/wp-json\/wp\/v2\/media?parent=1566675"}],"curies":[{"name":"wp","href":"https:\/\/api.w.org\/{rel}","templated":true}]}}