{"id":1566493,"date":"2025-10-08T15:59:03","date_gmt":"2025-10-08T13:59:03","guid":{"rendered":"https:\/\/laboklin.de\/?page_id=1566493"},"modified":"2026-01-08T16:13:30","modified_gmt":"2026-01-08T15:13:30","slug":"leishmanien-resistenz","status":"publish","type":"page","link":"https:\/\/laboklin.de\/de\/leistungen\/profile\/profile-screenings-kleintiere\/reiseprofile-thrombozyten-profile-zecken\/leishmanien-resistenz\/","title":{"rendered":"Leishmanien (Resistenz)"},"content":{"rendered":"<h3 class=\"csc-firstHeader\">Leishmanien (Resistenz gegen\u00fcber Allopurinol)<\/h3><p><span>LABOKLIN Leistungs-ID: 1107<\/span><\/p><p class=\"bodytext\"><br>Indikationen: <ul><li>Therapieversagen bei einem Hund mit bekannter Leishmaniose unter Allopurinol<\/li><li> unmittelbar bei Erstdiagnose zur weiteren Therapieentscheidung<\/li><\/ul><\/p><table class=\"tx-laboklinleistung-table contenttable contenttable-2\" style=\"margin-top: 35px;\"><tr><td class=\"td-0\"><strong>Material<\/strong><\/td><td class=\"td-1\"><p class=\"bodytext\">Knochenmark (bevorzugt), Gewebe (Lymphknotenaspirat, Milz, Hautkrusten), EDTA-Blut 1 ml<\/p><\/td><\/tr><tr><td class=\"td-0\"><strong>Methode<\/strong><\/td><td class=\"td-1\"><p class=\"bodytext\">Kultur<br>+ realtime PCR (quantitativer Leishmania infantum-Nachweis)<br>+ droplet digital PCR (Quantifizierung des METK-Gens)<\/p><\/td><\/tr><tr><td class=\"td-0\"><strong>Tierart(en)<\/strong><\/td><td class=\"td-1\"><p class=\"bodytext\">Hund<\/p><\/td><\/tr><tr><td class=\"td-0\"><strong>Dauer<\/strong><\/td><td class=\"td-1\"><p class=\"bodytext\">5-6 Arbeitstage<\/p><\/td><\/tr><tr><td class=\"td-0\"><strong>Anmerkung<\/strong><\/td><td class=\"td-1\"><p class=\"bodytext\"><ul><li><strong>Einsendematerial: Knochenmark<\/strong> wird bevorzugt, auch <strong>Hautkrusten (u.a. aus Ohrrandl\u00e4sionen)<\/strong> eignen sich aufgrund der oft hohen Erregerkonzentration gut. Im <strong>EDTA-Blut<\/strong> ist die Erregerkonzentration meist geringer.<\/li><li>Es wird vorab eine kulturelle Anreicherung durchgef\u00fchrt. Es besteht bei geringer Erregerkonzentration dennoch die M\u00f6glichkeit, dass trotz kultureller Anzucht die ben\u00f6tigte Erregermenge nicht erreicht werden kann (v. a. bei EDTA-Blutproben).<\/li><li>Der Nachweis der Allopurinol-Resistenz erfolgt mittels Quantifizierung des METK-Gens. Die droplet digital PCR (ddPCR) zur Bestimmung der METK-Gen-Kopienzahl ist allerdings nur m\u00f6glich, wenn in der realtime PCR Leishmania infantum in ausreichender Menge nachgewiesen wurde. Sollte die ddPCR nicht durchgef\u00fchrt werden k\u00f6nnen, wird ein niedrigerer Preis in Rechnung gestellt.<\/li><li>Eine METK-Gen-Kopienzahl < 3,0 wird aktuell als stark hinweisend f\u00fcr eine Resistenz angesehen, eine Kopienzahl < 4,0 als verd\u00e4chtig.<\/li><\/ul><\/p><\/td><\/tr><\/table>\n","protected":false},"excerpt":{"rendered":"<p>Genetischer Nachweis von Allopurinol-Resistenz bei caniner Leishmaniose per PCR \u2013 essenziell bei Therapieversagen oder R\u00fcckf\u00e4llen. Kombiniert mit Monitoring-Profil f\u00fcr Hunde.<\/p>\n","protected":false},"author":18,"featured_media":0,"parent":513000,"menu_order":8,"comment_status":"closed","ping_status":"closed","template":"","meta":{"_seopress_robots_primary_cat":"","_seopress_titles_title":"","_seopress_titles_desc":"Genetischer Nachweis von Allopurinol-Resistenz bei caniner Leishmaniose per PCR \u2013 essenziell bei Therapieversagen oder R\u00fcckf\u00e4llen. Kombiniert mit Monitoring-Profil f\u00fcr Hunde.","_seopress_robots_index":"","footnotes":""},"class_list":["post-1566493","page","type-page","status-publish","hentry","description-off"],"_links":{"self":[{"href":"https:\/\/laboklin.de\/de\/wp-json\/wp\/v2\/pages\/1566493","targetHints":{"allow":["GET"]}}],"collection":[{"href":"https:\/\/laboklin.de\/de\/wp-json\/wp\/v2\/pages"}],"about":[{"href":"https:\/\/laboklin.de\/de\/wp-json\/wp\/v2\/types\/page"}],"author":[{"embeddable":true,"href":"https:\/\/laboklin.de\/de\/wp-json\/wp\/v2\/users\/18"}],"replies":[{"embeddable":true,"href":"https:\/\/laboklin.de\/de\/wp-json\/wp\/v2\/comments?post=1566493"}],"version-history":[{"count":3,"href":"https:\/\/laboklin.de\/de\/wp-json\/wp\/v2\/pages\/1566493\/revisions"}],"predecessor-version":[{"id":1580903,"href":"https:\/\/laboklin.de\/de\/wp-json\/wp\/v2\/pages\/1566493\/revisions\/1580903"}],"up":[{"embeddable":true,"href":"https:\/\/laboklin.de\/de\/wp-json\/wp\/v2\/pages\/513000"}],"wp:attachment":[{"href":"https:\/\/laboklin.de\/de\/wp-json\/wp\/v2\/media?parent=1566493"}],"curies":[{"name":"wp","href":"https:\/\/api.w.org\/{rel}","templated":true}]}}