{"id":1550716,"date":"2025-07-21T08:13:08","date_gmt":"2025-07-21T06:13:08","guid":{"rendered":"https:\/\/laboklin.de\/?page_id=1550716"},"modified":"2025-07-21T08:13:08","modified_gmt":"2025-07-21T06:13:08","slug":"agp","status":"publish","type":"page","link":"https:\/\/laboklin.de\/de\/leistungen\/haematologie-klin-chemie-endokrinologie\/immunologische-untersuchungen-entzuendungsparameter\/agp\/","title":{"rendered":"AGP (\u03b11-saures Glycoprotein)"},"content":{"rendered":"<h3 class=\"csc-firstHeader\">AGP (\u03b11-saures Glycoprotein)<\/h3><p><span>LABOKLIN Leistungs-ID: 1098<\/span><\/p><p class=\"bodytext\"><br><ul><li>AGP z\u00e4hlt zu den Akute-Phase-Proteinen bei der Katze und zeigt eine unspezifische Erh\u00f6hung im Rahmen systemischer Entz\u00fcndungsreaktionen.<\/li><li>Studien haben gezeigt, dass stark erh\u00f6hte AGP-Konzentrationen \u2013 insbesondere in Verbindung mit typischen klinischen Symptomen \u2013 auf das Vorliegen einer felinen infekti\u00f6sen Peritonitis (FIP) hinweisen.<\/li><li>Bei gesicherter FIP-Diagnose kann die Bestimmung des AGP-Konzentration hilfreich f\u00fcr die therapeutische Verlaufskontrolle sein, da sich Besserungen im Krankheitsverlauf unter Therapie durch ein Absinken der AGP-Konzentration abbilden.<\/li><\/ul><\/p><table class=\"tx-laboklinleistung-table contenttable contenttable-2\" style=\"margin-top: 35px;\"><tr><td class=\"td-0\"><strong>Material<\/strong><\/td><td class=\"td-1\"><p class=\"bodytext\">Serum 0,5 ml<\/p><\/td><\/tr><tr><td class=\"td-0\"><strong>Methode<\/strong><\/td><td class=\"td-1\"><p class=\"bodytext\">Enzym Linked Immunosorbent Assay (ELISA)<\/p><\/td><\/tr><tr><td class=\"td-0\"><strong>Tierart(en)<\/strong><\/td><td class=\"td-1\"><p class=\"bodytext\">Katze<\/p><\/td><\/tr><tr><td class=\"td-0\"><strong>Dauer<\/strong><\/td><td class=\"td-1\"><p class=\"bodytext\">1\u20132 Arbeitstage<\/p><\/td><\/tr><tr><td class=\"td-0\"><strong>Anmerkung<\/strong><\/td><td class=\"td-1\"><p class=\"bodytext\">AGP ist auch in Kombination mit dem Profil FIP-Monitoring (FIP-Monitoring + AGP, Leistungs-ID 1116) bestellbar.<\/p><\/td><\/tr><\/table>\n","protected":false},"excerpt":{"rendered":"<p>AGP (\u03b11-saures Glycoprotein)LABOKLIN Leistungs-ID: 1098AGP z\u00e4hlt zu den Akute-Phase-Proteinen bei der Katze und zeigt eine unspezifische Erh\u00f6hung im Rahmen systemischer Entz\u00fcndungsreaktionen.Studien haben gezeigt, dass stark erh\u00f6hte AGP-Konzentrationen \u2013 insbesondere in Verbindung mit typischen klinischen Symptomen \u2013 auf das Vorliegen einer felinen infekti\u00f6sen Peritonitis (FIP) hinweisen.Bei gesicherter FIP-Diagnose kann die Bestimmung des AGP-Konzentration hilfreich f\u00fcr die&hellip;<\/p>\n","protected":false},"author":23,"featured_media":0,"parent":640000,"menu_order":0,"comment_status":"closed","ping_status":"closed","template":"","meta":{"_seopress_robots_primary_cat":"","_seopress_titles_title":"","_seopress_titles_desc":"","_seopress_robots_index":"","footnotes":""},"class_list":["post-1550716","page","type-page","status-publish","hentry","description-off"],"_links":{"self":[{"href":"https:\/\/laboklin.de\/de\/wp-json\/wp\/v2\/pages\/1550716","targetHints":{"allow":["GET"]}}],"collection":[{"href":"https:\/\/laboklin.de\/de\/wp-json\/wp\/v2\/pages"}],"about":[{"href":"https:\/\/laboklin.de\/de\/wp-json\/wp\/v2\/types\/page"}],"author":[{"embeddable":true,"href":"https:\/\/laboklin.de\/de\/wp-json\/wp\/v2\/users\/23"}],"replies":[{"embeddable":true,"href":"https:\/\/laboklin.de\/de\/wp-json\/wp\/v2\/comments?post=1550716"}],"version-history":[{"count":1,"href":"https:\/\/laboklin.de\/de\/wp-json\/wp\/v2\/pages\/1550716\/revisions"}],"predecessor-version":[{"id":1550721,"href":"https:\/\/laboklin.de\/de\/wp-json\/wp\/v2\/pages\/1550716\/revisions\/1550721"}],"up":[{"embeddable":true,"href":"https:\/\/laboklin.de\/de\/wp-json\/wp\/v2\/pages\/640000"}],"wp:attachment":[{"href":"https:\/\/laboklin.de\/de\/wp-json\/wp\/v2\/media?parent=1550716"}],"curies":[{"name":"wp","href":"https:\/\/api.w.org\/{rel}","templated":true}]}}