{"id":1519721,"date":"2025-04-16T10:55:27","date_gmt":"2025-04-16T08:55:27","guid":{"rendered":"https:\/\/laboklin.de\/?page_id=1519721"},"modified":"2025-04-16T10:55:27","modified_gmt":"2025-04-16T08:55:27","slug":"atherosklerose","status":"publish","type":"page","link":"https:\/\/laboklin.de\/de\/leistungen\/genetik\/erbkrankheiten\/katze\/atherosklerose\/","title":{"rendered":"Atherosklerose"},"content":{"rendered":"<h3 class=\"csc-firstHeader\">Atherosklerose (ATH)<\/h3><p><span>LABOKLIN Leistungs-ID: 8946<\/span><\/p><p class=\"bodytext\"><br>Die <strong>Atherosklerose<\/strong> ist eine <strong>chronisch-entz\u00fcndliche Gef\u00e4\u00dferkrankung <\/strong>, bei der es zu einer <strong>Anh\u00e4ufung von LDL-Cholesterin<\/strong> in den arteriellen Gef\u00e4\u00dfw\u00e4nden kommt.<br>Bei der Rasse <strong>Korat<\/strong> wird eine genetische Variante des<strong> <em>LDLR<\/em>-Gens<\/strong> mit einer Atherosklerose assoziiert, die sich durch eine<strong> schwere Hypercholesterinan\u00e4mie (hoher Cholesterinspiegel im Blut)<\/strong> und den klinischen Anzeichen einer <strong>Herzinsuffizienz<\/strong> kennzeichnen l\u00e4sst und <strong>letztlich zum Tod<\/strong> f\u00fchrt. Bei einer histopathologischen Untersuchung zeigen sich atherosklerotische L\u00e4sionen, insbesondere bei den gro\u00dfen elastischen Arterien und Koronararterien. Es gibt Hinweise darauf, dass St\u00f6rungen der Gef\u00e4\u00dfw\u00e4nde bei betroffenen Katzen zu <strong>Thrombosen<\/strong> f\u00fchren k\u00f6nnen.<br><strong>Klinische Anzeichen<\/strong> einer Atherosklerose treten erst im <strong>mittleren und fortgeschrittenen Alter<\/strong> auf, da die betroffenen Katzen zuvor \u00fcber mehrere Jahre hinweg eine stille Progression der Krankheit durchleben.<\/p><table class=\"tx-laboklinleistung-table contenttable contenttable-2\" style=\"margin-top: 35px;\"><tr><td class=\"td-0\"><strong>Methode<\/strong><\/td><td class=\"td-1\"><p class=\"bodytext\">Sequenzierung<\/p><\/td><\/tr><tr><td class=\"td-0\"><strong>Rasse<\/strong><\/td><td class=\"td-1\"><p class=\"bodytext\">Korat<\/p><\/td><\/tr><tr><td class=\"td-0\"><strong>Erbgang<\/strong><\/td><td class=\"td-1\"><p class=\"bodytext\">autosomal-rezessiv<\/p><\/td><\/tr><tr><td class=\"td-0\"><strong>Dauer<\/strong><\/td><td class=\"td-1\"><p class=\"bodytext\">1 - 2 Wochen nach Erhalt der Probe<\/p><\/td><\/tr><\/table>\n","protected":false},"excerpt":{"rendered":"<p>Atherosklerose (ATH)LABOKLIN Leistungs-ID: 8946Die Atherosklerose ist eine chronisch-entz\u00fcndliche Gef\u00e4\u00dferkrankung , bei der es zu einer Anh\u00e4ufung von LDL-Cholesterin in den arteriellen Gef\u00e4\u00dfw\u00e4nden kommt.Bei der Rasse Korat wird eine genetische Variante des LDLR-Gens mit einer Atherosklerose assoziiert, die sich durch eine schwere Hypercholesterinan\u00e4mie (hoher Cholesterinspiegel im Blut) und den klinischen Anzeichen einer Herzinsuffizienz kennzeichnen l\u00e4sst und&hellip;<\/p>\n","protected":false},"author":16,"featured_media":0,"parent":1212000,"menu_order":4,"comment_status":"closed","ping_status":"closed","template":"","meta":{"_seopress_robots_primary_cat":"","_seopress_titles_title":"","_seopress_titles_desc":"","_seopress_robots_index":"","footnotes":""},"class_list":["post-1519721","page","type-page","status-publish","hentry","description-off"],"_links":{"self":[{"href":"https:\/\/laboklin.de\/de\/wp-json\/wp\/v2\/pages\/1519721","targetHints":{"allow":["GET"]}}],"collection":[{"href":"https:\/\/laboklin.de\/de\/wp-json\/wp\/v2\/pages"}],"about":[{"href":"https:\/\/laboklin.de\/de\/wp-json\/wp\/v2\/types\/page"}],"author":[{"embeddable":true,"href":"https:\/\/laboklin.de\/de\/wp-json\/wp\/v2\/users\/16"}],"replies":[{"embeddable":true,"href":"https:\/\/laboklin.de\/de\/wp-json\/wp\/v2\/comments?post=1519721"}],"version-history":[{"count":1,"href":"https:\/\/laboklin.de\/de\/wp-json\/wp\/v2\/pages\/1519721\/revisions"}],"predecessor-version":[{"id":1519722,"href":"https:\/\/laboklin.de\/de\/wp-json\/wp\/v2\/pages\/1519721\/revisions\/1519722"}],"up":[{"embeddable":true,"href":"https:\/\/laboklin.de\/de\/wp-json\/wp\/v2\/pages\/1212000"}],"wp:attachment":[{"href":"https:\/\/laboklin.de\/de\/wp-json\/wp\/v2\/media?parent=1519721"}],"curies":[{"name":"wp","href":"https:\/\/api.w.org\/{rel}","templated":true}]}}