{"id":1519718,"date":"2025-04-16T10:51:55","date_gmt":"2025-04-16T08:51:55","guid":{"rendered":"https:\/\/laboklin.de\/?page_id=1519718"},"modified":"2025-04-16T10:51:55","modified_gmt":"2025-04-16T08:51:55","slug":"epileptischeenzephalopathie","status":"publish","type":"page","link":"https:\/\/laboklin.de\/de\/leistungen\/genetik\/erbkrankheiten\/katze\/epileptischeenzephalopathie\/","title":{"rendered":"Epileptische Enzephalopathie (EE)"},"content":{"rendered":"<h3 class=\"csc-firstHeader\">Epileptische Enzephalopathie (EE)<\/h3><p><span>LABOKLIN Leistungs-ID: 8899<\/span><\/p><p class=\"bodytext\"><br>Bei der <strong>Bengalkatze<\/strong> konnte eine genetische Variante des CAD-Gens gefunden werden, die mit einer <strong>epileptischen Enzephalopathie<\/strong> einhergeht. Ein betroffenes Kitten zeigte bereits <strong>im Alter von 3 Monaten<\/strong> Cluster von <strong>generalisierten tonischen Anf\u00e4llen<\/strong> und <strong>abnormales Verhalten<\/strong>.<br>Die Krampfanf\u00e4lle traten <strong>w\u00e4hrend des Schlafes<\/strong> auf und waren gekennzeichnet durch <strong>pl\u00f6tzliches Aufspringen<\/strong>, gefolgt von einer <strong>\u00dcberstreckung des R\u00fcckens und Nackens<\/strong> (Opisthotonus), verbunden mit einem <strong>erh\u00f6hten Muskeltonus<\/strong> der Vordergliedma\u00dfen, <strong>Kopfsch\u00fctteln, Schmatzen, Kaubewegungen, Gesichtszuckungen, Speichelfluss<\/strong> und <strong>Bewusstseinsst\u00f6rungen<\/strong>. Die Krampfattacken dauerten von einigen Sekunden bis zu einer Minute und danach schien die Katze orientierungslos zu sein.<br>Die betroffene Katze verhielt sich generell ruhiger als die anderen gesunden Kitten und zeigte Episoden von <strong>abnormalem Verhalten mit Bewusstseinsst\u00f6rungen und Unruhe<\/strong> sowie einem auff\u00e4lligen Bei\u00dfverhalten entweder in den Boden oder sogar in die eigenen Pfoten. Eine genaue Untersuchung der Katze zeigte zudem Episoden von abnormaler mentaler Aktivit\u00e4t, beidseitig einen fehlenden Lidschlussreflex und einen erh\u00f6hten Wert der Erythrozytenverteilungsbreite (RDW) (eine sogenannte Anisozytose mit vergr\u00f6\u00dferten und verkleinerten Erythrozyten).<br>Das <strong><em>CAD<\/em>-Gen<\/strong> kodiert f\u00fcr ein Protein, das f\u00fcr den Aufbau von Pyrimidin-Nukleotiden und daher der Nukleins\u00e4uren unerl\u00e4sslich ist, und spielt eine wichtige Rolle bei der Protein-Glykosylierung, dem Lipidstoffwechsel, der Polysaccharid-Biosynthese und der Signaltransduktion.<br>Da die Katze nur teilweise auf die Behandlung mit Antiepileptika ansprach, entschieden sich die Besitzer aufgrund der beeintr\u00e4chtigten Lebensqualit\u00e4t f\u00fcr die Euthanasie.<\/p><table class=\"tx-laboklinleistung-table contenttable contenttable-2\" style=\"margin-top: 35px;\"><tr><td class=\"td-0\"><strong>Methode<\/strong><\/td><td class=\"td-1\"><p class=\"bodytext\">Sequenzierung<\/p><\/td><\/tr><tr><td class=\"td-0\"><strong>Rasse<\/strong><\/td><td class=\"td-1\"><p class=\"bodytext\">Bengal<\/p><\/td><\/tr><tr><td class=\"td-0\"><strong>Erbgang<\/strong><\/td><td class=\"td-1\"><p class=\"bodytext\">autosomal-rezessiv<\/p><\/td><\/tr><tr><td class=\"td-0\"><strong>Dauer<\/strong><\/td><td class=\"td-1\"><p class=\"bodytext\">1 - 2 Wochen nach Erhalt der Probe<\/p><\/td><\/tr><\/table>\n","protected":false},"excerpt":{"rendered":"<p>Epileptische Enzephalopathie (EE)LABOKLIN Leistungs-ID: 8899Bei der Bengalkatze konnte eine genetische Variante des CAD-Gens gefunden werden, die mit einer epileptischen Enzephalopathie einhergeht. Ein betroffenes Kitten zeigte bereits im Alter von 3 Monaten Cluster von generalisierten tonischen Anf\u00e4llen und abnormales Verhalten.Die Krampfanf\u00e4lle traten w\u00e4hrend des Schlafes auf und waren gekennzeichnet durch pl\u00f6tzliches Aufspringen, gefolgt von einer \u00dcberstreckung&hellip;<\/p>\n","protected":false},"author":16,"featured_media":0,"parent":1212000,"menu_order":3,"comment_status":"closed","ping_status":"closed","template":"","meta":{"_seopress_robots_primary_cat":"","_seopress_titles_title":"","_seopress_titles_desc":"","_seopress_robots_index":"","footnotes":""},"class_list":["post-1519718","page","type-page","status-publish","hentry","description-off"],"_links":{"self":[{"href":"https:\/\/laboklin.de\/de\/wp-json\/wp\/v2\/pages\/1519718","targetHints":{"allow":["GET"]}}],"collection":[{"href":"https:\/\/laboklin.de\/de\/wp-json\/wp\/v2\/pages"}],"about":[{"href":"https:\/\/laboklin.de\/de\/wp-json\/wp\/v2\/types\/page"}],"author":[{"embeddable":true,"href":"https:\/\/laboklin.de\/de\/wp-json\/wp\/v2\/users\/16"}],"replies":[{"embeddable":true,"href":"https:\/\/laboklin.de\/de\/wp-json\/wp\/v2\/comments?post=1519718"}],"version-history":[{"count":1,"href":"https:\/\/laboklin.de\/de\/wp-json\/wp\/v2\/pages\/1519718\/revisions"}],"predecessor-version":[{"id":1519720,"href":"https:\/\/laboklin.de\/de\/wp-json\/wp\/v2\/pages\/1519718\/revisions\/1519720"}],"up":[{"embeddable":true,"href":"https:\/\/laboklin.de\/de\/wp-json\/wp\/v2\/pages\/1212000"}],"wp:attachment":[{"href":"https:\/\/laboklin.de\/de\/wp-json\/wp\/v2\/media?parent=1519718"}],"curies":[{"name":"wp","href":"https:\/\/api.w.org\/{rel}","templated":true}]}}