{"id":1519348,"date":"2025-04-15T08:21:48","date_gmt":"2025-04-15T06:21:48","guid":{"rendered":"https:\/\/laboklin.de\/?page_id=1519348"},"modified":"2025-04-15T08:21:48","modified_gmt":"2025-04-15T06:21:48","slug":"fellfarbe-rot","status":"publish","type":"page","link":"https:\/\/laboklin.de\/de\/leistungen\/genetik\/fellfarbe-haarstruktur\/katze\/fellfarbe-rot\/","title":{"rendered":"Fellfarbe Rot"},"content":{"rendered":"<h3 class=\"csc-firstHeader\">Fellfarbe Rot<\/h3><p><span>LABOKLIN Leistungs-ID: 8947<\/span><\/p><p class=\"bodytext\"><br>Die Fellfarbe Rot kommt durch eine genetische Variante des Arhgap36-Gens zustande, welche sich auf dem X-Chromosom befindet und daher <strong>geschlechtsgebunden vererbt<\/strong> wird. Die Variante bewirkt eine <strong>Unterdr\u00fcckung der Produktion des schwarz-braunen Pigments Eumelanin und eine F\u00f6rderung des gelb-roten Pigments Ph\u00e4omelanin<\/strong>.<br>Da <strong>m\u00e4nnliche Katzen nur ein X-Chromosom<\/strong> haben, ist bei ihnen <strong>bei Vorliegen der Rot-Variante O<\/strong> auf diesem Gen die <strong>Fellfarbe Rot ausgepr\u00e4gt<\/strong> (Genotyp X(O)\/Y). Liegt die Variante nicht vor, so sind sie nicht rot (Genotyp X(o)\/Y).<br><strong>Weibliche Katzen haben zwei X-Chromosomen<\/strong> und <strong>ben\u00f6tigen zwei Kopien der Rot-Variante<\/strong> (Genotyp X(O)\/X(O)), um komplett rotes Fell zu haben. Liegt dagegen nur auf <strong>einem der beiden X-Chromosomen die Rot-Variante<\/strong> vor (Genotyp X(O)\/X(o)), so werden aufgrund der zuf\u00e4lligen X-Inaktivierung <strong>rote und nicht-rote Fellbereiche<\/strong> ausgepr\u00e4gt, wodurch ein Schildpatt- bzw. Calico-Muster entsteht. Mit dem Genotyp X(o)\/X(o) pr\u00e4gt eine Katze die Fellfarbe Rot nicht aus.<\/p><table class=\"tx-laboklinleistung-table contenttable contenttable-2\" style=\"margin-top: 35px;\"><tr><td class=\"td-0\"><strong>Methode<\/strong><\/td><td class=\"td-1\"><p class=\"bodytext\">FLP<\/p><\/td><\/tr><tr><td class=\"td-0\"><strong>Erbgang<\/strong><\/td><td class=\"td-1\"><p class=\"bodytext\">X-chromosomal<\/p><\/td><\/tr><tr><td class=\"td-0\"><strong>Dauer<\/strong><\/td><td class=\"td-1\"><p class=\"bodytext\">1-2 Wochen nach Erhalt der Probe<\/p><\/td><\/tr><\/table>\n","protected":false},"excerpt":{"rendered":"<p>Fellfarbe RotLABOKLIN Leistungs-ID: 8947Die Fellfarbe Rot kommt durch eine genetische Variante des Arhgap36-Gens zustande, welche sich auf dem X-Chromosom befindet und daher geschlechtsgebunden vererbt wird. Die Variante bewirkt eine Unterdr\u00fcckung der Produktion des schwarz-braunen Pigments Eumelanin und eine F\u00f6rderung des gelb-roten Pigments Ph\u00e4omelanin.Da m\u00e4nnliche Katzen nur ein X-Chromosom haben, ist bei ihnen bei Vorliegen der&hellip;<\/p>\n","protected":false},"author":16,"featured_media":0,"parent":1222000,"menu_order":15,"comment_status":"closed","ping_status":"closed","template":"","meta":{"_seopress_robots_primary_cat":"","_seopress_titles_title":"","_seopress_titles_desc":"","_seopress_robots_index":"","footnotes":""},"class_list":["post-1519348","page","type-page","status-publish","hentry","description-off"],"_links":{"self":[{"href":"https:\/\/laboklin.de\/de\/wp-json\/wp\/v2\/pages\/1519348","targetHints":{"allow":["GET"]}}],"collection":[{"href":"https:\/\/laboklin.de\/de\/wp-json\/wp\/v2\/pages"}],"about":[{"href":"https:\/\/laboklin.de\/de\/wp-json\/wp\/v2\/types\/page"}],"author":[{"embeddable":true,"href":"https:\/\/laboklin.de\/de\/wp-json\/wp\/v2\/users\/16"}],"replies":[{"embeddable":true,"href":"https:\/\/laboklin.de\/de\/wp-json\/wp\/v2\/comments?post=1519348"}],"version-history":[{"count":1,"href":"https:\/\/laboklin.de\/de\/wp-json\/wp\/v2\/pages\/1519348\/revisions"}],"predecessor-version":[{"id":1519349,"href":"https:\/\/laboklin.de\/de\/wp-json\/wp\/v2\/pages\/1519348\/revisions\/1519349"}],"up":[{"embeddable":true,"href":"https:\/\/laboklin.de\/de\/wp-json\/wp\/v2\/pages\/1222000"}],"wp:attachment":[{"href":"https:\/\/laboklin.de\/de\/wp-json\/wp\/v2\/media?parent=1519348"}],"curies":[{"name":"wp","href":"https:\/\/api.w.org\/{rel}","templated":true}]}}