{"id":1513804,"date":"2025-03-11T16:08:32","date_gmt":"2025-03-11T15:08:32","guid":{"rendered":"https:\/\/laboklin.de\/?page_id=1513804"},"modified":"2025-05-20T14:12:12","modified_gmt":"2025-05-20T12:12:12","slug":"aktuelles-zur-tumordiagnostik","status":"publish","type":"page","link":"https:\/\/laboklin.de\/de\/aktuelles-zur-tumordiagnostik\/","title":{"rendered":"Aktuelles zur Tumordiagnostik"},"content":{"rendered":"<div class=\"wpb-content-wrapper\"><p>[vc_row][vc_column][vc_column_text css=&#8220;&#8220;]Eine <strong>4-teilige Publikationsreihe<\/strong> informiert \u00fcber den aktuellen Stand der Histopathologie von Tumoren, des histopatholgischen Tumorgradings und der Tumorzytologie sowie der molekulargenetischen Diagnostik von Tumorerkrankungen.[\/vc_column_text][\/vc_column][\/vc_row][vc_row type=&#8220;vc_default&#8220; css=&#8220;.vc_custom_1741699949846{margin-top: 20px !important;margin-bottom: 30px !important;}&#8220;][vc_column]<div class=\"dt-fancy-separator title-left h2-size\" style=\"width: 100%;\"><div class=\"dt-fancy-title bg-on\" style=\"color: #FFFFFF;background-color: #DD3333;\"><span class=\"separator-holder separator-left\" style=\"border-color: #DD3333;\"><\/span>Teil 1: Histopathologie: Tumorr\u00e4nder, Mitosen und Immunhistochemie<span class=\"separator-holder separator-right\" style=\"border-color: #DD3333;\"><\/span><\/div><\/div>[\/vc_column][\/vc_row][vc_row type=&#8220;vc_default&#8220; css=&#8220;.vc_custom_1741700630967{margin-top: 20px !important;margin-bottom: 30px !important;}&#8220;][vc_column width=&#8220;1\/3&#8243;][vc_column_text css=&#8220;&#8220;]<\/p>\n<h5><span style=\"color: #000000;\">Die histopathologische Untersuchung ist nach wie vor der Goldstandard f\u00fcr die Diagnose der Tumorart und ihrer Dignit\u00e4t und die Angabe der Proliferationsaktivit\u00e4t ist oftmals von prognostischer Relevanz. Die Histopathologie erm\u00f6glicht dar\u00fcber hinaus die Detektion von Metastasen im Lymphknoten und die Beurteilung der Resektionsgrenzen des Tumors. Au\u00dferdem stehen pr\u00e4zisierende immunhistologische Verfahren zur Charakterisierung von Histogenese, Differenzierung und Subtypisierung der Tumorzellen zur Verf\u00fcgung.<\/span><\/h5>\n<h5><i class=\"fa icon-download\"><\/i> <a href=\"https:\/\/laboklin.de\/?sdm_process_download=1&amp;download_id=1513934\" target=\"_blank\" rel=\"noopener\"><strong>Histopathologie: Tumorr\u00e4nder, Mitosen und Immunhistochemie<\/strong><\/a><\/h5>\n<div class=\"sdm_download_button_box_default\"><div class=\"sdm_download_link\"><a href=\"https:\/\/laboklin.de\/de\/\/?sdm_process_download=1&download_id=1513934\" class=\"sdm_download grey\" title=\"Teil 1: Histopathologie: Tumorr\u00e4nder, Mitosen und Immunhistochemie\" target=&quot;_blank&quot;>Jetzt herunterladen!<\/a><\/div><\/div>[\/vc_column_text][\/vc_column][vc_column width=&#8220;2\/3&#8243;][vc_column_text css=&#8220;&#8220;]\n<!-- ipages begin -->\n<div class=\"ipgs-flipbook ipgs-30\" data-json-src=\"https:\/\/laboklin.de\/wp-content\/uploads\/ipages_flipbook\/30\/config.json?ver=1741702308\"  data-item-id=\"30\" style=\"display:none;background-color:#ffffff;\">\n<\/div>\n<!-- ipages end -->\n[\/vc_column_text][\/vc_column][\/vc_row][vc_row type=&#8220;vc_default&#8220; css=&#8220;.vc_custom_1741699949846{margin-top: 20px !important;margin-bottom: 30px !important;}&#8220;][vc_column]<div class=\"dt-fancy-separator title-left h2-size\" style=\"width: 100%;\"><div class=\"dt-fancy-title bg-on\" style=\"color: #FFFFFF;background-color: #DD3333;\"><span class=\"separator-holder separator-left\" style=\"border-color: #DD3333;\"><\/span>Teil 2: Histopatholgisches Tumorgrading<span class=\"separator-holder separator-right\" style=\"border-color: #DD3333;\"><\/span><\/div><\/div>[\/vc_column][\/vc_row][vc_row type=&#8220;vc_default&#8220; css=&#8220;.vc_custom_1741702032014{margin-top: 20px !important;margin-bottom: 30px !important;}&#8220;][vc_column width=&#8220;1\/3&#8243;][vc_column_text css=&#8220;&#8220;]<\/p>\n<h5><span style=\"color: #000000;\">Goldstandard in der Tumordiagnostik ist die Ermittlung von Tumorart, -dignit\u00e4t und Tumorgrenzen mittels Histopathologie. Au\u00dferdem wird bei einigen Neoplasien ein histologischer Malignit\u00e4tsgrad angeben. Dieser histologische Grad eines Tumors stellt allerdings stets nur einen Baustein in der gesamtheitlichen Bewertung eines Tumorpatienten dar und darf niemals als einziger prognostischer Parameter betrachtet werden. Sowohl PathologInnen als auch OnkologInnen sollten sich des tats\u00e4chlichen Aussagewertes und der jeweiligen Limitationen eines Gradingsystems bewusst sein, und dieses nicht unkritisch verwenden, nur weil es eine vermeintlich einfache Aussage liefert.<\/span><\/h5>\n<h5><a href=\"https:\/\/laboklin.de\/?sdm_process_download=1&amp;download_id=1513938\" target=\"_blank\" rel=\"noopener\"><strong><i class=\"fa icon-download\"><\/i> Histopatholgisches Tumorgrading<\/strong><\/a><\/h5>\n<div class=\"sdm_download_button_box_default\"><div class=\"sdm_download_link\"><a href=\"https:\/\/laboklin.de\/de\/\/?sdm_process_download=1&download_id=1513938\" class=\"sdm_download grey\" title=\"Teil 2: Histopatholgisches Tumorgrading\" target=&quot;_blank&quot;>Jetzt herunterladen!<\/a><\/div><\/div>[\/vc_column_text][\/vc_column][vc_column width=&#8220;2\/3&#8243;][vc_column_text css=&#8220;&#8220;]\n<!-- ipages begin -->\n<div class=\"ipgs-flipbook ipgs-31\" data-json-src=\"https:\/\/laboklin.de\/wp-content\/uploads\/ipages_flipbook\/31\/config.json?ver=1741703046\"  data-item-id=\"31\" style=\"display:none;background-color:#ffffff;\">\n<\/div>\n<!-- ipages end -->\n[\/vc_column_text][\/vc_column][\/vc_row][vc_row type=&#8220;vc_default&#8220; css=&#8220;.vc_custom_1741699949846{margin-top: 20px !important;margin-bottom: 30px !important;}&#8220;][vc_column]<div class=\"dt-fancy-separator title-left h2-size\" style=\"width: 100%;\"><div class=\"dt-fancy-title bg-on\" style=\"color: #FFFFFF;background-color: #DD3333;\"><span class=\"separator-holder separator-left\" style=\"border-color: #DD3333;\"><\/span>Teil 3: Molekulargenetische Diagnostik von Tumorerkrankungen (Hund, Katze)<span class=\"separator-holder separator-right\" style=\"border-color: #DD3333;\"><\/span><\/div><\/div>[\/vc_column][\/vc_row][vc_row type=&#8220;vc_default&#8220; css=&#8220;.vc_custom_1741707731636{margin-top: 20px !important;margin-bottom: 30px !important;}&#8220;][vc_column width=&#8220;1\/3&#8243;][vc_column_text css=&#8220;&#8220;]<\/p>\n<h5><span style=\"color: #000000;\">Die molekulargenetischen Einzel-Analysen (KIT, BRAF, PARR) sind in der Tiermedizin bereits seit l\u00e4ngerem in der Routinediagnostik etabliert. Neu sind Multi-Gen-Mutations-Assays sowie epigenetisch basierte Verfahren, die unter dem Begriff der Liquid biopsy (z. B. Nukleosomen, miRNA u.a.) zusammengefasst werden. Im Vergleich zur Humanmedizin besteht jedoch noch ein hoher Forschungsbedarf. Dabei ist eine enge interdisziplin\u00e4re Zusammenarbeit von Klinik, Pathologie und Molekulargenetik erforderlich, um sich mit den M\u00f6glichkeiten und Grenzen der neuen Methoden vertraut zu machen.<\/span><\/h5>\n<h5><a href=\"https:\/\/laboklin.de\/?sdm_process_download=1&amp;download_id=1513947\" target=\"_blank\" rel=\"noopener\"><strong><i class=\"fa icon-download\"><\/i> Molekulargenetische Diagnostik von Tumorerkrankungen (Hund, Katze)<\/strong><\/a><\/h5>\n<div class=\"sdm_download_button_box_default\"><div class=\"sdm_download_link\"><a href=\"https:\/\/laboklin.de\/de\/\/?sdm_process_download=1&download_id=1513947\" class=\"sdm_download grey\" title=\"Teil 3: Molekulargenetische Diagnostik von Tumorerkrankungen (Hund, Katze)\" target=&quot;_blank&quot;>Jetzt herunterladen!<\/a><\/div><\/div>[\/vc_column_text][\/vc_column][vc_column width=&#8220;2\/3&#8243;][vc_column_text css=&#8220;&#8220;]\n<!-- ipages begin -->\n<div class=\"ipgs-flipbook ipgs-32\" data-json-src=\"https:\/\/laboklin.de\/wp-content\/uploads\/ipages_flipbook\/32\/config.json?ver=1741703724\"  data-item-id=\"32\" style=\"display:none;background-color:#ffffff;\">\n<\/div>\n<!-- ipages end -->\n[\/vc_column_text][\/vc_column][\/vc_row][vc_row type=&#8220;vc_default&#8220; css=&#8220;.vc_custom_1741699949846{margin-top: 20px !important;margin-bottom: 30px !important;}&#8220;][vc_column]<div class=\"dt-fancy-separator title-left h2-size\" style=\"width: 100%;\"><div class=\"dt-fancy-title bg-on\" style=\"color: #FFFFFF;background-color: #DD3333;\"><span class=\"separator-holder separator-left\" style=\"border-color: #DD3333;\"><\/span>Teil 4: Tumorzytologie<span class=\"separator-holder separator-right\" style=\"border-color: #DD3333;\"><\/span><\/div><\/div>[\/vc_column][\/vc_row][vc_row][vc_column width=&#8220;1\/3&#8243;][vc_column_text css=&#8220;&#8220;]<\/p>\n<h5><span style=\"color: #000000;\">Qualitativ gute und repr\u00e4sentative Ausstriche mit vorberichtlichen Angaben, die zytologische Befunderhebung und Diagnose sowie die Interpretation im klinischen Kontext stellen die wesentlichen Bausteine der zytologischen Tumordiagnostik dar. Die Methodik ist wenig invasiv und schnell durchzuf\u00fchren. Mit etwas \u00dcbung k\u00f6nnen die einfacheren Diagnosen bereits in der Praxis gestellt werden.<\/span><\/h5>\n<h5><a href=\"https:\/\/laboklin.de\/?sdm_process_download=1&amp;download_id=1513951\" target=\"_blank\" rel=\"noopener\"><strong><i class=\"fa icon-download\"><\/i> Tumorzytologie<\/strong><\/a><\/h5>\n<div class=\"sdm_download_button_box_default\"><div class=\"sdm_download_link\"><a href=\"https:\/\/laboklin.de\/de\/\/?sdm_process_download=1&download_id=1513951\" class=\"sdm_download grey\" title=\"Teil 4: Tumorzytologie\" target=&quot;_blank&quot;>Jetzt herunterladen!<\/a><\/div><\/div>[\/vc_column_text][\/vc_column][vc_column width=&#8220;2\/3&#8243;][vc_column_text css=&#8220;&#8220;]\n<!-- ipages begin -->\n<div class=\"ipgs-flipbook ipgs-33\" data-json-src=\"https:\/\/laboklin.de\/wp-content\/uploads\/ipages_flipbook\/33\/config.json?ver=1741703786\"  data-item-id=\"33\" style=\"display:none;background-color:#ffffff;\">\n<\/div>\n<!-- ipages end -->\n[\/vc_column_text][\/vc_column][\/vc_row]<\/p>\n<\/div>","protected":false},"excerpt":{"rendered":"<p>[vc_row][vc_column][vc_column_text css=&#8220;&#8220;]Eine 4-teilige Publikationsreihe informiert \u00fcber den aktuellen Stand der Histopathologie von Tumoren, des histopatholgischen Tumorgradings und der Tumorzytologie sowie der molekulargenetischen Diagnostik von Tumorerkrankungen.[\/vc_column_text][\/vc_column][\/vc_row][vc_row type=&#8220;vc_default&#8220; css=&#8220;.vc_custom_1741699949846{margin-top: 20px !important;margin-bottom: 30px !important;}&#8220;][vc_column][\/vc_column][\/vc_row][vc_row type=&#8220;vc_default&#8220; css=&#8220;.vc_custom_1741700630967{margin-top: 20px !important;margin-bottom: 30px !important;}&#8220;][vc_column width=&#8220;1\/3&#8243;][vc_column_text css=&#8220;&#8220;] Die histopathologische Untersuchung ist nach wie vor der Goldstandard f\u00fcr die Diagnose der Tumorart und ihrer&hellip;<\/p>\n","protected":false},"author":1,"featured_media":0,"parent":0,"menu_order":6,"comment_status":"closed","ping_status":"closed","template":"","meta":{"_seopress_robots_primary_cat":"","_seopress_titles_title":"%%post_title%%","_seopress_titles_desc":"Aktuelle Methoden der Tumordiagnostik in der Veterin\u00e4r-Pathologie. Informieren Sie sich \u00fcber Histopathologie, Tumorgrading und molekulargenetische Verfahren.","_seopress_robots_index":"","footnotes":""},"class_list":["post-1513804","page","type-page","status-publish","hentry","description-off"],"_links":{"self":[{"href":"https:\/\/laboklin.de\/de\/wp-json\/wp\/v2\/pages\/1513804","targetHints":{"allow":["GET"]}}],"collection":[{"href":"https:\/\/laboklin.de\/de\/wp-json\/wp\/v2\/pages"}],"about":[{"href":"https:\/\/laboklin.de\/de\/wp-json\/wp\/v2\/types\/page"}],"author":[{"embeddable":true,"href":"https:\/\/laboklin.de\/de\/wp-json\/wp\/v2\/users\/1"}],"replies":[{"embeddable":true,"href":"https:\/\/laboklin.de\/de\/wp-json\/wp\/v2\/comments?post=1513804"}],"version-history":[{"count":30,"href":"https:\/\/laboklin.de\/de\/wp-json\/wp\/v2\/pages\/1513804\/revisions"}],"predecessor-version":[{"id":1525828,"href":"https:\/\/laboklin.de\/de\/wp-json\/wp\/v2\/pages\/1513804\/revisions\/1525828"}],"wp:attachment":[{"href":"https:\/\/laboklin.de\/de\/wp-json\/wp\/v2\/media?parent=1513804"}],"curies":[{"name":"wp","href":"https:\/\/api.w.org\/{rel}","templated":true}]}}