{"id":1512746,"date":"2025-03-06T20:04:11","date_gmt":"2025-03-06T19:04:11","guid":{"rendered":"https:\/\/laboklin.de\/?page_id=1512746"},"modified":"2025-03-13T17:07:15","modified_gmt":"2025-03-13T16:07:15","slug":"dermoidsinus-ds","status":"publish","type":"page","link":"https:\/\/laboklin.de\/de\/leistungen\/genetik\/erbkrankheiten\/hund\/dermoidsinus-ds\/","title":{"rendered":"Dermoidsinus (DS)"},"content":{"rendered":"<h3 class=\"csc-firstHeader\">Dermoidsinus (DS)<\/h3><p><span>LABOKLIN Leistungs-ID: 8945<\/span><\/p><p class=\"bodytext\"><p>Bei einem <strong>Dermoidsinus (DS)<\/strong> handelt es sich um eine <strong>schlauchartige Einst\u00fclpung der Haut<\/strong>. Die Einst\u00fclpung geht unterschiedlich weit in die Tiefe der Gewebsstruktur, teilweise bis hin zur Wirbels\u00e4ule, und kann durch Anheben der Haut als strangf\u00f6rmiges Gebilde ertastet werden.<br>Der Dermoidsinus ist gef\u00fcllt mit Haaren und Talg und bereitet dem Hund keine Beschwerden, solange er sich nicht entz\u00fcndet. Kommt es jedoch zu einer pl\u00f6tzlichen <strong>Entz\u00fcndung<\/strong>, kann es zu gro\u00dfen Abszessen und massiven Infektionen kommen. In der Regel befindet sich der Dermoidsinus auf der Mittellinie des R\u00fcckenmarks, seltener im Sch\u00e4delbereich.<\/p><p>Die 10-j\u00e4hrige Zusammenarbeit zwischen Prof. Dr. Ottmar Distl (ehemals TiHo Hannover), der DZRR und seit dem vergangenen Jahr auch LABOKLIN erm\u00f6glicht nun einen <strong>Gentest<\/strong> f\u00fcr einen <strong>Risikofaktor f\u00fcr die Entstehung eines Dermoidsinus (DS)<\/strong> beim Rhodesian Ridgeback. Der genetische Test wurde anhand genomweiter DNA-Sequenz-Daten entwickelt und beinhaltet <strong>zwei genetische Marker<\/strong>. Diese Marker sind auf zwei verschiedenen Chromosomen lokalisiert, wodurch insgesamt neun verschiedene Kombinationen von <strong>Markerkonstellationen<\/strong> m\u00f6glich sind.<\/p><p>Zusammenfassung der Details:<br>1. <strong>Gentest f\u00fcr DS<\/strong>: Der Test analysiert <strong>zwei genetische Marker<\/strong>, die in Kombination mit einem erh\u00f6hten DS-Risiko verbunden sind.<br>2. <strong>M\u00f6gliche Genotypen<\/strong>: Es gibt verschiedene Kombinationen der Gene (z. B. AACC, TTCC, ATGG usw.). <br>3. <strong>Risikobewertung (Stand Februar 2025)<\/strong>:<ul><li><strong>AA-GG, AA-CG, AA-CC<\/strong>: Hunde mit diesen Genotypen haben <strong>ein sehr minimales Risiko (gegen Null)<\/strong>, einen DS zu entwickeln. <\/li><br><li><strong>AT-GG, AT-CG<\/strong>: diese Hunde haben ein <strong>sehr geringes bis geringes Risiko<\/strong> f\u00fcr einen DS. <\/li><br><li><strong>AT-CC, TT-GG<\/strong>: diese Hunde haben ein <strong>moderates Risiko<\/strong> f\u00fcr DS (etwa halb so hoch wie bei TT-CC). <\/li><br><li><strong>TT-CG<\/strong>: diese Hunde haben ein <strong>h\u00f6heres Risiko<\/strong> f\u00fcr DS als die vorhergehende Gruppe. <\/li><br><li><strong>TT-CC<\/strong>: Hunde mit diesem Genotyp haben ein <strong>sehr hohes Risiko<\/strong> f\u00fcr die Auspr\u00e4gung eines DS. <\/li><\/ul><br><\/p><p><strong>Bedeutung f\u00fcr die Zucht<\/strong><ul><li><strong>Ziel<\/strong>: Welpen mit dem Hochrisikogenotyp TTCC vermeiden. <\/li><br><li><strong>Empfehlung<\/strong>: Verpaarungen, bei denen TTCC entstehen k\u00f6nnte, sollten <strong>vermieden werden<\/strong>.<\/li><br><li><strong>Hilfsmittel<\/strong>: Die Tabelle zeigt, bei  welchen Verpaarungen der Risikogenotyp TTCC nicht entstehen kann in <strong>gr\u00fcn<\/strong>. Bei den Verpaarungen in <strong>rot<\/strong> kann ein Teil bzw. alle Welpen den Risikogenotyp tragen. <\/li><\/ul><\/p><table id=genotyp style=\"border:1px solid #000\"><tr><td><td><td style=color:#000!important colspan=9>Genotyp H\u00fcndin<tr><td><td><td>AAGG<td>ATGG<td>TTGG<td>AACG<td>AACC<td>ATCG<td>TTCG<td>ATCC<td>TTCC<tr><td style=color:#000!important rowspan=9>Genotyp<br>R\u00fcde<td style=color:#000!important>AAGG<td style=background:#82d15a><td style=background:#82d15a><td style=background:#82d15a><td style=background:#82d15a><td style=background:#82d15a><td style=background:#82d15a><td style=background:#82d15a><td style=background:#82d15a><td style=background:#82d15a><tr><td>ATGG<td style=background:#82d15a><td style=background:#82d15a><td style=background:#82d15a><td style=background:#82d15a><td style=background:#82d15a><td style=background:#82d15a><td style=background:#82d15a><td style=background:#82d15a><td style=background:#82d15a><tr><td style=color:#000!important>TTGG<td style=background:#82d15a><td style=background:#82d15a><td style=background:#82d15a><td style=background:#82d15a><td style=background:#82d15a><td style=background:#82d15a><td style=background:#82d15a><td style=background:#82d15a><td style=background:#82d15a><tr><td>AACG<td style=background:#82d15a><td style=background:#82d15a><td style=background:#82d15a><td style=background:#82d15a><td style=background:#82d15a><td style=background:#82d15a><td style=background:#82d15a><td style=background:#82d15a><td style=background:#82d15a><tr><td style=color:#000!important>AACC<td style=background:#82d15a><td style=background:#82d15a><td style=background:#82d15a><td style=background:#82d15a><td style=background:#82d15a><td style=background:#82d15a><td style=background:#82d15a><td style=background:#82d15a><td style=background:#82d15a><tr><td>ATCG<td style=background:#82d15a><td style=background:#82d15a><td style=background:#82d15a><td style=background:#82d15a><td style=background:#82d15a><td style=background:red><td style=background:red><td style=background:red><td style=background:red><tr><td style=color:#000!important>TTCG<td style=background:#82d15a><td style=background:#82d15a><td style=background:#82d15a><td style=background:#82d15a><td style=background:#82d15a><td style=background:red><td style=background:red><td style=background:red><td style=background:red><tr><td>ATCC<td style=background:#82d15a><td style=background:#82d15a><td style=background:#82d15a><td style=background:#82d15a><td style=background:#82d15a><td style=background:red><td style=background:red><td style=background:red><td style=background:red><tr><td style=color:#000!important>TTCC<td style=background:#82d15a><td style=background:#82d15a><td style=background:#82d15a><td style=background:#82d15a><td style=background:#82d15a><td style=background:red><td style=background:red><td style=background:red><td style=background:red><\/table><p><strong>Zusammenfassung<\/strong><br>Durch den Gentest kann gezielt gez\u00fcchtet werden, um das Risiko f\u00fcr DS zu minimieren. Hunde mit riskanten Genotypen sollten nicht miteinander verpaart werden, um die Wahrscheinlichkeit noch weiter zu senken, dass Welpen mit DS geboren werden.<\/p><\/p><table class=\"tx-laboklinleistung-table contenttable contenttable-2\" style=\"margin-top: 35px;\"><tr><td class=\"td-0\"><strong>Methode<\/strong><\/td><td class=\"td-1\"><p class=\"bodytext\">TaqMan SNP Assay<\/p><\/td><\/tr><tr><td class=\"td-0\"><strong>Rasse<\/strong><\/td><td class=\"td-1\"><p class=\"bodytext\">Rhodesian Ridgeback<\/p><\/td><\/tr><tr><td class=\"td-0\"><strong>Erbgang<\/strong><\/td><td class=\"td-1\"><p class=\"bodytext\">siehe Infotext<\/p><\/td><\/tr><tr><td class=\"td-0\"><strong>Dauer<\/strong><\/td><td class=\"td-1\"><p class=\"bodytext\">3 - 5 Werktage nach Erhalt der Probe<\/p><\/td><\/tr><\/table>\n","protected":false},"excerpt":{"rendered":"<p>Dermoidsinus (DS)LABOKLIN Leistungs-ID: 8945Bei einem Dermoidsinus (DS) handelt es sich um eine schlauchartige Einst\u00fclpung der Haut. Die Einst\u00fclpung geht unterschiedlich weit in die Tiefe der Gewebsstruktur, teilweise bis hin zur Wirbels\u00e4ule, und kann durch Anheben der Haut als strangf\u00f6rmiges Gebilde ertastet werden.Der Dermoidsinus ist gef\u00fcllt mit Haaren und Talg und bereitet dem Hund keine Beschwerden,&hellip;<\/p>\n","protected":false},"author":10,"featured_media":0,"parent":1211000,"menu_order":201,"comment_status":"closed","ping_status":"closed","template":"","meta":{"_seopress_robots_primary_cat":"","_seopress_titles_title":"","_seopress_titles_desc":"","_seopress_robots_index":"","footnotes":""},"class_list":["post-1512746","page","type-page","status-publish","hentry","description-off"],"_links":{"self":[{"href":"https:\/\/laboklin.de\/de\/wp-json\/wp\/v2\/pages\/1512746","targetHints":{"allow":["GET"]}}],"collection":[{"href":"https:\/\/laboklin.de\/de\/wp-json\/wp\/v2\/pages"}],"about":[{"href":"https:\/\/laboklin.de\/de\/wp-json\/wp\/v2\/types\/page"}],"author":[{"embeddable":true,"href":"https:\/\/laboklin.de\/de\/wp-json\/wp\/v2\/users\/10"}],"replies":[{"embeddable":true,"href":"https:\/\/laboklin.de\/de\/wp-json\/wp\/v2\/comments?post=1512746"}],"version-history":[{"count":3,"href":"https:\/\/laboklin.de\/de\/wp-json\/wp\/v2\/pages\/1512746\/revisions"}],"predecessor-version":[{"id":1514650,"href":"https:\/\/laboklin.de\/de\/wp-json\/wp\/v2\/pages\/1512746\/revisions\/1514650"}],"up":[{"embeddable":true,"href":"https:\/\/laboklin.de\/de\/wp-json\/wp\/v2\/pages\/1211000"}],"wp:attachment":[{"href":"https:\/\/laboklin.de\/de\/wp-json\/wp\/v2\/media?parent=1512746"}],"curies":[{"name":"wp","href":"https:\/\/api.w.org\/{rel}","templated":true}]}}