{"id":1511541,"date":"2025-02-27T21:00:32","date_gmt":"2025-02-27T20:00:32","guid":{"rendered":"https:\/\/laboklin.de\/?page_id=1511541"},"modified":"2025-11-18T16:41:51","modified_gmt":"2025-11-18T15:41:51","slug":"haemonchus-contortus","status":"publish","type":"page","link":"https:\/\/laboklin.de\/de\/leistungen\/infektionskrankheiten-erreger-und-antikoerpernachweise\/parasiten\/haemonchus-contortus\/","title":{"rendered":"Haemonchus contortus"},"content":{"rendered":"<div class=\"wpb-content-wrapper\"><p>[vc_row][vc_column][vc_column_text css=&#8220;&#8220;]<h3>Leistungsspektrum<\/h3><div class=\"vc_tta-panels-container\"><div class=\"vc_tta-panels\"><li class=\"menu-item sub-page\"><a href=\"https:\/\/laboklin.de\/de\/leistungen\/infektionskrankheiten-erreger-und-antikoerpernachweise\/parasiten\/haemonchus-contortus\/haemonchus-contortus-pcr\/\">Haemonchus contortus - PCR<\/a><\/li><\/div><\/div><div class=\"gap\" style=\"line-height: 20px; height: 20px;\"><\/div>\n<p>Nach positivem Nachweis von Strongyliden-Eiern in der Flotation ist die <span class=\"font-weight-bold\">Haemonchus contortus-Spezialf\u00e4rbung \u00fcber die Leistungsnummer 527 bzw. die Parasitologie inkl. Haemonchus contortus-Differenzierung (Leistungsnummer 534) aus Faeces anforderbar.\u00a0<\/span><\/p>\n<p>[\/vc_column_text][\/vc_column][\/vc_row][vc_row][vc_column][vc_column_text css=&#8220;.vc_custom_1740686425784{margin-top: 40px !important;}&#8220;]<\/p>\n<h3>Allgemeine Informationen<\/h3>\n<p>Haemonchus contortus wird auch als roter gedrehter Magenwurm bezeichnet. Er parasitiert im Labmagen von Schafen und Ziegen, selten auch Rindern. Adulte Weibchen werden bis zu 30 mm lang.<\/p>\n<p>Klinisch betroffen sind v.a. Jungtiere im 1. Weidejahr. Die Tiere zeigen Inappetenz, Abmagerung, Bauchschmerzen und Durchfall oder harten, dunklen Kot. Eine massive Sch\u00e4digung der Labmagenschleimhaut f\u00fchrt durch hohe Blutverluste zu An\u00e4mie und Hypalbumin\u00e4mie. Todesf\u00e4lle sind m\u00f6glich.<\/p>\n<p>[\/vc_column_text][\/vc_column][\/vc_row]<\/p>\n<\/div>","protected":false},"excerpt":{"rendered":"<p>[vc_row][vc_column][vc_column_text css=&#8220;&#8220;] Nach positivem Nachweis von Strongyliden-Eiern in der Flotation ist die Haemonchus contortus-Spezialf\u00e4rbung \u00fcber die Leistungsnummer 527 bzw. die Parasitologie inkl. Haemonchus contortus-Differenzierung (Leistungsnummer 534) aus Faeces anforderbar.\u00a0 [\/vc_column_text][\/vc_column][\/vc_row][vc_row][vc_column][vc_column_text css=&#8220;.vc_custom_1740686425784{margin-top: 40px !important;}&#8220;] Allgemeine Informationen Haemonchus contortus wird auch als roter gedrehter Magenwurm bezeichnet. Er parasitiert im Labmagen von Schafen und Ziegen, selten auch Rindern.&hellip;<\/p>\n","protected":false},"author":10,"featured_media":0,"parent":940000,"menu_order":10,"comment_status":"closed","ping_status":"closed","template":"","meta":{"_seopress_robots_primary_cat":"","_seopress_titles_title":"","_seopress_titles_desc":"","_seopress_robots_index":"","footnotes":""},"class_list":["post-1511541","page","type-page","status-publish","hentry","description-off"],"_links":{"self":[{"href":"https:\/\/laboklin.de\/de\/wp-json\/wp\/v2\/pages\/1511541","targetHints":{"allow":["GET"]}}],"collection":[{"href":"https:\/\/laboklin.de\/de\/wp-json\/wp\/v2\/pages"}],"about":[{"href":"https:\/\/laboklin.de\/de\/wp-json\/wp\/v2\/types\/page"}],"author":[{"embeddable":true,"href":"https:\/\/laboklin.de\/de\/wp-json\/wp\/v2\/users\/10"}],"replies":[{"embeddable":true,"href":"https:\/\/laboklin.de\/de\/wp-json\/wp\/v2\/comments?post=1511541"}],"version-history":[{"count":3,"href":"https:\/\/laboklin.de\/de\/wp-json\/wp\/v2\/pages\/1511541\/revisions"}],"predecessor-version":[{"id":1511551,"href":"https:\/\/laboklin.de\/de\/wp-json\/wp\/v2\/pages\/1511541\/revisions\/1511551"}],"up":[{"embeddable":true,"href":"https:\/\/laboklin.de\/de\/wp-json\/wp\/v2\/pages\/940000"}],"wp:attachment":[{"href":"https:\/\/laboklin.de\/de\/wp-json\/wp\/v2\/media?parent=1511541"}],"curies":[{"name":"wp","href":"https:\/\/api.w.org\/{rel}","templated":true}]}}