{"id":1500682,"date":"2025-01-10T13:04:02","date_gmt":"2025-01-10T12:04:02","guid":{"rendered":"https:\/\/laboklin.de\/?page_id=1500682"},"modified":"2025-02-03T09:11:31","modified_gmt":"2025-02-03T08:11:31","slug":"clostridium-botulinum-neurotoxin-antikoerper","status":"publish","type":"page","link":"https:\/\/laboklin.de\/de\/leistungen\/infektionskrankheiten-erreger-und-antikoerpernachweise\/bakterien\/clostridien\/clostridium-botulinum-neurotoxin-antikoerper\/","title":{"rendered":"Clostridium botulinum-Neurotoxin &#8211; Antik\u00f6rper"},"content":{"rendered":"<p><h3 class=\"csc-firstHeader\">Clostridium botulinum-Neurotoxin* - Antik\u00f6rper<\/h3><p><span>LABOKLIN Leistungs-ID: 1424<\/span><\/p><p class=\"bodytext\">Botulismus gilt als reine Intoxikation, bei der nur das Toxin aufgenommen, \u00fcber den Darm resorbiert und h\u00e4matogen verbreitet wird. Verl\u00e4uft der Botulismus in Ausnahmef\u00e4llen als Toxinfektion, werden die Toxine im Darm (viszeraler Botulismus) oder in Wunden (Wundbotulismus) gebildet. Die Resorption von Botulinumtoxin f\u00fchrt zur Paralyse der motorischen Nerven.<\/p><table class=\"tx-laboklinleistung-table contenttable contenttable-2\" style=\"margin-top: 35px;\"><tr><td class=\"td-0\"><strong>Material<\/strong><\/td><td class=\"td-1\"><p class=\"bodytext\">Serum 1 ml<\/p><\/td><\/tr><tr><td class=\"td-0\"><strong>Methode<\/strong><\/td><td class=\"td-1\"><p class=\"bodytext\">ELISA<\/p><\/td><\/tr><tr><td class=\"td-0\"><strong>Tierart(en)<\/strong><\/td><td class=\"td-1\"><p class=\"bodytext\">Pferd, Rind, weitere Nutztiere auf Anfrage<\/p><\/td><\/tr><tr><td class=\"td-0\"><strong>Dauer<\/strong><\/td><td class=\"td-1\"><p class=\"bodytext\">10 Tage<\/p><\/td><\/tr><\/table><div class=\"gap\" style=\"line-height: 20px; height: 20px;\"><\/div>\n<p>* Partnerlabor<\/p>\n","protected":false},"excerpt":{"rendered":"<p>* Partnerlabor<\/p>\n","protected":false},"author":10,"featured_media":0,"parent":921300,"menu_order":0,"comment_status":"closed","ping_status":"closed","template":"","meta":{"_seopress_robots_primary_cat":"","_seopress_titles_title":"","_seopress_titles_desc":"","_seopress_robots_index":"","footnotes":""},"class_list":["post-1500682","page","type-page","status-publish","hentry","description-off"],"_links":{"self":[{"href":"https:\/\/laboklin.de\/de\/wp-json\/wp\/v2\/pages\/1500682","targetHints":{"allow":["GET"]}}],"collection":[{"href":"https:\/\/laboklin.de\/de\/wp-json\/wp\/v2\/pages"}],"about":[{"href":"https:\/\/laboklin.de\/de\/wp-json\/wp\/v2\/types\/page"}],"author":[{"embeddable":true,"href":"https:\/\/laboklin.de\/de\/wp-json\/wp\/v2\/users\/10"}],"replies":[{"embeddable":true,"href":"https:\/\/laboklin.de\/de\/wp-json\/wp\/v2\/comments?post=1500682"}],"version-history":[{"count":1,"href":"https:\/\/laboklin.de\/de\/wp-json\/wp\/v2\/pages\/1500682\/revisions"}],"predecessor-version":[{"id":1500685,"href":"https:\/\/laboklin.de\/de\/wp-json\/wp\/v2\/pages\/1500682\/revisions\/1500685"}],"up":[{"embeddable":true,"href":"https:\/\/laboklin.de\/de\/wp-json\/wp\/v2\/pages\/921300"}],"wp:attachment":[{"href":"https:\/\/laboklin.de\/de\/wp-json\/wp\/v2\/media?parent=1500682"}],"curies":[{"name":"wp","href":"https:\/\/api.w.org\/{rel}","templated":true}]}}