{"id":1498982,"date":"2024-12-27T11:17:59","date_gmt":"2024-12-27T10:17:59","guid":{"rendered":"https:\/\/laboklin.de\/?page_id=1498982"},"modified":"2026-02-05T18:50:22","modified_gmt":"2026-02-05T17:50:22","slug":"tumortest-nu-q-hund","status":"publish","type":"page","link":"https:\/\/laboklin.de\/de\/leistungen\/haematologie-klin-chemie-endokrinologie\/endokrinologie-tumormarker\/tumortest-nu-q-hund\/","title":{"rendered":"Tumortest Nu.Q\u00ae (Hund)"},"content":{"rendered":"<h3 class=\"csc-firstHeader\">Tumortest Nu.Q\u00ae (Hund) <\/h3><p><span>LABOKLIN Leistungs-ID: 94<\/span><\/p><p class=\"bodytext\"><br><ul><li>Zur Bestimmung der Konzentration von Nukleosomen im Blut: Nukleosomen werden bei Apoptose und Zellnekrose vermehrt ins Blut freigesetzt. Dies ist insbesondere bei disseminierten Neoplasien der Fall.<\/li><li>Indikationen sind Tumorscreening bei klinisch unauff\u00e4lligen Patienten, Therapiemonitoring und Rezidivfr\u00fcherkennung.<\/li><li>Die Sensitivit\u00e4t ist am h\u00f6chsten beim Lymphom und H\u00e4mangiosarkom.<\/li><\/ul><\/p><table class=\"tx-laboklinleistung-table contenttable contenttable-2\" style=\"margin-top: 35px;\"><tr><td class=\"td-0\"><strong>Material<\/strong><\/td><td class=\"td-1\"><p class=\"bodytext\">EDTA-Plasma 0,5 ml (n\u00fcchtern)<br><ul><li>4-st\u00fcndige <strong>Nahrungskarenz<\/strong> vor Blutentnahme empfohlen<\/li><\/ul><\/p><\/td><\/tr><tr><td class=\"td-0\"><strong>Methode<\/strong><\/td><td class=\"td-1\"><p class=\"bodytext\">Enzym Linked Immunosorbent Assay (ELISA)<\/p><\/td><\/tr><tr><td class=\"td-0\"><strong>Tierart(en)<\/strong><\/td><td class=\"td-1\"><p class=\"bodytext\">Hund<\/p><\/td><\/tr><tr><td class=\"td-0\"><strong>Dauer<\/strong><\/td><td class=\"td-1\"><p class=\"bodytext\">1-5 Arbeitstage<\/p><\/td><\/tr><tr><td class=\"td-0\"><strong>Anmerkung<\/strong><\/td><td class=\"td-1\"><p class=\"bodytext\"><ul><li>Ein negatives Ergebnis schlie\u00dft eine Tumorerkrankung nicht aus. Ein positives Ergebnis muss mithilfe weiterer diagnostischer Ma\u00dfnahmen best\u00e4tigt werden.<\/li><li>Nicht geeignet f\u00fcr klinisch kranke Hunde. Die Konzentration an Nukleosomen steigt auch im Rahmen von entz\u00fcndlich bedingtem Zelltod.<\/li><\/ul><\/p><\/td><\/tr><\/table>\n","protected":false},"excerpt":{"rendered":"<p>Tumortest Nu.Q\u00ae (Hund) LABOKLIN Leistungs-ID: 94Zur Bestimmung der Konzentration von Nukleosomen im Blut: Nukleosomen werden bei Apoptose und Zellnekrose vermehrt ins Blut freigesetzt. Dies ist insbesondere bei disseminierten Neoplasien der Fall.Indikationen sind Tumorscreening bei klinisch unauff\u00e4lligen Patienten, Therapiemonitoring und Rezidivfr\u00fcherkennung.Die Sensitivit\u00e4t ist am h\u00f6chsten beim Lymphom und H\u00e4mangiosarkom.MaterialEDTA-Plasma 0,5 ml (n\u00fcchtern)4-st\u00fcndige Nahrungskarenz vor Blutentnahme empfohlenMethodeEnzym&hellip;<\/p>\n","protected":false},"author":10,"featured_media":0,"parent":650000,"menu_order":43,"comment_status":"closed","ping_status":"closed","template":"","meta":{"_seopress_robots_primary_cat":"","_seopress_titles_title":"","_seopress_titles_desc":"","_seopress_robots_index":"","footnotes":""},"class_list":["post-1498982","page","type-page","status-publish","hentry","description-off"],"_links":{"self":[{"href":"https:\/\/laboklin.de\/de\/wp-json\/wp\/v2\/pages\/1498982","targetHints":{"allow":["GET"]}}],"collection":[{"href":"https:\/\/laboklin.de\/de\/wp-json\/wp\/v2\/pages"}],"about":[{"href":"https:\/\/laboklin.de\/de\/wp-json\/wp\/v2\/types\/page"}],"author":[{"embeddable":true,"href":"https:\/\/laboklin.de\/de\/wp-json\/wp\/v2\/users\/10"}],"replies":[{"embeddable":true,"href":"https:\/\/laboklin.de\/de\/wp-json\/wp\/v2\/comments?post=1498982"}],"version-history":[{"count":2,"href":"https:\/\/laboklin.de\/de\/wp-json\/wp\/v2\/pages\/1498982\/revisions"}],"predecessor-version":[{"id":1586839,"href":"https:\/\/laboklin.de\/de\/wp-json\/wp\/v2\/pages\/1498982\/revisions\/1586839"}],"up":[{"embeddable":true,"href":"https:\/\/laboklin.de\/de\/wp-json\/wp\/v2\/pages\/650000"}],"wp:attachment":[{"href":"https:\/\/laboklin.de\/de\/wp-json\/wp\/v2\/media?parent=1498982"}],"curies":[{"name":"wp","href":"https:\/\/api.w.org\/{rel}","templated":true}]}}