{"id":1496392,"date":"2024-12-04T13:26:13","date_gmt":"2024-12-04T12:26:13","guid":{"rendered":"https:\/\/laboklin.de\/?page_id=1496392"},"modified":"2024-12-04T13:29:30","modified_gmt":"2024-12-04T12:29:30","slug":"bakteriologie-aerob-anaerob","status":"publish","type":"page","link":"https:\/\/laboklin.de\/de\/leistungen\/mikrobiologie-parasitologie\/bakteriologie-mykologie\/abstriche-punktate-milch-blut\/bakteriologie-aerob-anaerob\/","title":{"rendered":"Bakteriologie (aerob + anaerob)"},"content":{"rendered":"<h3 class=\"csc-firstHeader\">Bakteriologie (aerob + anaerob)<\/h3><p><span>LABOKLIN Leistungs-ID: 1061<\/span><\/p><table class=\"tx-laboklinleistung-table contenttable contenttable-2\" style=\"margin-top: 35px;\"><tr><td class=\"td-0\"><strong>Material<\/strong><\/td><td class=\"td-1\"><p class=\"bodytext\"><br><ul><li> Abstriche  (Tupfer mit Medium) (besonders bei Wunden)<\/li> <li>Abszessmaterial (Tupfer mit Medium)<\/li> <li> Liquor<\/li> <li> Punktate (aus prim\u00e4r sterilen K\u00f6rperh\u00f6hlen) <\/li> <li> Faeces <\/li><\/ul><\/p><\/td><\/tr><tr><td class=\"td-0\"><strong>Methode<\/strong><\/td><td class=\"td-1\"><p class=\"bodytext\">kulturell, bakteriologisch (MALDI-TOF)<\/p><\/td><\/tr><tr><td class=\"td-0\"><strong>Dauer<\/strong><\/td><td class=\"td-1\"><p class=\"bodytext\">2 - 7 Tage<\/p><\/td><\/tr><tr><td class=\"td-0\"><strong>Anmerkung<\/strong><\/td><td class=\"td-1\"><p class=\"bodytext\"><ul><li><strong>Abstriche von eitrigem Material:<\/strong> Ein kultureller Nachweis aus eitrigem Material ist oftmals schwierig, da die Bakterien vorgesch\u00e4digt und somit schlecht anzuz\u00fcchten sind. <\/li> <li><strong>Abszessmaterial:<\/strong> Abszessh\u00f6hle spalten und Innenseite der Abszessmembran abtupfen<\/li><li>Bei <strong>Punktaten aus prim\u00e4r sterilen K\u00f6rperh\u00f6hlen<\/strong> wird die Verwendung der Blutkulturflasche Peds Plus empfohlen; das Probenmaterial sollte nicht gek\u00fchlt werden.<\/li> <li>Falls die Untersuchung auf <strong>Actinomyceten und Nocardien<\/strong> gew\u00fcnscht ist, ist dies gesondert anzufordern.<\/li> <\/ul><\/p><\/td><\/tr><\/table>\n","protected":false},"excerpt":{"rendered":"<p>Bakteriologie (aerob + anaerob)LABOKLIN Leistungs-ID: 1061Material Abstriche (Tupfer mit Medium) (besonders bei Wunden) Abszessmaterial (Tupfer mit Medium) Liquor Punktate (aus prim\u00e4r sterilen K\u00f6rperh\u00f6hlen) Faeces Methodekulturell, bakteriologisch (MALDI-TOF)Dauer2 &#8211; 7 TageAnmerkungAbstriche von eitrigem Material: Ein kultureller Nachweis aus eitrigem Material ist oftmals schwierig, da die Bakterien vorgesch\u00e4digt und somit schlecht anzuz\u00fcchten sind. Abszessmaterial: Abszessh\u00f6hle spalten und&hellip;<\/p>\n","protected":false},"author":10,"featured_media":0,"parent":1011000,"menu_order":2,"comment_status":"closed","ping_status":"closed","template":"","meta":{"_seopress_robots_primary_cat":"","_seopress_titles_title":"","_seopress_titles_desc":"","_seopress_robots_index":"","footnotes":""},"class_list":["post-1496392","page","type-page","status-publish","hentry","description-off"],"_links":{"self":[{"href":"https:\/\/laboklin.de\/de\/wp-json\/wp\/v2\/pages\/1496392","targetHints":{"allow":["GET"]}}],"collection":[{"href":"https:\/\/laboklin.de\/de\/wp-json\/wp\/v2\/pages"}],"about":[{"href":"https:\/\/laboklin.de\/de\/wp-json\/wp\/v2\/types\/page"}],"author":[{"embeddable":true,"href":"https:\/\/laboklin.de\/de\/wp-json\/wp\/v2\/users\/10"}],"replies":[{"embeddable":true,"href":"https:\/\/laboklin.de\/de\/wp-json\/wp\/v2\/comments?post=1496392"}],"version-history":[{"count":4,"href":"https:\/\/laboklin.de\/de\/wp-json\/wp\/v2\/pages\/1496392\/revisions"}],"predecessor-version":[{"id":1496408,"href":"https:\/\/laboklin.de\/de\/wp-json\/wp\/v2\/pages\/1496392\/revisions\/1496408"}],"up":[{"embeddable":true,"href":"https:\/\/laboklin.de\/de\/wp-json\/wp\/v2\/pages\/1011000"}],"wp:attachment":[{"href":"https:\/\/laboklin.de\/de\/wp-json\/wp\/v2\/media?parent=1496392"}],"curies":[{"name":"wp","href":"https:\/\/api.w.org\/{rel}","templated":true}]}}