{"id":1484820,"date":"2024-09-12T16:33:16","date_gmt":"2024-09-12T14:33:16","guid":{"rendered":"https:\/\/laboklin.de\/?page_id=1484820"},"modified":"2025-02-25T12:29:35","modified_gmt":"2025-02-25T11:29:35","slug":"androgeninsensitivitaetssyndrom-ar2-ar3-ar4-ar5-2","status":"publish","type":"page","link":"https:\/\/laboklin.de\/de\/leistungen\/genetik\/erbkrankheiten\/pferd\/androgeninsensitivitaetssyndrom-ar2-ar3-ar4-ar5-2\/","title":{"rendered":"Androgeninsensitivit\u00e4tssyndrom (AR2, AR3, AR4, AR5)*"},"content":{"rendered":"<h3 class=\"csc-firstHeader\">Androgeninsensitivit\u00e4tssyndrom (AR2, AR3, AR4, AR5)*<\/h3><p><span>LABOKLIN Leistungs-ID: 8842<\/span><\/p><p class=\"bodytext\">Das Geschlecht bei S\u00e4ugetieren wird durch die Chromosomen X und Y bestimmt. Sie sind verantwortlich f\u00fcr zahlreiche Faktoren, die f\u00fcr die Auspr\u00e4gung der Geschlechtsmerkmale bestimmend sind. Die Rolle von Androgenen ist von entscheidender Bedeutung f\u00fcr die normale m\u00e4nnliche Geschlechtsdifferenzierung. Die intrazellul\u00e4re androgene Wirkung wird durch den Androgen-Rezeptor (AR) vermittelt. Wenn seine Funktion beeintr\u00e4chtigt ist, kann die K\u00f6rperzelle nicht auf das Androgen reagieren. Dies f\u00fchrt zu einer Vielzahl von Syndromen mit schweren klinischen Konsequenzen, insbesondere dem Androgenunempfindlichkeitsyndrom (AIS): XY- (genetisch m\u00e4nnliche) Pferde zeigen einen weiblichen Ph\u00e4notyp (weibliche \u00e4u\u00dfere Genitalien) und haben innenliegende Hoden. Diese Pferde zeigen h\u00e4ufig Hengstmanieren, sind aber nicht fortpflanzungsf\u00e4hig. AIS wird X-chromosomal-rezessiv vererbt. <\/p><table class=\"tx-laboklinleistung-table contenttable contenttable-2\" style=\"margin-top: 35px;\"><tr><td class=\"td-0\"><strong>Material<\/strong><\/td><td class=\"td-1\"><p class=\"bodytext\">nur M\u00e4hnen-\/Schweifhaare<\/p><\/td><\/tr><tr><td class=\"td-0\"><strong>Methode<\/strong><\/td><td class=\"td-1\"><p class=\"bodytext\">Partnerlabor<\/p><\/td><\/tr><tr><td class=\"td-0\"><strong>Rasse<\/strong><\/td><td class=\"td-1\"><p class=\"bodytext\">Bayerisches Warmblut, Belgisches Warmblut, Brandenburger Warmblut, D\u00e4nisches Warmblut, Englisches Vollblut, Lettisches Warmblut, Mecklenburger Warmblut, Rheinisches Warmblut, Schwedisches Warmblut, Schweizer Warmblut, S\u00e4chsisches Warmblut, Tennessee Walking Horse, Tschechisches Warmblut, \u00d6sterreichisches Warmblut<\/p><\/td><\/tr><tr><td class=\"td-0\"><strong>Erbgang<\/strong><\/td><td class=\"td-1\"><p class=\"bodytext\">X-chromosomal-rezessiv<\/p><\/td><\/tr><tr><td class=\"td-0\"><strong>Dauer<\/strong><\/td><td class=\"td-1\"><p class=\"bodytext\">4 - 6 Wochen nach Erhalt der Probe<\/p><\/td><\/tr><\/table>\n","protected":false},"excerpt":{"rendered":"<p>Androgeninsensitivit\u00e4tssyndrom (AR2, AR3, AR4, AR5)*LABOKLIN Leistungs-ID: 8842Das Geschlecht bei S\u00e4ugetieren wird durch die Chromosomen X und Y bestimmt. Sie sind verantwortlich f\u00fcr zahlreiche Faktoren, die f\u00fcr die Auspr\u00e4gung der Geschlechtsmerkmale bestimmend sind. Die Rolle von Androgenen ist von entscheidender Bedeutung f\u00fcr die normale m\u00e4nnliche Geschlechtsdifferenzierung. Die intrazellul\u00e4re androgene Wirkung wird durch den Androgen-Rezeptor (AR) vermittelt.&hellip;<\/p>\n","protected":false},"author":18,"featured_media":0,"parent":1213000,"menu_order":20,"comment_status":"closed","ping_status":"closed","template":"","meta":{"_seopress_robots_primary_cat":"","_seopress_titles_title":"","_seopress_titles_desc":"","_seopress_robots_index":"","footnotes":""},"class_list":["post-1484820","page","type-page","status-publish","hentry","description-off"],"_links":{"self":[{"href":"https:\/\/laboklin.de\/de\/wp-json\/wp\/v2\/pages\/1484820","targetHints":{"allow":["GET"]}}],"collection":[{"href":"https:\/\/laboklin.de\/de\/wp-json\/wp\/v2\/pages"}],"about":[{"href":"https:\/\/laboklin.de\/de\/wp-json\/wp\/v2\/types\/page"}],"author":[{"embeddable":true,"href":"https:\/\/laboklin.de\/de\/wp-json\/wp\/v2\/users\/18"}],"replies":[{"embeddable":true,"href":"https:\/\/laboklin.de\/de\/wp-json\/wp\/v2\/comments?post=1484820"}],"version-history":[{"count":1,"href":"https:\/\/laboklin.de\/de\/wp-json\/wp\/v2\/pages\/1484820\/revisions"}],"predecessor-version":[{"id":1484825,"href":"https:\/\/laboklin.de\/de\/wp-json\/wp\/v2\/pages\/1484820\/revisions\/1484825"}],"up":[{"embeddable":true,"href":"https:\/\/laboklin.de\/de\/wp-json\/wp\/v2\/pages\/1213000"}],"wp:attachment":[{"href":"https:\/\/laboklin.de\/de\/wp-json\/wp\/v2\/media?parent=1484820"}],"curies":[{"name":"wp","href":"https:\/\/api.w.org\/{rel}","templated":true}]}}