{"id":1483729,"date":"2024-09-04T09:55:15","date_gmt":"2024-09-04T07:55:15","guid":{"rendered":"https:\/\/laboklin.de\/?page_id=1483729"},"modified":"2025-02-17T09:50:29","modified_gmt":"2025-02-17T08:50:29","slug":"plattenepithelkarzinom-pek-der-zehe-risikoanalyse","status":"publish","type":"page","link":"https:\/\/laboklin.de\/de\/leistungen\/genetik\/erbkrankheiten\/hund\/plattenepithelkarzinom-pek-der-zehe-risikoanalyse\/","title":{"rendered":"Plattenepithelkarzinom (PEK) der Zehe &#8211; Risikoanalyse"},"content":{"rendered":"<h3 class=\"csc-firstHeader\">Plattenepithelkarzinom (PEK) der Zehe - Risikoanalyse<\/h3><p><span>LABOKLIN Leistungs-ID: 8823<\/span><\/p><p class=\"bodytext\">Der Test auf Plattenepithelkarzinom (PEK) der Zehe erm\u00f6glicht eine Einsch\u00e4tzung des individuellen Risikos der Entstehung von akralen Plattenepithelkarzinomen bei schwarzen Riesenschnauzern und schwarzen Pudeln. Es wird eine strukturelle Ver\u00e4nderung, eine sog. Copy Number Variation, im c-KIT-Liganden-Gen (KITLG) untersucht. Eine erh\u00f6hte Anzahl der Kopienzahl des KITLG-Gens l\u00e4sst auf ein erh\u00f6htes Risiko f\u00fcr PEK schlie\u00dfen.<\/p><table class=\"tx-laboklinleistung-table contenttable contenttable-2\" style=\"margin-top: 35px;\"><tr><td class=\"td-0\"><strong>Methode<\/strong><\/td><td class=\"td-1\"><p class=\"bodytext\">droplet digital PCR <\/p><\/td><\/tr><tr><td class=\"td-0\"><strong>Rasse<\/strong><\/td><td class=\"td-1\"><p class=\"bodytext\">Pudel, Riesenschnauzer<\/p><\/td><\/tr><tr><td class=\"td-0\"><strong>Dauer<\/strong><\/td><td class=\"td-1\"><p class=\"bodytext\">1 - 2 Wochen nach Erhalt der Probe<\/p><\/td><\/tr><tr><td class=\"td-0\"><strong>Anmerkung<\/strong><\/td><td class=\"td-1\"><p class=\"bodytext\">Probenmaterial: nur EDTA-Blut<\/p><\/td><\/tr><\/table>\n","protected":false},"excerpt":{"rendered":"<p>Plattenepithelkarzinom (PEK) der Zehe &#8211; RisikoanalyseLABOKLIN Leistungs-ID: 8823Der Test auf Plattenepithelkarzinom (PEK) der Zehe erm\u00f6glicht eine Einsch\u00e4tzung des individuellen Risikos der Entstehung von akralen Plattenepithelkarzinomen bei schwarzen Riesenschnauzern und schwarzen Pudeln. Es wird eine strukturelle Ver\u00e4nderung, eine sog. Copy Number Variation, im c-KIT-Liganden-Gen (KITLG) untersucht. Eine erh\u00f6hte Anzahl der Kopienzahl des KITLG-Gens l\u00e4sst auf ein&hellip;<\/p>\n","protected":false},"author":18,"featured_media":0,"parent":1211000,"menu_order":183,"comment_status":"closed","ping_status":"closed","template":"","meta":{"_seopress_robots_primary_cat":"","_seopress_titles_title":"","_seopress_titles_desc":"","_seopress_robots_index":"","footnotes":""},"class_list":["post-1483729","page","type-page","status-publish","hentry","description-off"],"_links":{"self":[{"href":"https:\/\/laboklin.de\/de\/wp-json\/wp\/v2\/pages\/1483729","targetHints":{"allow":["GET"]}}],"collection":[{"href":"https:\/\/laboklin.de\/de\/wp-json\/wp\/v2\/pages"}],"about":[{"href":"https:\/\/laboklin.de\/de\/wp-json\/wp\/v2\/types\/page"}],"author":[{"embeddable":true,"href":"https:\/\/laboklin.de\/de\/wp-json\/wp\/v2\/users\/18"}],"replies":[{"embeddable":true,"href":"https:\/\/laboklin.de\/de\/wp-json\/wp\/v2\/comments?post=1483729"}],"version-history":[{"count":1,"href":"https:\/\/laboklin.de\/de\/wp-json\/wp\/v2\/pages\/1483729\/revisions"}],"predecessor-version":[{"id":1483734,"href":"https:\/\/laboklin.de\/de\/wp-json\/wp\/v2\/pages\/1483729\/revisions\/1483734"}],"up":[{"embeddable":true,"href":"https:\/\/laboklin.de\/de\/wp-json\/wp\/v2\/pages\/1211000"}],"wp:attachment":[{"href":"https:\/\/laboklin.de\/de\/wp-json\/wp\/v2\/media?parent=1483729"}],"curies":[{"name":"wp","href":"https:\/\/api.w.org\/{rel}","templated":true}]}}