{"id":1481927,"date":"2024-08-20T11:44:39","date_gmt":"2024-08-20T09:44:39","guid":{"rendered":"https:\/\/laboklin.de\/?page_id=1481927"},"modified":"2025-01-28T13:37:28","modified_gmt":"2025-01-28T12:37:28","slug":"harnstatus-inkl-sediment-u-p-c","status":"publish","type":"page","link":"https:\/\/laboklin.de\/de\/leistungen\/haematologie-klin-chemie-endokrinologie\/harnanalyse\/harnstatus-inkl-sediment-u-p-c\/","title":{"rendered":"Harnstatus inkl. Sediment + U-P\/C"},"content":{"rendered":"<h3 class=\"csc-firstHeader\">Harnstatus inkl. Sediment + U-P\/C<\/h3><p><span>LABOKLIN Leistungs-ID: 2051<\/span><\/p><p class=\"bodytext\"><br>semiquantitative Erfassung von klinisch-chemischen und zellul\u00e4ren Parametern und Messung des spezifischen Gewichts<\/p><table class=\"tx-laboklinleistung-table contenttable contenttable-2\" style=\"margin-top: 35px;\"><tr><td class=\"td-0\"><strong>Material<\/strong><\/td><td class=\"td-1\"><p class=\"bodytext\">Harn 5 ml<\/p><\/td><\/tr><tr><td class=\"td-0\"><strong>Parameter<\/strong><\/td><td class=\"td-1\"><p class=\"bodytext\">spez. Gewicht, Protein, H\u00e4mo-\/Myoglobin, pH-Wert, Bilirubin, Urobilinogen, Glucose, Nitrit, Ketonk\u00f6rper sowie<br> Erythrozyten, Leukozyten, Bakterien, Hefen, Zylinder, Epithelien, Kristalle und<br>Protein-Kreatinin-Quotient<\/p><\/td><\/tr><tr><td class=\"td-0\"><strong>Methode<\/strong><\/td><td class=\"td-1\"><p class=\"bodytext\">Trockenchemie, Photometrie, Mikroskopie, Refraktometrie<\/p><\/td><\/tr><tr><td class=\"td-0\"><strong>Dauer<\/strong><\/td><td class=\"td-1\"><p class=\"bodytext\">1 - 2 Tage<\/p><\/td><\/tr><tr><td class=\"td-0\"><strong>Anmerkung<\/strong><\/td><td class=\"td-1\"><p class=\"bodytext\"><ul><li>Bei aktueller Behandlung mit Medikamenten (Antibiotika, Allopurinol etc.) sollte dies auf dem Untersuchungsauftrag vermerkt werden.<\/li> <li>Werden charakteristische Kristalle im Sediment gefunden, sollte die Tierart, der Urin-pH und das spezifische Gewicht miteinbezogen werden, um eindeutige R\u00fcckschl\u00fcsse auf die chemische Zusammensetzung zu ziehen. Gr\u00f6\u00dfere Konkremente k\u00f6nnen mittels FTIR analysiert werden (siehe Harnsteinanalyse).<\/li><\/ul><\/p><\/td><\/tr><\/table>\n","protected":false},"excerpt":{"rendered":"<p>Harnstatus inkl. Sediment + U-P\/CLABOKLIN Leistungs-ID: 2051semiquantitative Erfassung von klinisch-chemischen und zellul\u00e4ren Parametern und Messung des spezifischen GewichtsMaterialHarn 5 mlParameterspez. Gewicht, Protein, H\u00e4mo-\/Myoglobin, pH-Wert, Bilirubin, Urobilinogen, Glucose, Nitrit, Ketonk\u00f6rper sowie Erythrozyten, Leukozyten, Bakterien, Hefen, Zylinder, Epithelien, Kristalle undProtein-Kreatinin-QuotientMethodeTrockenchemie, Photometrie, Mikroskopie, RefraktometrieDauer1 &#8211; 2 TageAnmerkungBei aktueller Behandlung mit Medikamenten (Antibiotika, Allopurinol etc.) sollte dies auf dem&hellip;<\/p>\n","protected":false},"author":10,"featured_media":0,"parent":630000,"menu_order":6,"comment_status":"closed","ping_status":"closed","template":"","meta":{"_seopress_robots_primary_cat":"","_seopress_titles_title":"","_seopress_titles_desc":"","_seopress_robots_index":"","footnotes":""},"class_list":["post-1481927","page","type-page","status-publish","hentry","description-off"],"_links":{"self":[{"href":"https:\/\/laboklin.de\/de\/wp-json\/wp\/v2\/pages\/1481927","targetHints":{"allow":["GET"]}}],"collection":[{"href":"https:\/\/laboklin.de\/de\/wp-json\/wp\/v2\/pages"}],"about":[{"href":"https:\/\/laboklin.de\/de\/wp-json\/wp\/v2\/types\/page"}],"author":[{"embeddable":true,"href":"https:\/\/laboklin.de\/de\/wp-json\/wp\/v2\/users\/10"}],"replies":[{"embeddable":true,"href":"https:\/\/laboklin.de\/de\/wp-json\/wp\/v2\/comments?post=1481927"}],"version-history":[{"count":1,"href":"https:\/\/laboklin.de\/de\/wp-json\/wp\/v2\/pages\/1481927\/revisions"}],"predecessor-version":[{"id":1481932,"href":"https:\/\/laboklin.de\/de\/wp-json\/wp\/v2\/pages\/1481927\/revisions\/1481932"}],"up":[{"embeddable":true,"href":"https:\/\/laboklin.de\/de\/wp-json\/wp\/v2\/pages\/630000"}],"wp:attachment":[{"href":"https:\/\/laboklin.de\/de\/wp-json\/wp\/v2\/media?parent=1481927"}],"curies":[{"name":"wp","href":"https:\/\/api.w.org\/{rel}","templated":true}]}}