{"id":1475206,"date":"2024-05-29T13:30:53","date_gmt":"2024-05-29T11:30:53","guid":{"rendered":"https:\/\/laboklin.de\/?page_id=1475206"},"modified":"2024-12-09T10:11:37","modified_gmt":"2024-12-09T09:11:37","slug":"tiermedizin-trifft-genetik","status":"publish","type":"page","link":"https:\/\/laboklin.de\/de\/tiermedizin-trifft-genetik\/","title":{"rendered":"Tiermedizin trifft Genetik"},"content":{"rendered":"<div class=\"wpb-content-wrapper\"><p>[vc_row type=&#8220;vc_default&#8220; css=&#8220;.vc_custom_1666178283261{margin-top: 20px !important;}&#8220;][vc_column width=&#8220;1\/4&#8243; css=&#8220;.vc_custom_1701865315271{padding-top: 1px !important;padding-right: 1px !important;padding-bottom: 1px !important;padding-left: 1px !important;}&#8220;][vc_icon type=&#8220;typicons&#8220; icon_typicons=&#8220;typcn typcn-lightbulb&#8220; color=&#8220;custom&#8220; background_style=&#8220;rounded-outline&#8220; background_color=&#8220;custom&#8220; size=&#8220;xl&#8220; align=&#8220;center&#8220; css_animation=&#8220;bounceInDown&#8220; css=&#8220;.vc_custom_1716976612789{padding-top: 10px !important;padding-right: 10px !important;padding-bottom: 10px !important;padding-left: 10px !important;}&#8220; custom_color=&#8220;#e51e1e&#8220; custom_background_color=&#8220;#e51e1e&#8220;][\/vc_column][vc_column width=&#8220;3\/4&#8243; css=&#8220;.vc_custom_1701791998932{margin-bottom: 60px !important;}&#8220;][vc_column_text css=&#8220;&#8220;]<\/p>\n<h2>Neue Infoblatt-Serie bei Laboklin: <strong>Tiermedizin trifft Genetik<\/strong><\/h2>\n<p>Als einziges Veterin\u00e4rlabor in Deutschland bietet Laboklin nicht nur die ganze Bandbreite des klassischen Labors, sondern ist au\u00dferdem in der Lage, sehr spezielle Fragestellungen zu bedienen: Die <b>Fachabteilung Genetik<\/b> kann f\u00fcr Tier\u00e4rzte und Z\u00fcchter inzwischen mehr als 530 genetische Mutationen mittels Untersuchung von Blut oder Schleimhautabstrich nachweisen.<\/p>\n<p>Das Wissen um genetisch bedingte Erkrankungen kann f\u00fcr den Tierarzt sowohl in der Diagnostik als auch in der Pr\u00e4vention \u2013 im Rahmen der Z\u00fcchterberatung \u2013 eine gro\u00dfe Rolle spielen. Die neuen Infobl\u00e4tter besch\u00e4ftigen sich mit ausgesuchten Themen rund um Erbkrankheiten und Gentests.[\/vc_column_text][\/vc_column][\/vc_row][vc_row type=&#8220;vc_default&#8220; bg_type=&#8220;grad&#8220; bg_grad=&#8220;background: -webkit-gradient(linear, left top, left bottom, color-stop(0%, #E3E3E3), color-stop(100%, #FAF7FA));background: -moz-linear-gradient(top,#E3E3E3 0%,#FAF7FA 100%);background: -webkit-linear-gradient(top,#E3E3E3 0%,#FAF7FA 100%);background: -o-linear-gradient(top,#E3E3E3 0%,#FAF7FA 100%);background: -ms-linear-gradient(top,#E3E3E3 0%,#FAF7FA 100%);background: linear-gradient(top,#E3E3E3 0%,#FAF7FA 100%);&#8220;][vc_column][vc_row_inner css=&#8220;.vc_custom_1716979510998{margin-top: 30px !important;}&#8220;][vc_column_inner width=&#8220;1\/4&#8243; css=&#8220;.vc_custom_1716979379509{margin-left: 10px !important;}&#8220;][vc_column_text css=&#8220;.vc_custom_1728902861628{margin-right: 20px !important;}&#8220;]<\/p>\n<blockquote>\n<h6>\u00bb <a href=\"https:\/\/laboklin.de\/de\/\/?sdm_process_download=1&amp;download_id=1475346\" target=\"_blank\" rel=\"noopener\">ZUCHT MIT DEM <strong>MERKMAL MERLE<\/strong><\/a>\u00a0 <\/p>\n<div class=\"hr-thin\"><\/div>\n<\/h6>\n<h6>\u00bb <a href=\"https:\/\/laboklin.de\/de\/\/?sdm_process_download=1&amp;download_id=1475351\" target=\"_blank\" rel=\"noopener\"><strong>ANFALLSLEIDEN<\/strong> BEIM HUND<\/a>\u00a0<\/p>\n<div class=\"hr-thin\"><\/div>\n<\/h6>\n<h6>\u00bb <a href=\"https:\/\/laboklin.de\/de\/\/?sdm_process_download=1&amp;download_id=1475355\" target=\"_blank\" rel=\"noopener\"><strong>OP-VORBEREITUNG<\/strong> BEIM HUND<\/a>\u00a0<\/p>\n<div class=\"hr-thin\"><\/div>\n<\/h6>\n<h6>\u00bb <a href=\"https:\/\/laboklin.de\/?sdm_process_download=1&amp;download_id=1482275\" target=\"_blank\" rel=\"noopener\"><strong>GENETISCH BEDINGTE<\/strong> ERKRANKUNGEN DER KATZE<\/a>\u00a0<\/p>\n<div class=\"hr-thin\"><\/div>\n<\/h6>\n<h6>\u00bb <a href=\"https:\/\/laboklin.de\/?sdm_process_download=1&amp;download_id=1489148\" target=\"_blank\" rel=\"noopener\">ERBLICHE <strong>ATAXIEN<\/strong> UND IHRE GENETISCHE URSACHEN. <\/a>\u00a0 <\/p>\n<div class=\"hr-thin\"><\/div>\n<\/h6>\n<p>&nbsp;<\/p>\n<p>&nbsp;<\/p><\/blockquote>\n<p>[\/vc_column_text][\/vc_column_inner][vc_column_inner width=&#8220;1\/4&#8243; css=&#8220;.vc_custom_1716979580854{margin-bottom: 40px !important;border-color: #dd3333 !important;}&#8220;]<div tabindex=\"0\" class=\"ult-new-ib ult-ib-effect-style5  ult-ib-resp ult-ib2-min-height \" data-min-width=\"768\" data-max-width=\"900\" style=\"background:rgba(255,255,255,0.9); opacity:0; \" data-opacity=\"1\" data-hover-opacity=\"1\"  data-min-height=\"230\" ><img decoding=\"async\" class=\"ult-new-ib-img\" style=\"opacity:1;\" alt=\"null\" src=\"https:\/\/laboklin.de\/wp-content\/uploads\/2024\/05\/SPOTLIGHT_Infoblatt_Merle.jpg\"  data-min-height=\"230\"   \/><div id=\"interactive-banner-wrap-2753\" class=\"ult-new-ib-desc\" style=\"background:rgba(186,186,186,0.91);\"><h2 class=\"ult-new-ib-title ult-responsive\"  data-ultimate-target='#interactive-banner-wrap-2753 .ult-new-ib-title'  data-responsive-json-new='{\"font-size\":\"\",\"line-height\":\"\"}'  style=\"font-family:&#039;Open Sans&#039;;font-weight:800;color:#e51e1e;\">ZUCHT MIT DEM MERKMAL MERLE<\/h2><\/div><a class=\"ult-new-ib-link\" href=\"https:\/\/laboklin.de\/de\/\/?sdm_process_download=1&#038;download_id=1475346\" target=\"_blank\" rel=\"noopener\"  ><\/a><\/div>[vc_column_text css=&#8220;.vc_custom_1716981527151{margin-top: 10px !important;padding-left: 15px !important;}&#8220;]Das <strong>Merle-Blatt<\/strong> enth\u00e4lt aktuelle Informationen zu Genetik, Risikoeinsch\u00e4tzung, Zucht und Gentestung mit Hunden dieser Fellfarbe.<\/p>\n<div class=\"sdm_download_button_box_default\"><div class=\"sdm_download_link\"><a href=\"https:\/\/laboklin.de\/de\/\/?sdm_process_download=1&download_id=1475346\" class=\"sdm_download grey\" title=\"ZUCHT MIT DEM MERKMAL MERLE\" target=&quot;_blank&quot;>Jetzt herunterladen!<\/a><\/div><\/div>[\/vc_column_text]<div tabindex=\"0\" class=\"ult-new-ib ult-ib-effect-style5  ult-ib-resp ult-ib2-min-height  vc_custom_1724232701936\" data-min-width=\"768\" data-max-width=\"900\" style=\"background:rgba(255,255,255,0.9); opacity:0; \" data-opacity=\"1\" data-hover-opacity=\"1\"  data-min-height=\"230\" ><img decoding=\"async\" class=\"ult-new-ib-img\" style=\"opacity:1;\" alt=\"null\" src=\"https:\/\/laboklin.de\/wp-content\/uploads\/2024\/08\/SPOTLIGHT_GENETISCH-BEDINGTE-ERKRANKUNGEN-DER-KATZE.jpg\"  data-min-height=\"230\"   \/><div id=\"interactive-banner-wrap-9400\" class=\"ult-new-ib-desc\" style=\"background:rgba(186,186,186,0.91);\"><h2 class=\"ult-new-ib-title ult-responsive\"  data-ultimate-target='#interactive-banner-wrap-9400 .ult-new-ib-title'  data-responsive-json-new='{\"font-size\":\"\",\"line-height\":\"\"}'  style=\"font-family:&#039;Open Sans&#039;;font-weight:800;color:#e51e1e;\">GENETISCH BEDINGTE ERKRANKUNGEN DER KATZE<\/h2><\/div><a class=\"ult-new-ib-link\" href=\"https:\/\/laboklin.de\/?sdm_process_download=1&#038;download_id=1482275\" target=\"_blank\" rel=\"noopener\"  ><\/a><\/div>[vc_column_text css=&#8220;.vc_custom_1724232904890{margin-top: 10px !important;padding-left: 15px !important;}&#8220;]Es gibt<strong> Gendefekte,<\/strong> die erst bei der <strong>jungen erwachsenen Katze<\/strong> zu klinischen Symptomen f\u00fchren&#8230;<\/p>\n<div class=\"sdm_download_button_box_default\"><div class=\"sdm_download_link\"><a href=\"https:\/\/laboklin.de\/de\/\/?sdm_process_download=1&download_id=1482275\" class=\"sdm_download grey\" title=\"GENETISCH BEDINGTE ERKRANKUNGEN DER KATZE MIT ORTHOP\u00c4DISCH- NEUROLOGISCHEN SYMPTOMEN\" target=&quot;_blank&quot;>Jetzt herunterladen!<\/a><\/div><\/div>[\/vc_column_text][\/vc_column_inner][vc_column_inner width=&#8220;1\/4&#8243; css=&#8220;.vc_custom_1716979338661{margin-right: 20px !important;margin-bottom: 40px !important;}&#8220;]<div tabindex=\"0\" class=\"ult-new-ib ult-ib-effect-style5  ult-ib-resp ult-ib2-min-height \" data-min-width=\"768\" data-max-width=\"900\" style=\"background:rgba(255,255,255,0.9); opacity:0; \" data-opacity=\"1\" data-hover-opacity=\"1\"  data-min-height=\"230\" ><img decoding=\"async\" class=\"ult-new-ib-img\" style=\"opacity:1;\" alt=\"null\" src=\"https:\/\/laboklin.de\/wp-content\/uploads\/2024\/05\/SPOTLIGHT_Anfallsleiden.jpg\"  data-min-height=\"230\"   \/><div id=\"interactive-banner-wrap-8674\" class=\"ult-new-ib-desc\" style=\"background:rgba(160,160,160,0.91);\"><h2 class=\"ult-new-ib-title ult-responsive\"  data-ultimate-target='#interactive-banner-wrap-8674 .ult-new-ib-title'  data-responsive-json-new='{\"font-size\":\"\",\"line-height\":\"\"}'  style=\"font-family:&#039;Open Sans&#039;;font-weight:800;color:#e51e1e;\">ANFALLSLEIDEN BEIM HUND<\/h2><\/div><a class=\"ult-new-ib-link\" href=\"https:\/\/laboklin.de\/de\/\/?sdm_process_download=1&#038;download_id=1475351\" target=\"_blank\" rel=\"noopener\"  ><\/a><\/div>[vc_column_text css=&#8220;.vc_custom_1716981935061{margin-top: 10px !important;padding-left: 15px !important;}&#8220;]Im<strong> Infoblatt Anfallsleiden<\/strong> werden die verschiedenen Erbkrankheiten bei Hunden behandelt, die zu neurologischen Symptomen f\u00fchren und durch Gentests identifiziert werden k\u00f6nnen.<\/p>\n<div class=\"sdm_download_button_box_default\"><div class=\"sdm_download_link\"><a href=\"https:\/\/laboklin.de\/de\/\/?sdm_process_download=1&download_id=1475351\" class=\"sdm_download grey\" title=\"ANFALLSLEIDEN BEIM HUND\" target=&quot;_blank&quot;>Jetzt herunterladen!<\/a><\/div><\/div>[\/vc_column_text]<div tabindex=\"0\" class=\"ult-new-ib ult-ib-effect-style5  ult-ib-resp ult-ib2-min-height  vc_custom_1728904552510\" data-min-width=\"768\" data-max-width=\"900\" style=\"background:rgba(255,255,255,0.9); opacity:0; \" data-opacity=\"1\" data-hover-opacity=\"1\"  data-min-height=\"230\" ><img decoding=\"async\" class=\"ult-new-ib-img\" style=\"opacity:1;\" alt=\"null\" src=\"https:\/\/laboklin.de\/wp-content\/uploads\/2024\/10\/SPOTLIGHT_ERBLICHE-ATAXIEN-UND-IHRE-URSACHEN-.jpg\"  data-min-height=\"230\"   \/><div id=\"interactive-banner-wrap-3058\" class=\"ult-new-ib-desc\" style=\"background:rgba(160,160,160,0.91);\"><h2 class=\"ult-new-ib-title ult-responsive\"  data-ultimate-target='#interactive-banner-wrap-3058 .ult-new-ib-title'  data-responsive-json-new='{\"font-size\":\"\",\"line-height\":\"\"}'  style=\"font-family:&#039;Open Sans&#039;;font-weight:800;color:#e51e1e;\">ERBLICHE ATAXIEN UND IHRE GENETISCHE URSACHEN<\/h2><\/div><a class=\"ult-new-ib-link\" href=\"https:\/\/laboklin.de\/?sdm_process_download=1&#038;download_id=1489148\" target=\"_blank\" rel=\"noopener\"  ><\/a><\/div>[vc_column_text css=&#8220;.vc_custom_1728904331782{margin-top: 10px !important;padding-left: 15px !important;}&#8220;]Die hier <strong>zusammengefassten Erkrankungen<\/strong> mit beschriebenen genetisch urs\u00e4chlichen Varianten vereint<strong>\u00a0die Ataxie<\/strong> als einziges oder zumindest vorrangiges Symptom.<\/p>\n<div class=\"sdm_download_button_box_default\"><div class=\"sdm_download_link\"><a href=\"https:\/\/laboklin.de\/de\/\/?sdm_process_download=1&download_id=1489148\" class=\"sdm_download grey\" title=\"ERBLICHE ATAXIEN UND IHRE VIELF\u00c4LTIGEN GENETISCHEN URSACHEN\" target=&quot;_blank&quot;>Jetzt herunterladen!<\/a><\/div><\/div>[\/vc_column_text][\/vc_column_inner][vc_column_inner width=&#8220;1\/4&#8243; css=&#8220;.vc_custom_1716979348494{margin-right: 20px !important;margin-bottom: 20px !important;padding-right: 20px !important;padding-bottom: 20px !important;padding-left: 20px !important;}&#8220;]<div tabindex=\"0\" class=\"ult-new-ib ult-ib-effect-style5  ult-ib-resp ult-ib2-min-height \" data-min-width=\"768\" data-max-width=\"900\" style=\"background:rgba(255,255,255,0.9); opacity:0; \" data-opacity=\"1\" data-hover-opacity=\"1\"  data-min-height=\"230\" ><img decoding=\"async\" class=\"ult-new-ib-img\" style=\"opacity:1;\" alt=\"null\" src=\"https:\/\/laboklin.de\/wp-content\/uploads\/2024\/05\/SPOTLIGHT_OP-Vorbereitung.jpg\"  data-min-height=\"230\"   \/><div id=\"interactive-banner-wrap-8538\" class=\"ult-new-ib-desc\" style=\"background:rgba(160,160,160,0.91);\"><h2 class=\"ult-new-ib-title ult-responsive\"  data-ultimate-target='#interactive-banner-wrap-8538 .ult-new-ib-title'  data-responsive-json-new='{\"font-size\":\"\",\"line-height\":\"\"}'  style=\"font-family:&#039;Open Sans&#039;;font-weight:800;color:#e51e1e;\">OP-VORBEREITUNG BEIM HUND<\/h2><\/div><a class=\"ult-new-ib-link\" href=\"https:\/\/laboklin.de\/de\/\/?sdm_process_download=1&#038;download_id=1475355\" target=\"_blank\" rel=\"noopener\"  ><\/a><\/div>[vc_column_text css=&#8220;.vc_custom_1716982429634{margin-top: 10px !important;padding-left: 15px !important;}&#8220;]Das <strong>Infoblatt zur OP-Vorbereitung<\/strong> besch\u00e4ftigt sich mit angeborenen Erkrankungen, die Narkose- oder OP-Komplikationen nach sich ziehen k\u00f6nnen, z.B. MDR1-Defekt, verschiedene Gerinnungsst\u00f6rungen, Meth\u00e4moglobin\u00e4mie oder maligne Hyperthermie.<\/p>\n<div class=\"sdm_download_button_box_default\"><div class=\"sdm_download_link\"><a href=\"https:\/\/laboklin.de\/de\/\/?sdm_process_download=1&download_id=1475355\" class=\"sdm_download grey\" title=\"OP-VORBEREITUNG BEIM HUND\" target=&quot;_blank&quot;>Jetzt herunterladen!<\/a><\/div><\/div>[\/vc_column_text][\/vc_column_inner][\/vc_row_inner][\/vc_column][\/vc_row]<\/p>\n<\/div>","protected":false},"excerpt":{"rendered":"<p>[vc_row type=&#8220;vc_default&#8220; css=&#8220;.vc_custom_1666178283261{margin-top: 20px !important;}&#8220;][vc_column width=&#8220;1\/4&#8243; css=&#8220;.vc_custom_1701865315271{padding-top: 1px !important;padding-right: 1px !important;padding-bottom: 1px !important;padding-left: 1px !important;}&#8220;][vc_icon type=&#8220;typicons&#8220; icon_typicons=&#8220;typcn typcn-lightbulb&#8220; color=&#8220;custom&#8220; background_style=&#8220;rounded-outline&#8220; background_color=&#8220;custom&#8220; size=&#8220;xl&#8220; align=&#8220;center&#8220; css_animation=&#8220;bounceInDown&#8220; css=&#8220;.vc_custom_1716976612789{padding-top: 10px !important;padding-right: 10px !important;padding-bottom: 10px !important;padding-left: 10px !important;}&#8220; custom_color=&#8220;#e51e1e&#8220; custom_background_color=&#8220;#e51e1e&#8220;][\/vc_column][vc_column width=&#8220;3\/4&#8243; css=&#8220;.vc_custom_1701791998932{margin-bottom: 60px !important;}&#8220;][vc_column_text css=&#8220;&#8220;] Neue Infoblatt-Serie bei Laboklin: Tiermedizin trifft Genetik Als einziges Veterin\u00e4rlabor in Deutschland bietet Laboklin nicht&hellip;<\/p>\n","protected":false},"author":1,"featured_media":0,"parent":0,"menu_order":0,"comment_status":"closed","ping_status":"closed","template":"","meta":{"_seopress_robots_primary_cat":"","_seopress_titles_title":"Tiermedizin trifft Genetik: die neuen LABOKLIN Infobl\u00e4tter","_seopress_titles_desc":"Bei der neuen Infoblatt-Serie LABOKLIN Spotlight, trifft Tiermedizin auf Genetik, mit ausgesuchten Themen rund um Erbkrankheiten und Gentests bei Tieren","_seopress_robots_index":"","footnotes":""},"class_list":["post-1475206","page","type-page","status-publish","hentry","description-off"],"_links":{"self":[{"href":"https:\/\/laboklin.de\/de\/wp-json\/wp\/v2\/pages\/1475206","targetHints":{"allow":["GET"]}}],"collection":[{"href":"https:\/\/laboklin.de\/de\/wp-json\/wp\/v2\/pages"}],"about":[{"href":"https:\/\/laboklin.de\/de\/wp-json\/wp\/v2\/types\/page"}],"author":[{"embeddable":true,"href":"https:\/\/laboklin.de\/de\/wp-json\/wp\/v2\/users\/1"}],"replies":[{"embeddable":true,"href":"https:\/\/laboklin.de\/de\/wp-json\/wp\/v2\/comments?post=1475206"}],"version-history":[{"count":32,"href":"https:\/\/laboklin.de\/de\/wp-json\/wp\/v2\/pages\/1475206\/revisions"}],"predecessor-version":[{"id":1489217,"href":"https:\/\/laboklin.de\/de\/wp-json\/wp\/v2\/pages\/1475206\/revisions\/1489217"}],"wp:attachment":[{"href":"https:\/\/laboklin.de\/de\/wp-json\/wp\/v2\/media?parent=1475206"}],"curies":[{"name":"wp","href":"https:\/\/api.w.org\/{rel}","templated":true}]}}