{"id":1465880,"date":"2024-03-18T12:09:53","date_gmt":"2024-03-18T11:09:53","guid":{"rendered":"https:\/\/laboklin.de\/?page_id=1465880"},"modified":"2024-03-18T12:30:25","modified_gmt":"2024-03-18T11:30:25","slug":"nannizziopsis","status":"publish","type":"page","link":"https:\/\/laboklin.de\/de\/leistungen\/infektionskrankheiten-erreger-und-antikoerpernachweise\/pilze\/nannizziopsis\/","title":{"rendered":"Nannizziopsis"},"content":{"rendered":"<div class=\"wpb-content-wrapper\"><p>[vc_row][vc_column][vc_column_text]<h3>Leistungsspektrum<\/h3><div class=\"vc_tta-panels-container\"><div class=\"vc_tta-panels\"><li class=\"menu-item sub-page\"><a href=\"https:\/\/laboklin.de\/de\/leistungen\/infektionskrankheiten-erreger-und-antikoerpernachweise\/pilze\/nannizziopsis\/nannizziopsis-spp-pcr\/\">Nannizziopsis spp. - PCR<\/a><\/li><\/div><\/div>[\/vc_column_text][\/vc_column][\/vc_row][vc_row][vc_column][vc_column_text css=&#8220;.vc_custom_1710760843368{margin-top: 40px !important;}&#8220;]<\/p>\n<h3>Allgemeine Informationen<\/h3>\n<p>Pilze der Gattung <em>Nannizziopsis spp.<\/em> geh\u00f6ren in die Ordnung Onygenales. Es handelt sich um keratinophile Pilze, die diverse Hautver\u00e4nderungen v.a. bei Echsen verursachen k\u00f6nnen. Der mit am h\u00e4ufigsten beschriebene Pilz dieser Gattung ist <em>Nannizziopsis guarroi<\/em>. Desweiteren z\u00e4hlen z.B. auch die Spezies <em>N. dermatitidis, N. chlamydospora, N. vriesii, N. crocodili<\/em> und <em>N. barbatae<\/em> dazu. Infektionen sind weltweit beschrieben und kommen sowohl bei wildlebenden als auch in menschlicher Obhut lebenden Tieren vor. Am h\u00e4ufigsten werden Infektionen bei Streifenk\u00f6pfigen Bartagamen (<em>Pogona vitticeps<\/em>) beschrieben, es k\u00f6nnen aber auch andere Reptilienspezies betroffen sein. Infizierte Tiere entwickeln h\u00e4ufig eine ulzerative bis krust\u00f6se Dermatitis. Es k\u00f6nnen auch Verf\u00e4rbungen auftreten, v. a. gelbliche Verf\u00e4rbungen zeigen sich, aufgrund dessen die Erkrankung fr\u00fcher auch \u201eyellow fungus disease\u201c genannt wurde. Granulome werden regelm\u00e4\u00dfig beschrieben. Eine Infektion kann mild bis tiefgreifend verlaufen und eine Dissemination in Organe ist m\u00f6glich. Unbehandelt sind Infektionen h\u00e4ufig chronisch progressiv und k\u00f6nnen zum Tod des Tieres f\u00fchren. Eine \u00dcbertragung findet v. a. durch direkten Kontakt statt, eventuell auch indirekt \u00fcber die Umgebung.[\/vc_column_text][\/vc_column][\/vc_row]<\/p>\n<\/div>","protected":false},"excerpt":{"rendered":"<p>[vc_row][vc_column][vc_column_text][\/vc_column_text][\/vc_column][\/vc_row][vc_row][vc_column][vc_column_text css=&#8220;.vc_custom_1710760843368{margin-top: 40px !important;}&#8220;] Allgemeine Informationen Pilze der Gattung Nannizziopsis spp. geh\u00f6ren in die Ordnung Onygenales. Es handelt sich um keratinophile Pilze, die diverse Hautver\u00e4nderungen v.a. bei Echsen verursachen k\u00f6nnen. Der mit am h\u00e4ufigsten beschriebene Pilz dieser Gattung ist Nannizziopsis guarroi. Desweiteren z\u00e4hlen z.B. auch die Spezies N. dermatitidis, N. chlamydospora, N. vriesii, N. crocodili&hellip;<\/p>\n","protected":false},"author":18,"featured_media":0,"parent":930000,"menu_order":6,"comment_status":"closed","ping_status":"closed","template":"","meta":{"_seopress_robots_primary_cat":"","_seopress_titles_title":"","_seopress_titles_desc":"","_seopress_robots_index":"","footnotes":""},"class_list":["post-1465880","page","type-page","status-publish","hentry","description-off"],"_links":{"self":[{"href":"https:\/\/laboklin.de\/de\/wp-json\/wp\/v2\/pages\/1465880","targetHints":{"allow":["GET"]}}],"collection":[{"href":"https:\/\/laboklin.de\/de\/wp-json\/wp\/v2\/pages"}],"about":[{"href":"https:\/\/laboklin.de\/de\/wp-json\/wp\/v2\/types\/page"}],"author":[{"embeddable":true,"href":"https:\/\/laboklin.de\/de\/wp-json\/wp\/v2\/users\/18"}],"replies":[{"embeddable":true,"href":"https:\/\/laboklin.de\/de\/wp-json\/wp\/v2\/comments?post=1465880"}],"version-history":[{"count":5,"href":"https:\/\/laboklin.de\/de\/wp-json\/wp\/v2\/pages\/1465880\/revisions"}],"predecessor-version":[{"id":1465902,"href":"https:\/\/laboklin.de\/de\/wp-json\/wp\/v2\/pages\/1465880\/revisions\/1465902"}],"up":[{"embeddable":true,"href":"https:\/\/laboklin.de\/de\/wp-json\/wp\/v2\/pages\/930000"}],"wp:attachment":[{"href":"https:\/\/laboklin.de\/de\/wp-json\/wp\/v2\/media?parent=1465880"}],"curies":[{"name":"wp","href":"https:\/\/api.w.org\/{rel}","templated":true}]}}