{"id":1464891,"date":"2024-03-04T17:36:35","date_gmt":"2024-03-04T16:36:35","guid":{"rendered":"https:\/\/laboklin.de\/?page_id=1464891"},"modified":"2025-01-30T08:49:56","modified_gmt":"2025-01-30T07:49:56","slug":"coronavirus-katze-fcov-23-zypern-variante-pcr","status":"publish","type":"page","link":"https:\/\/laboklin.de\/de\/leistungen\/infektionskrankheiten-erreger-und-antikoerpernachweise\/viren\/coronaviren\/coronavirus-katze-fcov-23-zypern-variante-pcr\/","title":{"rendered":"Coronavirus (Katze) (FCoV-23, Zypern-Variante) &#8211; PCR"},"content":{"rendered":"<h3 class=\"csc-firstHeader\">Coronavirus (Katze) (FCoV-23, Zypern-Variante) - PCR<\/h3><p><span>LABOKLIN Leistungs-ID: 8895<\/span><\/p><p class=\"bodytext\"><br>W\u00e4hrend FIP in der Regel als Einzeltiererkrankung nach Virusmutation anzusehen ist, kam es 2023 auf Zypern zu einem schweren Ausbruch an FIP-Erkrankungen (Attipa et al., in press). Innerhalb von 7 Monaten stieg die Zahl der PCR-best\u00e4tigten F\u00e4lle im Vergleich zu 2022 um mehr als das 40-fache an. Nachfolgende Untersuchungen konnten ein hochpathogenes rekombinantes Katzen-\/Hunde-Coronavirus nachweisen, welches als FCoV-23 bezeichnet wird. Vorl\u00e4ufige Daten weisen auf eine direkte \u00dcbertragung dieses Virus hin: Es scheint FIP zu verursachen, ohne dass eine \u00c4nderung des Biotyps erforderlich ist. <br>Wir bieten einen <strong>spezifischen Nachweis von FCoV-23 im Anschluss an einen positiven Coronavirusnachweis der Katze<\/strong> an. Das kann Hinweise liefern, in wie weit die Kontagiosit\u00e4t differenziert einzusch\u00e4tzen ist.<\/p><table class=\"tx-laboklinleistung-table contenttable contenttable-2\" style=\"margin-top: 35px;\"><tr><td class=\"td-0\"><strong>Material<\/strong><\/td><td class=\"td-1\"><p class=\"bodytext\">Ascites, Liquor, EDTA-Blut<\/p><\/td><\/tr><tr><td class=\"td-0\"><strong>Methode<\/strong><\/td><td class=\"td-1\"><p class=\"bodytext\">PCR<\/p><\/td><\/tr><tr><td class=\"td-0\"><strong>Dauer<\/strong><\/td><td class=\"td-1\"><p class=\"bodytext\">2 - 4 Tage (im Anschluss an einem positiven Coronavirusnachweis)<\/p><\/td><\/tr><tr><td class=\"td-0\"><strong>Anmerkung<\/strong><\/td><td class=\"td-1\"><p class=\"bodytext\">Der Test kann <strong>auch retrospektiv f\u00fcr 2023 eingesendete Proben<\/strong>  angefordert werden. Das erm\u00f6glicht eine umfassende Auswertung fr\u00fcherer FIP-F\u00e4lle.<\/p><\/td><\/tr><\/table>\n","protected":false},"excerpt":{"rendered":"<p>Coronavirus (Katze) (FCoV-23, Zypern-Variante) &#8211; PCRLABOKLIN Leistungs-ID: 8895W\u00e4hrend FIP in der Regel als Einzeltiererkrankung nach Virusmutation anzusehen ist, kam es 2023 auf Zypern zu einem schweren Ausbruch an FIP-Erkrankungen (Attipa et al., in press). Innerhalb von 7 Monaten stieg die Zahl der PCR-best\u00e4tigten F\u00e4lle im Vergleich zu 2022 um mehr als das 40-fache an. Nachfolgende&hellip;<\/p>\n","protected":false},"author":18,"featured_media":0,"parent":911400,"menu_order":7,"comment_status":"closed","ping_status":"closed","template":"","meta":{"_seopress_robots_primary_cat":"","_seopress_titles_title":"","_seopress_titles_desc":"","_seopress_robots_index":"","footnotes":""},"class_list":["post-1464891","page","type-page","status-publish","hentry","description-off"],"_links":{"self":[{"href":"https:\/\/laboklin.de\/de\/wp-json\/wp\/v2\/pages\/1464891","targetHints":{"allow":["GET"]}}],"collection":[{"href":"https:\/\/laboklin.de\/de\/wp-json\/wp\/v2\/pages"}],"about":[{"href":"https:\/\/laboklin.de\/de\/wp-json\/wp\/v2\/types\/page"}],"author":[{"embeddable":true,"href":"https:\/\/laboklin.de\/de\/wp-json\/wp\/v2\/users\/18"}],"replies":[{"embeddable":true,"href":"https:\/\/laboklin.de\/de\/wp-json\/wp\/v2\/comments?post=1464891"}],"version-history":[{"count":2,"href":"https:\/\/laboklin.de\/de\/wp-json\/wp\/v2\/pages\/1464891\/revisions"}],"predecessor-version":[{"id":1490315,"href":"https:\/\/laboklin.de\/de\/wp-json\/wp\/v2\/pages\/1464891\/revisions\/1490315"}],"up":[{"embeddable":true,"href":"https:\/\/laboklin.de\/de\/wp-json\/wp\/v2\/pages\/911400"}],"wp:attachment":[{"href":"https:\/\/laboklin.de\/de\/wp-json\/wp\/v2\/media?parent=1464891"}],"curies":[{"name":"wp","href":"https:\/\/api.w.org\/{rel}","templated":true}]}}