{"id":1458930,"date":"2024-01-18T14:16:20","date_gmt":"2024-01-18T13:16:20","guid":{"rendered":"https:\/\/laboklin.de\/?page_id=1458930"},"modified":"2025-09-15T08:49:15","modified_gmt":"2025-09-15T06:49:15","slug":"bunny-hopping-syndrom","status":"publish","type":"page","link":"https:\/\/laboklin.de\/de\/leistungen\/genetik\/erbkrankheiten\/hund\/bunny-hopping-syndrom\/","title":{"rendered":"Congenital Mirror Movement Disorder 1 (CMM1)"},"content":{"rendered":"<h3 class=\"csc-firstHeader\">Congenital Mirror Movement Disorder 1 (CMM1)<\/h3><p><span>LABOKLIN Leistungs-ID: 8878<\/span><\/p><p class=\"bodytext\">Das auch als \u201eBunny-Hopping-Syndrom (BHS1)\" bezeichnete Krankheitsbild ist eine autosomal-rezessiv vererbte Bewegungsst\u00f6rung beim Weimaraner, die auf einem neurologischen Entwicklungsdefekt beruht. Bei S\u00e4ugetieren versorgt immer eine Hirnh\u00e4lfte die andere K\u00f6rperh\u00e4lfte, d.h. Nervenfasern von der linken Hirnh\u00e4lfte innervieren die rechte K\u00f6rperh\u00e4lfte und umgekehrt. Um eine korrekte Funktion der Bewegungssteuerung zu gew\u00e4hrleisten, d\u00fcrfen Nervenbahnen im R\u00fcckenmark immer nur auf einer K\u00f6rperseite verlaufen. Bei Hunden mit CMM1 ist diese strenge Ordnung gest\u00f6rt und Nervenbahnen wechseln im R\u00fcckenmark die Seiten. Dies f\u00fchrt dazu, dass die Hunde nicht gezielt entweder das linke oder das rechte Hinterbein ansteuern k\u00f6nnen, sondern immer beidbeinig h\u00fcpfen. Weil dieses Gangbild dem H\u00fcpfen eines Hasen \u00e4hnelt (engl. Bunny), wird die Krankheit auch \u201eBunny-Hopping-Syndrom\" genannt. Im Gegensatz zum Shaking-Puppy-Syndrom beim Weimaraner wird das Gangbild bei CMM1-betroffenen Welpen nach aktuellem Wissensstand nicht besser, was in der Regel zur Euthanasie f\u00fchrt.<\/p><table class=\"tx-laboklinleistung-table contenttable contenttable-2\" style=\"margin-top: 35px;\"><tr><td class=\"td-0\"><strong>Methode<\/strong><\/td><td class=\"td-1\"><p class=\"bodytext\">Sequenzierung<\/p><\/td><\/tr><tr><td class=\"td-0\"><strong>Rasse<\/strong><\/td><td class=\"td-1\"><p class=\"bodytext\">Weimaraner<\/p><\/td><\/tr><tr><td class=\"td-0\"><strong>Erbgang<\/strong><\/td><td class=\"td-1\"><p class=\"bodytext\">autosomal-rezessiv<\/p><\/td><\/tr><tr><td class=\"td-0\"><strong>Dauer<\/strong><\/td><td class=\"td-1\"><p class=\"bodytext\">1 - 2 Wochen nach Erhalt der Probe<\/p><\/td><\/tr><\/table>\n","protected":false},"excerpt":{"rendered":"<p>Congenital Mirror Movement Disorder 1 (CMM1)LABOKLIN Leistungs-ID: 8878Das auch als \u201eBunny-Hopping-Syndrom (BHS1)&#8220; bezeichnete Krankheitsbild ist eine autosomal-rezessiv vererbte Bewegungsst\u00f6rung beim Weimaraner, die auf einem neurologischen Entwicklungsdefekt beruht. Bei S\u00e4ugetieren versorgt immer eine Hirnh\u00e4lfte die andere K\u00f6rperh\u00e4lfte, d.h. Nervenfasern von der linken Hirnh\u00e4lfte innervieren die rechte K\u00f6rperh\u00e4lfte und umgekehrt. Um eine korrekte Funktion der Bewegungssteuerung zu&hellip;<\/p>\n","protected":false},"author":10,"featured_media":0,"parent":1211000,"menu_order":131,"comment_status":"closed","ping_status":"closed","template":"","meta":{"_seopress_robots_primary_cat":"","_seopress_titles_title":"","_seopress_titles_desc":"","_seopress_robots_index":"","footnotes":""},"class_list":["post-1458930","page","type-page","status-publish","hentry","description-off"],"_links":{"self":[{"href":"https:\/\/laboklin.de\/de\/wp-json\/wp\/v2\/pages\/1458930","targetHints":{"allow":["GET"]}}],"collection":[{"href":"https:\/\/laboklin.de\/de\/wp-json\/wp\/v2\/pages"}],"about":[{"href":"https:\/\/laboklin.de\/de\/wp-json\/wp\/v2\/types\/page"}],"author":[{"embeddable":true,"href":"https:\/\/laboklin.de\/de\/wp-json\/wp\/v2\/users\/10"}],"replies":[{"embeddable":true,"href":"https:\/\/laboklin.de\/de\/wp-json\/wp\/v2\/comments?post=1458930"}],"version-history":[{"count":3,"href":"https:\/\/laboklin.de\/de\/wp-json\/wp\/v2\/pages\/1458930\/revisions"}],"predecessor-version":[{"id":1562378,"href":"https:\/\/laboklin.de\/de\/wp-json\/wp\/v2\/pages\/1458930\/revisions\/1562378"}],"up":[{"embeddable":true,"href":"https:\/\/laboklin.de\/de\/wp-json\/wp\/v2\/pages\/1211000"}],"wp:attachment":[{"href":"https:\/\/laboklin.de\/de\/wp-json\/wp\/v2\/media?parent=1458930"}],"curies":[{"name":"wp","href":"https:\/\/api.w.org\/{rel}","templated":true}]}}