{"id":1456041,"date":"2023-12-29T14:03:05","date_gmt":"2023-12-29T13:03:05","guid":{"rendered":"https:\/\/laboklin.de\/?page_id=1456041"},"modified":"2023-12-29T14:03:05","modified_gmt":"2023-12-29T13:03:05","slug":"paket-fox-terrier","status":"publish","type":"page","link":"https:\/\/laboklin.de\/de\/leistungen\/genetik\/genetikpakete\/hund\/paket-fox-terrier\/","title":{"rendered":"Paket Fox Terrier"},"content":{"rendered":"<h3 class=\"csc-firstHeader\">Paket Fox Terrier<\/h3><p><span>LABOKLIN Leistungs-ID: 8834<\/span><\/p><p class=\"bodytext\">Das Paket enth\u00e4lt folgende Tests:  <br>Congenitale Hypothyreose (CHG), Prim\u00e4re Linsenluxation (PLL), Spinocerebell\u00e4re Ataxie (SCA), van den Ende-Gupta Syndrom (VDEGS)<\/p><table class=\"tx-laboklinleistung-table contenttable contenttable-2\" style=\"margin-top: 35px;\"><tr><td class=\"td-0\"><strong>Rasse<\/strong><\/td><td class=\"td-1\"><p class=\"bodytext\">Fox Terrier, Toy Fox Terrier<\/p><\/td><\/tr><tr><td class=\"td-0\"><strong>Erbgang<\/strong><\/td><td class=\"td-1\"><p class=\"bodytext\">Weitere Informationen finden Sie in der Beschreibung der jeweiligen Erbkrankheit.<\/p><\/td><\/tr><tr><td class=\"td-0\"><strong>Dauer<\/strong><\/td><td class=\"td-1\"><p class=\"bodytext\">1 - 2 Wochen nach Erhalt der Probe<\/p><\/td><\/tr><\/table>\n","protected":false},"excerpt":{"rendered":"<p>Paket Fox TerrierLABOKLIN Leistungs-ID: 8834Das Paket enth\u00e4lt folgende Tests: Congenitale Hypothyreose (CHG), Prim\u00e4re Linsenluxation (PLL), Spinocerebell\u00e4re Ataxie (SCA), van den Ende-Gupta Syndrom (VDEGS)RasseFox Terrier, Toy Fox TerrierErbgangWeitere Informationen finden Sie in der Beschreibung der jeweiligen Erbkrankheit.Dauer1 &#8211; 2 Wochen nach Erhalt der Probe<\/p>\n","protected":false},"author":10,"featured_media":0,"parent":1312062,"menu_order":33,"comment_status":"closed","ping_status":"closed","template":"","meta":{"_seopress_robots_primary_cat":"","_seopress_titles_title":"","_seopress_titles_desc":"","_seopress_robots_index":"","footnotes":""},"class_list":["post-1456041","page","type-page","status-publish","hentry","description-off"],"_links":{"self":[{"href":"https:\/\/laboklin.de\/de\/wp-json\/wp\/v2\/pages\/1456041","targetHints":{"allow":["GET"]}}],"collection":[{"href":"https:\/\/laboklin.de\/de\/wp-json\/wp\/v2\/pages"}],"about":[{"href":"https:\/\/laboklin.de\/de\/wp-json\/wp\/v2\/types\/page"}],"author":[{"embeddable":true,"href":"https:\/\/laboklin.de\/de\/wp-json\/wp\/v2\/users\/10"}],"replies":[{"embeddable":true,"href":"https:\/\/laboklin.de\/de\/wp-json\/wp\/v2\/comments?post=1456041"}],"version-history":[{"count":1,"href":"https:\/\/laboklin.de\/de\/wp-json\/wp\/v2\/pages\/1456041\/revisions"}],"predecessor-version":[{"id":1456042,"href":"https:\/\/laboklin.de\/de\/wp-json\/wp\/v2\/pages\/1456041\/revisions\/1456042"}],"up":[{"embeddable":true,"href":"https:\/\/laboklin.de\/de\/wp-json\/wp\/v2\/pages\/1312062"}],"wp:attachment":[{"href":"https:\/\/laboklin.de\/de\/wp-json\/wp\/v2\/media?parent=1456041"}],"curies":[{"name":"wp","href":"https:\/\/api.w.org\/{rel}","templated":true}]}}