{"id":1455754,"date":"2023-12-19T20:21:58","date_gmt":"2023-12-19T19:21:58","guid":{"rendered":"https:\/\/laboklin.de\/?page_id=1455754"},"modified":"2025-02-17T09:47:32","modified_gmt":"2025-02-17T08:47:32","slug":"osteochondrodysplasie-ocd","status":"publish","type":"page","link":"https:\/\/laboklin.de\/de\/leistungen\/genetik\/erbkrankheiten\/hund\/osteochondrodysplasie-ocd\/","title":{"rendered":"Osteochondrodysplasie (OCD)"},"content":{"rendered":"<h3 class=\"csc-firstHeader\">Osteochondrodysplasie (OCD)<\/h3><p><span>LABOKLIN Leistungs-ID: 8877<\/span><\/p><p class=\"bodytext\">Beim Zwerpudel wurde eine genetische Variante des Sulfattransporters SLC13A1 identifiziert, die bei dieser Rasse mit Osteochondrodysplasie in Verbindung gebracht werden kann. Der SLC13A1-Transporter ist f\u00fcr die Regulation des Sulfat-Levels im Serum verantwortlich. Die beschriebene Variante des SLC13A1-Gens f\u00fchrt zu einer St\u00f6rung des Sulfatstoffwechsels. Da die Sulfatierung von Proteoglykanen des Knorpelgewebes eine wichtige Rolle bei der Entwicklung des Skeletts spielt, bedingt diese genetische Variante beim Zwergpudel einen deutlich sichtbaren Kleinwuchs sowie abnormale Bewegungsabl\u00e4ufe. <br \/>\r\nBetroffene Welpen zeigen erste Symptome meist bereits im Alter von 3 Wochen. Auff\u00e4llig sind weit ausgestellte Hinterl\u00e4ufe, vergr\u00f6\u00dferte Gelenke, einen abgeflachten Brustkorb, verk\u00fcrzte und verbogene R\u00f6hrenknochen, Unterbiss und verformte Pfoten (\u00e4hnlich zu Klumpf\u00fc\u00dfen). Aufgrund der Fehlentwicklung der Knochen und Gelenke ist die Mobilit\u00e4t der betroffenen Hunde oft stark eingeschr\u00e4nkt und Arthritis stellt eine h\u00e4ufige Folgeerkrankung dar.<\/p><table class=\"tx-laboklinleistung-table contenttable contenttable-2\" style=\"margin-top: 35px;\"><tr><td class=\"td-0\"><strong>Methode<\/strong><\/td><td class=\"td-1\"><p class=\"bodytext\">Sequenzierung<\/p><\/td><\/tr><tr><td class=\"td-0\"><strong>Rasse<\/strong><\/td><td class=\"td-1\"><p class=\"bodytext\">Zwergpudel<\/p><\/td><\/tr><tr><td class=\"td-0\"><strong>Erbgang<\/strong><\/td><td class=\"td-1\"><p class=\"bodytext\">autosomal-rezessiv<\/p><\/td><\/tr><tr><td class=\"td-0\"><strong>Dauer<\/strong><\/td><td class=\"td-1\"><p class=\"bodytext\">1 - 2 Wochen nach Erhalt der Probe<\/p><\/td><\/tr><\/table>\n","protected":false},"excerpt":{"rendered":"<p>Osteochondrodysplasie (OCD)LABOKLIN Leistungs-ID: 8877Beim Zwerpudel wurde eine genetische Variante des Sulfattransporters SLC13A1 identifiziert, die bei dieser Rasse mit Osteochondrodysplasie in Verbindung gebracht werden kann. Der SLC13A1-Transporter ist f\u00fcr die Regulation des Sulfat-Levels im Serum verantwortlich. Die beschriebene Variante des SLC13A1-Gens f\u00fchrt zu einer St\u00f6rung des Sulfatstoffwechsels. Da die Sulfatierung von Proteoglykanen des Knorpelgewebes eine wichtige&hellip;<\/p>\n","protected":false},"author":18,"featured_media":0,"parent":1211000,"menu_order":133,"comment_status":"closed","ping_status":"closed","template":"","meta":{"_seopress_robots_primary_cat":"","_seopress_titles_title":"","_seopress_titles_desc":"","_seopress_robots_index":"","footnotes":""},"class_list":["post-1455754","page","type-page","status-publish","hentry","description-off"],"_links":{"self":[{"href":"https:\/\/laboklin.de\/de\/wp-json\/wp\/v2\/pages\/1455754","targetHints":{"allow":["GET"]}}],"collection":[{"href":"https:\/\/laboklin.de\/de\/wp-json\/wp\/v2\/pages"}],"about":[{"href":"https:\/\/laboklin.de\/de\/wp-json\/wp\/v2\/types\/page"}],"author":[{"embeddable":true,"href":"https:\/\/laboklin.de\/de\/wp-json\/wp\/v2\/users\/18"}],"replies":[{"embeddable":true,"href":"https:\/\/laboklin.de\/de\/wp-json\/wp\/v2\/comments?post=1455754"}],"version-history":[{"count":1,"href":"https:\/\/laboklin.de\/de\/wp-json\/wp\/v2\/pages\/1455754\/revisions"}],"predecessor-version":[{"id":1455757,"href":"https:\/\/laboklin.de\/de\/wp-json\/wp\/v2\/pages\/1455754\/revisions\/1455757"}],"up":[{"embeddable":true,"href":"https:\/\/laboklin.de\/de\/wp-json\/wp\/v2\/pages\/1211000"}],"wp:attachment":[{"href":"https:\/\/laboklin.de\/de\/wp-json\/wp\/v2\/media?parent=1455754"}],"curies":[{"name":"wp","href":"https:\/\/api.w.org\/{rel}","templated":true}]}}