{"id":1454210,"date":"2023-11-27T10:19:37","date_gmt":"2023-11-27T09:19:37","guid":{"rendered":"https:\/\/laboklin.de\/?page_id=1454210"},"modified":"2025-01-28T10:00:10","modified_gmt":"2025-01-28T09:00:10","slug":"transitprofil-rind","status":"publish","type":"page","link":"https:\/\/laboklin.de\/de\/leistungen\/profile\/profile-screenings-wiederkaeuer\/klinisch-chemische-profile-screenings\/transitprofil-rind\/","title":{"rendered":"Transitprofil Rind"},"content":{"rendered":"<h3 class=\"csc-firstHeader\">Transitprofil Rind <\/h3><p><span>LABOKLIN Leistungs-ID: 1209<\/span><\/p><table class=\"tx-laboklinleistung-table contenttable contenttable-2\" style=\"margin-top: 35px;\"><tr><td class=\"td-0\"><strong>Material<\/strong><\/td><td class=\"td-1\"><p class=\"bodytext\">Serum 1 ml<\/p><\/td><\/tr><tr><td class=\"td-0\"><strong>Parameter<\/strong><\/td><td class=\"td-1\"><p class=\"bodytext\">Protein, Albumin, Globuline, Albumin\/Globulin-Quotient, Harnstoff, Cholesterin, Bilirubin, GLDH, \u03b3-GT, \u00df-HBS, NEFA, Calcium, Phosphat, Magnesium, Natrium, Kalium, Chlorid<\/p><\/td><\/tr><tr><td class=\"td-0\"><strong>Dauer<\/strong><\/td><td class=\"td-1\"><p class=\"bodytext\">1 Tag<\/p><\/td><\/tr><tr><td class=\"td-0\"><strong>Anmerkung<\/strong><\/td><td class=\"td-1\"><p class=\"bodytext\">Zu dem Profil kann  ein gro\u00dfes Blutbild angefordert werden. In diesem Fall ist zus\u00e4tzlich 1 ml EDTA-Blut und ein Blutausstrich einzusenden.<\/p><\/td><\/tr><\/table>\n","protected":false},"excerpt":{"rendered":"<p>Transitprofil Rind LABOKLIN Leistungs-ID: 1209MaterialSerum 1 mlParameterProtein, Albumin, Globuline, Albumin\/Globulin-Quotient, Harnstoff, Cholesterin, Bilirubin, GLDH, \u03b3-GT, \u00df-HBS, NEFA, Calcium, Phosphat, Magnesium, Natrium, Kalium, ChloridDauer1 TagAnmerkungZu dem Profil kann ein gro\u00dfes Blutbild angefordert werden. In diesem Fall ist zus\u00e4tzlich 1 ml EDTA-Blut und ein Blutausstrich einzusenden.<\/p>\n","protected":false},"author":10,"featured_media":0,"parent":541000,"menu_order":9,"comment_status":"closed","ping_status":"closed","template":"","meta":{"_seopress_robots_primary_cat":"","_seopress_titles_title":"","_seopress_titles_desc":"","_seopress_robots_index":"","footnotes":""},"class_list":["post-1454210","page","type-page","status-publish","hentry","description-off"],"_links":{"self":[{"href":"https:\/\/laboklin.de\/de\/wp-json\/wp\/v2\/pages\/1454210","targetHints":{"allow":["GET"]}}],"collection":[{"href":"https:\/\/laboklin.de\/de\/wp-json\/wp\/v2\/pages"}],"about":[{"href":"https:\/\/laboklin.de\/de\/wp-json\/wp\/v2\/types\/page"}],"author":[{"embeddable":true,"href":"https:\/\/laboklin.de\/de\/wp-json\/wp\/v2\/users\/10"}],"replies":[{"embeddable":true,"href":"https:\/\/laboklin.de\/de\/wp-json\/wp\/v2\/comments?post=1454210"}],"version-history":[{"count":1,"href":"https:\/\/laboklin.de\/de\/wp-json\/wp\/v2\/pages\/1454210\/revisions"}],"predecessor-version":[{"id":1454213,"href":"https:\/\/laboklin.de\/de\/wp-json\/wp\/v2\/pages\/1454210\/revisions\/1454213"}],"up":[{"embeddable":true,"href":"https:\/\/laboklin.de\/de\/wp-json\/wp\/v2\/pages\/541000"}],"wp:attachment":[{"href":"https:\/\/laboklin.de\/de\/wp-json\/wp\/v2\/media?parent=1454210"}],"curies":[{"name":"wp","href":"https:\/\/api.w.org\/{rel}","templated":true}]}}