{"id":1454058,"date":"2023-11-22T17:16:06","date_gmt":"2023-11-22T16:16:06","guid":{"rendered":"https:\/\/laboklin.de\/?page_id=1454058"},"modified":"2025-02-17T09:40:49","modified_gmt":"2025-02-17T08:40:49","slug":"nekrotisierende-myelopathie-enm","status":"publish","type":"page","link":"https:\/\/laboklin.de\/de\/leistungen\/genetik\/erbkrankheiten\/hund\/nekrotisierende-myelopathie-enm\/","title":{"rendered":"Nekrotisierende Myelopathie (ENM)"},"content":{"rendered":"<h3 class=\"csc-firstHeader\">Nekrotisierende Myelopathie (ENM)<\/h3><p><span>LABOKLIN Leistungs-ID: 8869<\/span><\/p><p class=\"bodytext\">Bei der Rasse Kooikerhondje wurde eine Variante im IBA57-Gen gefunden, die eine nekrotisierende Myelopathie (ENM) verursacht. Erste klinische Anzeichen wie L\u00e4hmungserscheinungen (Parese) und Ataxie der Hintergliedma\u00dfen setzen im Alter zwischen 3 und 12 Monaten ein. Die Schwere der Symptome nimmt mit voranschreitendem Alter zu und f\u00fchrt vor dem 2. Lebensjahr zur vollst\u00e4ndigen L\u00e4hmung aller vier Extremit\u00e4ten (Tetraparese). Die neurologische Untersuchung ergab gesteigerte spinale Reflexe an den Hintergliedma\u00dfen. Bei routinem\u00e4\u00dfigen Blutuntersuchungen konnten keine Auff\u00e4lligkeiten festgestellt werden. Aufgrund der Verschlechterung ihres Gesundheitszustandes mussten die betroffenen Hunde eingeschl\u00e4fert werden. Eine MRT-Untersuchung zeigt Anomalien, die auf eine R\u00fcckenmarkserkrankung hindeuteten. Die Obduktion der betroffenen Hunde ergab eine symmetrische bilaterale nekrotisierende Myelopathie mit Malazie (abnormale Erweichung) in der ventralen und dorsalen wei\u00dfen Substanz des R\u00fcckenmarks der Halswirbels\u00e4ule.<\/p><table class=\"tx-laboklinleistung-table contenttable contenttable-2\" style=\"margin-top: 35px;\"><tr><td class=\"td-0\"><strong>Methode<\/strong><\/td><td class=\"td-1\"><p class=\"bodytext\">TaqMan SNP Assay, ggf. Sequenzierung\r\n<\/p><\/td><\/tr><tr><td class=\"td-0\"><strong>Rasse<\/strong><\/td><td class=\"td-1\"><p class=\"bodytext\">Kooikerhondje<\/p><\/td><\/tr><tr><td class=\"td-0\"><strong>Erbgang<\/strong><\/td><td class=\"td-1\"><p class=\"bodytext\">autosomal-rezessiv<\/p><\/td><\/tr><tr><td class=\"td-0\"><strong>Dauer<\/strong><\/td><td class=\"td-1\"><p class=\"bodytext\">3 - 5 Werktage nach Erhalt der Probe (bei Sequenzierung 1 - 2 Wochen)<\/p><\/td><\/tr><\/table>\n","protected":false},"excerpt":{"rendered":"<p>Nekrotisierende Myelopathie (ENM)LABOKLIN Leistungs-ID: 8869Bei der Rasse Kooikerhondje wurde eine Variante im IBA57-Gen gefunden, die eine nekrotisierende Myelopathie (ENM) verursacht. Erste klinische Anzeichen wie L\u00e4hmungserscheinungen (Parese) und Ataxie der Hintergliedma\u00dfen setzen im Alter zwischen 3 und 12 Monaten ein. Die Schwere der Symptome nimmt mit voranschreitendem Alter zu und f\u00fchrt vor dem 2. Lebensjahr zur&hellip;<\/p>\n","protected":false},"author":10,"featured_media":0,"parent":1211000,"menu_order":133,"comment_status":"closed","ping_status":"closed","template":"","meta":{"_seopress_robots_primary_cat":"","_seopress_titles_title":"","_seopress_titles_desc":"","_seopress_robots_index":"","footnotes":""},"class_list":["post-1454058","page","type-page","status-publish","hentry","description-off"],"_links":{"self":[{"href":"https:\/\/laboklin.de\/de\/wp-json\/wp\/v2\/pages\/1454058","targetHints":{"allow":["GET"]}}],"collection":[{"href":"https:\/\/laboklin.de\/de\/wp-json\/wp\/v2\/pages"}],"about":[{"href":"https:\/\/laboklin.de\/de\/wp-json\/wp\/v2\/types\/page"}],"author":[{"embeddable":true,"href":"https:\/\/laboklin.de\/de\/wp-json\/wp\/v2\/users\/10"}],"replies":[{"embeddable":true,"href":"https:\/\/laboklin.de\/de\/wp-json\/wp\/v2\/comments?post=1454058"}],"version-history":[{"count":2,"href":"https:\/\/laboklin.de\/de\/wp-json\/wp\/v2\/pages\/1454058\/revisions"}],"predecessor-version":[{"id":1454064,"href":"https:\/\/laboklin.de\/de\/wp-json\/wp\/v2\/pages\/1454058\/revisions\/1454064"}],"up":[{"embeddable":true,"href":"https:\/\/laboklin.de\/de\/wp-json\/wp\/v2\/pages\/1211000"}],"wp:attachment":[{"href":"https:\/\/laboklin.de\/de\/wp-json\/wp\/v2\/media?parent=1454058"}],"curies":[{"name":"wp","href":"https:\/\/api.w.org\/{rel}","templated":true}]}}