{"id":1454052,"date":"2023-11-22T16:37:28","date_gmt":"2023-11-22T15:37:28","guid":{"rendered":"https:\/\/laboklin.de\/?page_id=1454052"},"modified":"2025-02-17T09:28:29","modified_gmt":"2025-02-17T08:28:29","slug":"methaemoglobinaemie-methg","status":"publish","type":"page","link":"https:\/\/laboklin.de\/de\/leistungen\/genetik\/erbkrankheiten\/hund\/methaemoglobinaemie-methg\/","title":{"rendered":"Meth\u00e4moglobin\u00e4mie (MetHg)"},"content":{"rendered":"<h3 class=\"csc-firstHeader\">Meth\u00e4moglobin\u00e4mie (MetHg)<\/h3><p><span>LABOKLIN Leistungs-ID: 8870<\/span><\/p><p class=\"bodytext\">Bei der Rasse Zwergspitz wurde eine Variante im CYB5R3-Gen identifiziert, die eine Meth\u00e4moglobin\u00e4mie (MetHg) verursacht. Bei einer Meth\u00e4moglobin\u00e4mie steigt die Konzentration von oxidiertem H\u00e4moglobin im Blut an. Ein erh\u00f6hter Anteil an Meth\u00e4moglobin im Blut beeintr\u00e4chtigt den normalen Sauerstofftransport zum Gewebe. Dies kann zu einer Zyanose sowie einer verminderten Belastungsf\u00e4higkeit des Organismus f\u00fchren. Die Maulschleimhaut, die Zunge und die Haut am Unterbauch von betroffenen Hunden weisen eine bl\u00e4uliche Verf\u00e4rbung auf, die nicht auf Herz- oder Lungenanomalien zur\u00fcckzuf\u00fchren ist. Blutuntersuchungen ergaben einen deutlich niedrigeren b5R-Spiegel (NADH-Cytochrom-b5-Reduktase). Zudem zeigte sich eine im Vergleich zu gesunden Hunden deutlich intensivere r\u00f6tliche bis br\u00e4unliche F\u00e4rbung des Blutes. W\u00e4hrend einer Operation eines betroffenen Hundes sank die perkutan gemessene Sauerstoffs\u00e4ttigung auf 90 % (Referenzbereich 96 - 100 %), die sich nicht durch chirurgische oder an\u00e4sthetische Komplikationen erkl\u00e4ren lie\u00df.<\/p><table class=\"tx-laboklinleistung-table contenttable contenttable-2\" style=\"margin-top: 35px;\"><tr><td class=\"td-0\"><strong>Methode<\/strong><\/td><td class=\"td-1\"><p class=\"bodytext\">Sequenzierung<\/p><\/td><\/tr><tr><td class=\"td-0\"><strong>Rasse<\/strong><\/td><td class=\"td-1\"><p class=\"bodytext\">Pomsky, Zwergspitz<\/p><\/td><\/tr><tr><td class=\"td-0\"><strong>Erbgang<\/strong><\/td><td class=\"td-1\"><p class=\"bodytext\">autosomal-rezessiv<\/p><\/td><\/tr><tr><td class=\"td-0\"><strong>Dauer<\/strong><\/td><td class=\"td-1\"><p class=\"bodytext\">1 - 2 Wochen nach Erhalt der Probe<\/p><\/td><\/tr><\/table>\n","protected":false},"excerpt":{"rendered":"<p>Meth\u00e4moglobin\u00e4mie (MetHg)LABOKLIN Leistungs-ID: 8870Bei der Rasse Zwergspitz wurde eine Variante im CYB5R3-Gen identifiziert, die eine Meth\u00e4moglobin\u00e4mie (MetHg) verursacht. Bei einer Meth\u00e4moglobin\u00e4mie steigt die Konzentration von oxidiertem H\u00e4moglobin im Blut an. Ein erh\u00f6hter Anteil an Meth\u00e4moglobin im Blut beeintr\u00e4chtigt den normalen Sauerstofftransport zum Gewebe. Dies kann zu einer Zyanose sowie einer verminderten Belastungsf\u00e4higkeit des Organismus f\u00fchren.&hellip;<\/p>\n","protected":false},"author":10,"featured_media":0,"parent":1211000,"menu_order":133,"comment_status":"closed","ping_status":"closed","template":"","meta":{"_seopress_robots_primary_cat":"","_seopress_titles_title":"","_seopress_titles_desc":"","_seopress_robots_index":"","footnotes":""},"class_list":["post-1454052","page","type-page","status-publish","hentry","description-off"],"_links":{"self":[{"href":"https:\/\/laboklin.de\/de\/wp-json\/wp\/v2\/pages\/1454052","targetHints":{"allow":["GET"]}}],"collection":[{"href":"https:\/\/laboklin.de\/de\/wp-json\/wp\/v2\/pages"}],"about":[{"href":"https:\/\/laboklin.de\/de\/wp-json\/wp\/v2\/types\/page"}],"author":[{"embeddable":true,"href":"https:\/\/laboklin.de\/de\/wp-json\/wp\/v2\/users\/10"}],"replies":[{"embeddable":true,"href":"https:\/\/laboklin.de\/de\/wp-json\/wp\/v2\/comments?post=1454052"}],"version-history":[{"count":1,"href":"https:\/\/laboklin.de\/de\/wp-json\/wp\/v2\/pages\/1454052\/revisions"}],"predecessor-version":[{"id":1454055,"href":"https:\/\/laboklin.de\/de\/wp-json\/wp\/v2\/pages\/1454052\/revisions\/1454055"}],"up":[{"embeddable":true,"href":"https:\/\/laboklin.de\/de\/wp-json\/wp\/v2\/pages\/1211000"}],"wp:attachment":[{"href":"https:\/\/laboklin.de\/de\/wp-json\/wp\/v2\/media?parent=1454052"}],"curies":[{"name":"wp","href":"https:\/\/api.w.org\/{rel}","templated":true}]}}