{"id":1453852,"date":"2023-11-21T15:54:35","date_gmt":"2023-11-21T14:54:35","guid":{"rendered":"https:\/\/laboklin.de\/?page_id=1453852"},"modified":"2025-02-05T13:05:33","modified_gmt":"2025-02-05T12:05:33","slug":"familiaeres-schilddruesenkarzinom-ftfc","status":"publish","type":"page","link":"https:\/\/laboklin.de\/de\/leistungen\/genetik\/erbkrankheiten\/hund\/familiaeres-schilddruesenkarzinom-ftfc\/","title":{"rendered":"Famili\u00e4res Schilddr\u00fcsenkarzinom (FTFC)"},"content":{"rendered":"<h3 class=\"csc-firstHeader\">Famili\u00e4res Schilddr\u00fcsenkarzinom (FTFC) - Risikoanalyse <\/h3><p><span>LABOKLIN Leistungs-ID: 8871<\/span><\/p><p class=\"bodytext\">Bei der Rasse Deutsch Langhaar wurden zwei genetische Varianten im TPO-Gen identifiziert, die mit dem famili\u00e4ren follikul\u00e4ren Schilddr\u00fcsenzellkarzinom (FTFC) assoziiert sind. Hunde mit jeweils zwei Kopien einer oder beider Varianten haben ein etwa 16fach h\u00f6heres Risiko an FTFC zu erkranken als Hunde, die diese Varianten nicht tragen. Die meisten der untersuchten Hunde waren zum Zeitpunkt der Diagnose \u00e4lter als 10 Jahre.<\/p><table class=\"tx-laboklinleistung-table contenttable contenttable-2\" style=\"margin-top: 35px;\"><tr><td class=\"td-0\"><strong>Methode<\/strong><\/td><td class=\"td-1\"><p class=\"bodytext\">Sequenzierung<\/p><\/td><\/tr><tr><td class=\"td-0\"><strong>Rasse<\/strong><\/td><td class=\"td-1\"><p class=\"bodytext\">Deutsch Langhaar<\/p><\/td><\/tr><tr><td class=\"td-0\"><strong>Erbgang<\/strong><\/td><td class=\"td-1\"><p class=\"bodytext\">siehe Text<\/p><\/td><\/tr><tr><td class=\"td-0\"><strong>Dauer<\/strong><\/td><td class=\"td-1\"><p class=\"bodytext\">1 - 2 Wochen nach Erhalt der Probe<\/p><\/td><\/tr><\/table>\n","protected":false},"excerpt":{"rendered":"<p>Famili\u00e4res Schilddr\u00fcsenkarzinom (FTFC) &#8211; Risikoanalyse LABOKLIN Leistungs-ID: 8871Bei der Rasse Deutsch Langhaar wurden zwei genetische Varianten im TPO-Gen identifiziert, die mit dem famili\u00e4ren follikul\u00e4ren Schilddr\u00fcsenzellkarzinom (FTFC) assoziiert sind. Hunde mit jeweils zwei Kopien einer oder beider Varianten haben ein etwa 16fach h\u00f6heres Risiko an FTFC zu erkranken als Hunde, die diese Varianten nicht tragen. Die&hellip;<\/p>\n","protected":false},"author":10,"featured_media":0,"parent":1211000,"menu_order":135,"comment_status":"closed","ping_status":"closed","template":"","meta":{"_seopress_robots_primary_cat":"","_seopress_titles_title":"","_seopress_titles_desc":"","_seopress_robots_index":"","footnotes":""},"class_list":["post-1453852","page","type-page","status-publish","hentry","description-off"],"_links":{"self":[{"href":"https:\/\/laboklin.de\/de\/wp-json\/wp\/v2\/pages\/1453852","targetHints":{"allow":["GET"]}}],"collection":[{"href":"https:\/\/laboklin.de\/de\/wp-json\/wp\/v2\/pages"}],"about":[{"href":"https:\/\/laboklin.de\/de\/wp-json\/wp\/v2\/types\/page"}],"author":[{"embeddable":true,"href":"https:\/\/laboklin.de\/de\/wp-json\/wp\/v2\/users\/10"}],"replies":[{"embeddable":true,"href":"https:\/\/laboklin.de\/de\/wp-json\/wp\/v2\/comments?post=1453852"}],"version-history":[{"count":1,"href":"https:\/\/laboklin.de\/de\/wp-json\/wp\/v2\/pages\/1453852\/revisions"}],"predecessor-version":[{"id":1453855,"href":"https:\/\/laboklin.de\/de\/wp-json\/wp\/v2\/pages\/1453852\/revisions\/1453855"}],"up":[{"embeddable":true,"href":"https:\/\/laboklin.de\/de\/wp-json\/wp\/v2\/pages\/1211000"}],"wp:attachment":[{"href":"https:\/\/laboklin.de\/de\/wp-json\/wp\/v2\/media?parent=1453852"}],"curies":[{"name":"wp","href":"https:\/\/api.w.org\/{rel}","templated":true}]}}