{"id":1447669,"date":"2023-08-30T09:44:47","date_gmt":"2023-08-30T07:44:47","guid":{"rendered":"https:\/\/laboklin.de\/?page_id=1447669"},"modified":"2025-11-07T10:53:20","modified_gmt":"2025-11-07T09:53:20","slug":"desinfektionsmittelpruefungen","status":"publish","type":"page","link":"https:\/\/laboklin.de\/de\/leistungen\/desinfektionsmittelpruefungen\/","title":{"rendered":"Desinfektionsmittel<br>pr\u00fcfungen"},"content":{"rendered":"<div class=\"wpb-content-wrapper\"><p>[vc_row type=&#8220;vc_default&#8220; css=&#8220;.vc_custom_1608023467533{margin-bottom: 30px !important;}&#8220;][vc_column][vc_column_text css=&#8220;&#8220;]Wir f\u00fchren bereits seit vielen Jahren Wirksamkeitspr\u00fcfungen von chemischen Desinfektionsmitteln nach anerkannten und normierten Pr\u00fcfverfahren f\u00fcr den Veterin\u00e4rbereich (Tierhaltung, tier\u00e4rztliche Praxis und Tierheime), den Bereich Lebensmittel, Industrie, Haushalt und \u00f6ffentliche Einrichtungen sowie den humanmedizinischen Bereich durch.<\/p>\n<p>Wir sind nach DIN EN ISO\/IEC 17025 akkreditiert und sind au\u00dferdem anerkanntes Pr\u00fcflabor der Deutschen Veterin\u00e4rmedizinischen Gesellschaft (DVG) und des Verbundes f\u00fcr angewandte Hygiene (VAH)<\/p>\n<h2>Ansprechpartner<\/h2>\n<p><strong>Dr. med. vet. Birgit Hunsinger und Team<\/strong><br \/>\nE-Mail: <a href=\"mailto:desinfektion@laboklin.com\"><strong>desinfektion@laboklin.com<\/strong><\/a> und <strong><a href=\"mailto:hunsinger@laboklin.com\">hunsinger@laboklin.com<\/a><\/strong><\/p>\n<p>Eine tagesaktuelle Liste der im flexiblen Geltungsbereich akkreditierten Pr\u00fcfverfahren<a href=\"https:\/\/laboklin.de\/wp-content\/uploads\/2025\/11\/flex_liste-wirksamkeitspruefung-von-desinfektionsmitteln-11_2025.pdf\" target=\"_blank\" rel=\"noopener\">\u00a0 <strong> finden Sie hier ( .PDF Dokument).<\/strong> <\/a><span style=\"color: #999999;\">(07.11.2025)<\/span>[\/vc_column_text][\/vc_column][\/vc_row]<\/p>\n<\/div>","protected":false},"excerpt":{"rendered":"<p>[vc_row type=&#8220;vc_default&#8220; css=&#8220;.vc_custom_1608023467533{margin-bottom: 30px !important;}&#8220;][vc_column][vc_column_text css=&#8220;&#8220;]Wir f\u00fchren bereits seit vielen Jahren Wirksamkeitspr\u00fcfungen von chemischen Desinfektionsmitteln nach anerkannten und normierten Pr\u00fcfverfahren f\u00fcr den Veterin\u00e4rbereich (Tierhaltung, tier\u00e4rztliche Praxis und Tierheime), den Bereich Lebensmittel, Industrie, Haushalt und \u00f6ffentliche Einrichtungen sowie den humanmedizinischen Bereich durch. Wir sind nach DIN EN ISO\/IEC 17025 akkreditiert und sind au\u00dferdem anerkanntes Pr\u00fcflabor der&hellip;<\/p>\n","protected":false},"author":1,"featured_media":0,"parent":100000,"menu_order":61,"comment_status":"closed","ping_status":"closed","template":"","meta":{"_seopress_robots_primary_cat":"","_seopress_titles_title":"","_seopress_titles_desc":"","_seopress_robots_index":"","footnotes":""},"class_list":["post-1447669","page","type-page","status-publish","hentry","description-off"],"_links":{"self":[{"href":"https:\/\/laboklin.de\/de\/wp-json\/wp\/v2\/pages\/1447669","targetHints":{"allow":["GET"]}}],"collection":[{"href":"https:\/\/laboklin.de\/de\/wp-json\/wp\/v2\/pages"}],"about":[{"href":"https:\/\/laboklin.de\/de\/wp-json\/wp\/v2\/types\/page"}],"author":[{"embeddable":true,"href":"https:\/\/laboklin.de\/de\/wp-json\/wp\/v2\/users\/1"}],"replies":[{"embeddable":true,"href":"https:\/\/laboklin.de\/de\/wp-json\/wp\/v2\/comments?post=1447669"}],"version-history":[{"count":19,"href":"https:\/\/laboklin.de\/de\/wp-json\/wp\/v2\/pages\/1447669\/revisions"}],"predecessor-version":[{"id":1572274,"href":"https:\/\/laboklin.de\/de\/wp-json\/wp\/v2\/pages\/1447669\/revisions\/1572274"}],"up":[{"embeddable":true,"href":"https:\/\/laboklin.de\/de\/wp-json\/wp\/v2\/pages\/100000"}],"wp:attachment":[{"href":"https:\/\/laboklin.de\/de\/wp-json\/wp\/v2\/media?parent=1447669"}],"curies":[{"name":"wp","href":"https:\/\/api.w.org\/{rel}","templated":true}]}}