{"id":1429817,"date":"2023-03-22T09:24:11","date_gmt":"2023-03-22T08:24:11","guid":{"rendered":"https:\/\/laboklin.de\/?page_id=1429817"},"modified":"2025-02-03T10:57:45","modified_gmt":"2025-02-03T09:57:45","slug":"troglostrongylus-brevior-pcr","status":"publish","type":"page","link":"https:\/\/laboklin.de\/de\/leistungen\/infektionskrankheiten-erreger-und-antikoerpernachweise\/parasiten\/troglostrongylus-brevior\/troglostrongylus-brevior-pcr\/","title":{"rendered":"Troglostrongylus brevior &#8211; PCR"},"content":{"rendered":"<h3 class=\"csc-firstHeader\">Troglostrongylus brevior - PCR<\/h3><p><span>LABOKLIN Leistungs-ID: 8828<\/span><\/p><table class=\"tx-laboklinleistung-table contenttable contenttable-2\" style=\"margin-top: 35px;\"><tr><td class=\"td-0\"><strong>Material<\/strong><\/td><td class=\"td-1\"><p class=\"bodytext\">Faeces, bronchoalveol\u00e4re Lavage, Trachealsp\u00fclprobe, Lungengewebe<\/p><\/td><\/tr><tr><td class=\"td-0\"><strong>Methode<\/strong><\/td><td class=\"td-1\"><p class=\"bodytext\">PCR<\/p><\/td><\/tr><tr><td class=\"td-0\"><strong>Tierart(en)<\/strong><\/td><td class=\"td-1\"><p class=\"bodytext\">Katze<\/p><\/td><\/tr><tr><td class=\"td-0\"><strong>Dauer<\/strong><\/td><td class=\"td-1\"><p class=\"bodytext\">1 - 3 Tage<\/p><\/td><\/tr><tr><td class=\"td-0\"><strong>Anmerkung<\/strong><\/td><td class=\"td-1\"><p class=\"bodytext\"><ul><li> Falsch negative Ergebnisse sind aufgrund von Pr\u00e4patenz, intermittierender Ausscheidung und begrenzter Sensitivit\u00e4t der Testverfahren nicht auszuschlie\u00dfen. Bei klinischem Verdacht sollten Tests daher wiederholt durchgef\u00fchrt werden.<\/li><li> Die L1-Larven sind mikroskopisch nur schwer von den L1-Larven von Aelurostrongylus abstrusus zu differenzieren.<\/li><li> Der Troglostrongylus brevior-PCR-Nachweis ist im Lungenwurmprofil Katze (siehe PCR-Profile - Kleintiere) enthalten.<\/li><\/ul><\/p><\/td><\/tr><\/table>\n","protected":false},"excerpt":{"rendered":"<p>Troglostrongylus brevior &#8211; PCRLABOKLIN Leistungs-ID: 8828MaterialFaeces, bronchoalveol\u00e4re Lavage, Trachealsp\u00fclprobe, LungengewebeMethodePCRTierart(en)KatzeDauer1 &#8211; 3 TageAnmerkung Falsch negative Ergebnisse sind aufgrund von Pr\u00e4patenz, intermittierender Ausscheidung und begrenzter Sensitivit\u00e4t der Testverfahren nicht auszuschlie\u00dfen. Bei klinischem Verdacht sollten Tests daher wiederholt durchgef\u00fchrt werden. Die L1-Larven sind mikroskopisch nur schwer von den L1-Larven von Aelurostrongylus abstrusus zu differenzieren. Der Troglostrongylus brevior-PCR-Nachweis&hellip;<\/p>\n","protected":false},"author":10,"featured_media":0,"parent":1429809,"menu_order":0,"comment_status":"closed","ping_status":"closed","template":"","meta":{"_seopress_robots_primary_cat":"","_seopress_titles_title":"","_seopress_titles_desc":"","_seopress_robots_index":"","footnotes":""},"class_list":["post-1429817","page","type-page","status-publish","hentry","description-off"],"_links":{"self":[{"href":"https:\/\/laboklin.de\/de\/wp-json\/wp\/v2\/pages\/1429817","targetHints":{"allow":["GET"]}}],"collection":[{"href":"https:\/\/laboklin.de\/de\/wp-json\/wp\/v2\/pages"}],"about":[{"href":"https:\/\/laboklin.de\/de\/wp-json\/wp\/v2\/types\/page"}],"author":[{"embeddable":true,"href":"https:\/\/laboklin.de\/de\/wp-json\/wp\/v2\/users\/10"}],"replies":[{"embeddable":true,"href":"https:\/\/laboklin.de\/de\/wp-json\/wp\/v2\/comments?post=1429817"}],"version-history":[{"count":1,"href":"https:\/\/laboklin.de\/de\/wp-json\/wp\/v2\/pages\/1429817\/revisions"}],"predecessor-version":[{"id":1429820,"href":"https:\/\/laboklin.de\/de\/wp-json\/wp\/v2\/pages\/1429817\/revisions\/1429820"}],"up":[{"embeddable":true,"href":"https:\/\/laboklin.de\/de\/wp-json\/wp\/v2\/pages\/1429809"}],"wp:attachment":[{"href":"https:\/\/laboklin.de\/de\/wp-json\/wp\/v2\/media?parent=1429817"}],"curies":[{"name":"wp","href":"https:\/\/api.w.org\/{rel}","templated":true}]}}