{"id":1429809,"date":"2023-03-22T09:15:28","date_gmt":"2023-03-22T08:15:28","guid":{"rendered":"https:\/\/laboklin.de\/?page_id=1429809"},"modified":"2024-10-22T09:00:22","modified_gmt":"2024-10-22T07:00:22","slug":"troglostrongylus-brevior","status":"publish","type":"page","link":"https:\/\/laboklin.de\/de\/leistungen\/infektionskrankheiten-erreger-und-antikoerpernachweise\/parasiten\/troglostrongylus-brevior\/","title":{"rendered":"Troglostrongylus brevior"},"content":{"rendered":"<div class=\"wpb-content-wrapper\"><p>[vc_row][vc_column][vc_column_text css=&#8220;&#8220;]<h3>Leistungsspektrum<\/h3><div class=\"vc_tta-panels-container\"><div class=\"vc_tta-panels\"><li class=\"menu-item sub-page\"><a href=\"https:\/\/laboklin.de\/de\/leistungen\/infektionskrankheiten-erreger-und-antikoerpernachweise\/parasiten\/troglostrongylus-brevior\/troglostrongylus-brevior-pcr\/\">Troglostrongylus brevior - PCR<\/a><\/li><\/div><\/div><div class=\"gap\" style=\"line-height: 20px; height: 20px;\"><\/div>\n<p>(siehe auch \u00a0\u00a0 =&gt; \u00a0 \u00a0\u00a0 <a href=\"\/de\/leistungen\/profile\/profile-screenings-kleintiere\/pcr-profile\/lungenwurmprofil-katze-pcr\/\">Lungenwurmprofil Katze<\/a> (Leistung 8790)<div class=\"gap\" style=\"line-height: 20px; height: 20px;\"><\/div>\n<p>Troglostrongylus brevior kann auch mittels <a href=\"https:\/\/laboklin.de\/de\/leistungen\/mikrobiologie-parasitologie\/parasitologie\/parasitologische-untersuchungen-kot\/auswanderungsverfahren\/\">Auswanderungsverfahren<\/a> nachgewiesen werden.<\/p>\n<h3>Allgemeine Informationen<\/h3>\n<p>Troglostrongylus brevior wurde bei Katzen in Italien, Bulgarien, Spanien und Griechenland nachgewiesen.<br \/>\nDer Lebenszyklus dieses 0,6 bis 1,7 cm gro\u00dfen Parasiten, der haupts\u00e4chlich Wildfeliden wie Luchs und Wildkatze, aber auch Hauskatzen infiziert, ist mit dem von Aelurostrongylus abstrusus vergleichbar: Die Adulten parasitieren in Bronchien und Bronchiolen der Endwirte. Dort legen Weibchen Eier ab, aus denen die L1-Larven schl\u00fcpfen. Nach Hochhusten, Abschlucken und Ausscheiden \u00fcber den Kot fungieren Schnecken als Zwischenwirte. Sehr wahrscheinlich sind ebenfalls paratenische Wirte bei der \u00dcbertragung der infekti\u00f6sen L3-Larve auf die Katze involviert.<br \/>\nLungenwurminfektionen k\u00f6nnen asymptomatisch verlaufen, Nachweise von Lungenwurmlarven sind h\u00e4ufig Zufallsbefunde bei routinem\u00e4\u00dfigen koproskopischen Untersuchungen. Daneben sind milde bis schwerwiegende respiratorische Symptome m\u00f6glich, dazu z\u00e4hlen v. a. Husten, Nasenausfluss, Tachypnoe, Dyspnoe. Jungtiere sind h\u00e4ufiger betroffen und erkranken meist schwerer.[\/vc_column_text][\/vc_column][\/vc_row][vc_row][vc_column][vc_column_text css=&#8220;.vc_custom_1729580410911{margin-top: 40px !important;}&#8220;][\/vc_column_text][\/vc_column][\/vc_row]<\/p>\n<\/div>","protected":false},"excerpt":{"rendered":"<p>[vc_row][vc_column][vc_column_text css=&#8220;&#8220;] (siehe auch \u00a0\u00a0 =&gt; \u00a0 \u00a0\u00a0 Lungenwurmprofil Katze (Leistung 8790) Troglostrongylus brevior kann auch mittels Auswanderungsverfahren nachgewiesen werden. Allgemeine Informationen Troglostrongylus brevior wurde bei Katzen in Italien, Bulgarien, Spanien und Griechenland nachgewiesen. Der Lebenszyklus dieses 0,6 bis 1,7 cm gro\u00dfen Parasiten, der haupts\u00e4chlich Wildfeliden wie Luchs und Wildkatze, aber auch Hauskatzen infiziert, ist&hellip;<\/p>\n","protected":false},"author":10,"featured_media":0,"parent":940000,"menu_order":20,"comment_status":"closed","ping_status":"closed","template":"","meta":{"_seopress_robots_primary_cat":"","_seopress_titles_title":"","_seopress_titles_desc":"","_seopress_robots_index":"","footnotes":""},"class_list":["post-1429809","page","type-page","status-publish","hentry","description-off"],"_links":{"self":[{"href":"https:\/\/laboklin.de\/de\/wp-json\/wp\/v2\/pages\/1429809","targetHints":{"allow":["GET"]}}],"collection":[{"href":"https:\/\/laboklin.de\/de\/wp-json\/wp\/v2\/pages"}],"about":[{"href":"https:\/\/laboklin.de\/de\/wp-json\/wp\/v2\/types\/page"}],"author":[{"embeddable":true,"href":"https:\/\/laboklin.de\/de\/wp-json\/wp\/v2\/users\/10"}],"replies":[{"embeddable":true,"href":"https:\/\/laboklin.de\/de\/wp-json\/wp\/v2\/comments?post=1429809"}],"version-history":[{"count":7,"href":"https:\/\/laboklin.de\/de\/wp-json\/wp\/v2\/pages\/1429809\/revisions"}],"predecessor-version":[{"id":1490251,"href":"https:\/\/laboklin.de\/de\/wp-json\/wp\/v2\/pages\/1429809\/revisions\/1490251"}],"up":[{"embeddable":true,"href":"https:\/\/laboklin.de\/de\/wp-json\/wp\/v2\/pages\/940000"}],"wp:attachment":[{"href":"https:\/\/laboklin.de\/de\/wp-json\/wp\/v2\/media?parent=1429809"}],"curies":[{"name":"wp","href":"https:\/\/api.w.org\/{rel}","templated":true}]}}