{"id":1429737,"date":"2023-03-21T16:19:53","date_gmt":"2023-03-21T15:19:53","guid":{"rendered":"https:\/\/laboklin.de\/?page_id=1429737"},"modified":"2025-02-03T09:18:01","modified_gmt":"2025-02-03T08:18:01","slug":"devriesea-agamarum-pcr","status":"publish","type":"page","link":"https:\/\/laboklin.de\/de\/leistungen\/infektionskrankheiten-erreger-und-antikoerpernachweise\/bakterien\/devriesea-agamarum\/devriesea-agamarum-pcr\/","title":{"rendered":"Devriesea agamarum &#8211; PCR"},"content":{"rendered":"<h3 class=\"csc-firstHeader\">Devriesea agamarum - PCR<\/h3><p><span>LABOKLIN Leistungs-ID: 8826<\/span><\/p><table class=\"tx-laboklinleistung-table contenttable contenttable-2\" style=\"margin-top: 35px;\"><tr><td class=\"td-0\"><strong>Material<\/strong><\/td><td class=\"td-1\"><p class=\"bodytext\">Krusten, Schuppen, Hautgeschabsel, Abstrich ohne Medium (Haut, Maulh\u00f6hle), Gewebe (Hautbiopsie, Cheilitismaterial, subkutane Granulome, Organe bei Verdacht auf Septik\u00e4mie), verd\u00e4chtige Reinkultur von Echsenhaut<\/p><\/td><\/tr><tr><td class=\"td-0\"><strong>Methode<\/strong><\/td><td class=\"td-1\"><p class=\"bodytext\">realtime PCR<\/p><\/td><\/tr><tr><td class=\"td-0\"><strong>Tierart(en)<\/strong><\/td><td class=\"td-1\"><p class=\"bodytext\">Echse, v. a. Uromastyx sowie Pogona-Arten<\/p><\/td><\/tr><tr><td class=\"td-0\"><strong>Dauer<\/strong><\/td><td class=\"td-1\"><p class=\"bodytext\">1 - 3 Tage<\/p><\/td><\/tr><\/table>\n","protected":false},"excerpt":{"rendered":"<p>Devriesea agamarum &#8211; PCRLABOKLIN Leistungs-ID: 8826MaterialKrusten, Schuppen, Hautgeschabsel, Abstrich ohne Medium (Haut, Maulh\u00f6hle), Gewebe (Hautbiopsie, Cheilitismaterial, subkutane Granulome, Organe bei Verdacht auf Septik\u00e4mie), verd\u00e4chtige Reinkultur von EchsenhautMethoderealtime PCRTierart(en)Echse, v. a. Uromastyx sowie Pogona-ArtenDauer1 &#8211; 3 Tage<\/p>\n","protected":false},"author":10,"featured_media":0,"parent":1429727,"menu_order":1,"comment_status":"closed","ping_status":"closed","template":"","meta":{"_seopress_robots_primary_cat":"","_seopress_titles_title":"","_seopress_titles_desc":"","_seopress_robots_index":"","footnotes":""},"class_list":["post-1429737","page","type-page","status-publish","hentry","description-off"],"_links":{"self":[{"href":"https:\/\/laboklin.de\/de\/wp-json\/wp\/v2\/pages\/1429737","targetHints":{"allow":["GET"]}}],"collection":[{"href":"https:\/\/laboklin.de\/de\/wp-json\/wp\/v2\/pages"}],"about":[{"href":"https:\/\/laboklin.de\/de\/wp-json\/wp\/v2\/types\/page"}],"author":[{"embeddable":true,"href":"https:\/\/laboklin.de\/de\/wp-json\/wp\/v2\/users\/10"}],"replies":[{"embeddable":true,"href":"https:\/\/laboklin.de\/de\/wp-json\/wp\/v2\/comments?post=1429737"}],"version-history":[{"count":1,"href":"https:\/\/laboklin.de\/de\/wp-json\/wp\/v2\/pages\/1429737\/revisions"}],"predecessor-version":[{"id":1429740,"href":"https:\/\/laboklin.de\/de\/wp-json\/wp\/v2\/pages\/1429737\/revisions\/1429740"}],"up":[{"embeddable":true,"href":"https:\/\/laboklin.de\/de\/wp-json\/wp\/v2\/pages\/1429727"}],"wp:attachment":[{"href":"https:\/\/laboklin.de\/de\/wp-json\/wp\/v2\/media?parent=1429737"}],"curies":[{"name":"wp","href":"https:\/\/api.w.org\/{rel}","templated":true}]}}