{"id":1429727,"date":"2023-03-21T16:11:12","date_gmt":"2023-03-21T15:11:12","guid":{"rendered":"https:\/\/laboklin.de\/?page_id=1429727"},"modified":"2024-10-08T13:17:24","modified_gmt":"2024-10-08T11:17:24","slug":"devriesea-agamarum","status":"publish","type":"page","link":"https:\/\/laboklin.de\/de\/leistungen\/infektionskrankheiten-erreger-und-antikoerpernachweise\/bakterien\/devriesea-agamarum\/","title":{"rendered":"Devriesea agamarum"},"content":{"rendered":"<div class=\"wpb-content-wrapper\"><p>[vc_row][vc_column][vc_column_text css=&#8220;&#8220;]<h3>Leistungsspektrum<\/h3><div class=\"vc_tta-panels-container\"><div class=\"vc_tta-panels\"><li class=\"menu-item sub-page\"><a href=\"https:\/\/laboklin.de\/de\/leistungen\/infektionskrankheiten-erreger-und-antikoerpernachweise\/bakterien\/devriesea-agamarum\/devriesea-agamarum-pcr\/\">Devriesea agamarum - PCR<\/a><\/li><\/div><\/div><div class=\"gap\" style=\"line-height: 20px; height: 20px;\"><\/div>\n<p>Devriesea agamarum kann auch kulturell nachgewiesen werden.[\/vc_column_text][\/vc_column][\/vc_row][vc_row][vc_column][vc_column_text css=&#8220;.vc_custom_1728385791676{margin-top: 30px !important;}&#8220;]<\/p>\n<h3>Allgemeine Informationen<\/h3>\n<p>Das gram-positive Bakterium <em>Devriesea agamarum<\/em> kann zu Dermatitis und Cheilitis sowie Septik\u00e4mie bei <strong>Echsen<\/strong>, \u00fcberwiegend bei <em>Uromastyx<\/em>-Arten, f\u00fchren. Allerdings k\u00f6nnen sich auch\u00a0andere Echsenarten infizieren. Bei den h\u00e4ufig gehaltenen Bartagamen (<em>Pogona vitticeps<\/em>) sind asymptomatische Verl\u00e4ufe nicht ungew\u00f6hnlich, da bei diesen Tieren\u00a0<em>Devriesea agamarum<\/em> Teil des oralen Mikrobioms sein kann. Die M\u00f6glichkeit der \u00dcbertragung auf empf\u00e4ngliche Tiere sollte bei Zusammenstellung von Gruppen bedacht werden. Klinisch zeigt sich die Erkrankung bei betroffenen Tieren h\u00e4ufig mit gelben, krustigen Ver\u00e4nderungen. Ausbr\u00fcche mit hoher Mortalit\u00e4t sind beschrieben, insbesondere wenn es zur Entwicklung einer Septik\u00e4mie kommt. Das Bakterium wurde sowohl bei frei lebenden als auch bei Echsen in Gefangenschaft nachgewiesen.[\/vc_column_text][\/vc_column][\/vc_row]<\/p>\n<\/div>","protected":false},"excerpt":{"rendered":"<p>[vc_row][vc_column][vc_column_text css=&#8220;&#8220;] Devriesea agamarum kann auch kulturell nachgewiesen werden.[\/vc_column_text][\/vc_column][\/vc_row][vc_row][vc_column][vc_column_text css=&#8220;.vc_custom_1728385791676{margin-top: 30px !important;}&#8220;] Allgemeine Informationen Das gram-positive Bakterium Devriesea agamarum kann zu Dermatitis und Cheilitis sowie Septik\u00e4mie bei Echsen, \u00fcberwiegend bei Uromastyx-Arten, f\u00fchren. Allerdings k\u00f6nnen sich auch\u00a0andere Echsenarten infizieren. Bei den h\u00e4ufig gehaltenen Bartagamen (Pogona vitticeps) sind asymptomatische Verl\u00e4ufe nicht ungew\u00f6hnlich, da bei diesen Tieren\u00a0Devriesea agamarum&hellip;<\/p>\n","protected":false},"author":10,"featured_media":0,"parent":920000,"menu_order":15,"comment_status":"closed","ping_status":"closed","template":"","meta":{"_seopress_robots_primary_cat":"","_seopress_titles_title":"","_seopress_titles_desc":"","_seopress_robots_index":"","footnotes":""},"class_list":["post-1429727","page","type-page","status-publish","hentry","description-off"],"_links":{"self":[{"href":"https:\/\/laboklin.de\/de\/wp-json\/wp\/v2\/pages\/1429727","targetHints":{"allow":["GET"]}}],"collection":[{"href":"https:\/\/laboklin.de\/de\/wp-json\/wp\/v2\/pages"}],"about":[{"href":"https:\/\/laboklin.de\/de\/wp-json\/wp\/v2\/types\/page"}],"author":[{"embeddable":true,"href":"https:\/\/laboklin.de\/de\/wp-json\/wp\/v2\/users\/10"}],"replies":[{"embeddable":true,"href":"https:\/\/laboklin.de\/de\/wp-json\/wp\/v2\/comments?post=1429727"}],"version-history":[{"count":7,"href":"https:\/\/laboklin.de\/de\/wp-json\/wp\/v2\/pages\/1429727\/revisions"}],"predecessor-version":[{"id":1488659,"href":"https:\/\/laboklin.de\/de\/wp-json\/wp\/v2\/pages\/1429727\/revisions\/1488659"}],"up":[{"embeddable":true,"href":"https:\/\/laboklin.de\/de\/wp-json\/wp\/v2\/pages\/920000"}],"wp:attachment":[{"href":"https:\/\/laboklin.de\/de\/wp-json\/wp\/v2\/media?parent=1429727"}],"curies":[{"name":"wp","href":"https:\/\/api.w.org\/{rel}","templated":true}]}}