{"id":1429707,"date":"2023-03-21T15:55:10","date_gmt":"2023-03-21T14:55:10","guid":{"rendered":"https:\/\/laboklin.de\/?page_id=1429707"},"modified":"2024-10-17T10:08:05","modified_gmt":"2024-10-17T08:08:05","slug":"haemosporidien-aviaere","status":"publish","type":"page","link":"https:\/\/laboklin.de\/de\/leistungen\/infektionskrankheiten-erreger-und-antikoerpernachweise\/parasiten\/haemosporidien-aviaere\/","title":{"rendered":"H\u00e4mosporidien (avi\u00e4re)"},"content":{"rendered":"<div class=\"wpb-content-wrapper\"><p>[vc_row][vc_column][vc_column_text]<h3>Leistungsspektrum<\/h3><div class=\"vc_tta-panels-container\"><div class=\"vc_tta-panels\"><li class=\"menu-item sub-page\"><a href=\"https:\/\/laboklin.de\/de\/leistungen\/infektionskrankheiten-erreger-und-antikoerpernachweise\/parasiten\/haemosporidien-aviaere\/aviaere-haemosporidien-pcr\/\">Avi\u00e4re H\u00e4mosporidien (Vogelmalaria) - PCR<\/a><\/li><\/div><\/div>[\/vc_column_text][\/vc_column][\/vc_row][vc_row][vc_column][vc_column_text css=&#8220;.vc_custom_1729152475805{margin-top: 40px !important;}&#8220;]<\/p>\n<h3>Allgemeine Informationen<\/h3>\n<p>H\u00e4mosporidien sind h\u00e4ufige Blutparasiten bei heimischen Sing- und Raubv\u00f6geln (Pr\u00e4valenz bei z.B. Amseln bei nahe 100%). Die wichtigsten Gattungen dieser Parasiten umfassen sowohl <em>Plasmodium <\/em>und <em>Haemoproteus<\/em>, die beide Malariapigment bilden und daher zu den Malariaparasiten z\u00e4hlen, als auch <em>Leucocytozoon<\/em>. Diese 3 Gattungen werden mittels unseres PCR-Tests nachgewiesen.<\/p>\n<p>Diese Parasiten sind weltweit verbreitet und sehr artenreich, es sind gegenw\u00e4rtig bereits weit mehr als 200 Arten beschrieben. Das Wirtsspektrum reicht, je nach Parasitenart, von hochspezifisch (es wird nur eine Vogelart befallen) bis generalisiert (verschiedenste Vogelarten aus nicht verwandten Ordnungen k\u00f6nnen befallen werden). Bei heimischen Singv\u00f6geln sind Mischinfektionen weit verbreitet.<\/p>\n<p>Der Verlauf der Erkrankung reicht von perakut in empf\u00e4nglichen Vogelarten (z.B. bei Pinguinen) bis subklinisch (bei z.B. Amseln). Hierbei ist die Schwere der Erkrankung abh\u00e4ngig von der Parasitenart, der Vogelart und dem Alter und Immunstatus des Wirtes. Die Symptome reichen von vermindertem Allgemeinbefinden, Mattigkeit und Anorexie bis zu Dyspnoe, An\u00e4mie, Hepatomegalie, Splenomegalie und Lungen\u00f6dem. Pinguine k\u00f6nnen auch pl\u00f6tzlich versterben. V\u00f6gel, die die akute Phase der Infektion \u00fcberleben, k\u00f6nnen \u00fcber Jahre hinweg chronisch infiziert bleiben. Bei diesen Tieren kann die symptomatische Phase der Erkrankung beim Auftreten von Stress oder anderen Infektionen jederzeit wieder auftreten.[\/vc_column_text][\/vc_column][\/vc_row]<\/p>\n<\/div>","protected":false},"excerpt":{"rendered":"<p>[vc_row][vc_column][vc_column_text][\/vc_column_text][\/vc_column][\/vc_row][vc_row][vc_column][vc_column_text css=&#8220;.vc_custom_1729152475805{margin-top: 40px !important;}&#8220;] Allgemeine Informationen H\u00e4mosporidien sind h\u00e4ufige Blutparasiten bei heimischen Sing- und Raubv\u00f6geln (Pr\u00e4valenz bei z.B. Amseln bei nahe 100%). Die wichtigsten Gattungen dieser Parasiten umfassen sowohl Plasmodium und Haemoproteus, die beide Malariapigment bilden und daher zu den Malariaparasiten z\u00e4hlen, als auch Leucocytozoon. Diese 3 Gattungen werden mittels unseres PCR-Tests nachgewiesen. Diese Parasiten&hellip;<\/p>\n","protected":false},"author":10,"featured_media":0,"parent":940000,"menu_order":10,"comment_status":"closed","ping_status":"closed","template":"","meta":{"_seopress_robots_primary_cat":"","_seopress_titles_title":"","_seopress_titles_desc":"","_seopress_robots_index":"","footnotes":""},"class_list":["post-1429707","page","type-page","status-publish","hentry","description-off"],"_links":{"self":[{"href":"https:\/\/laboklin.de\/de\/wp-json\/wp\/v2\/pages\/1429707","targetHints":{"allow":["GET"]}}],"collection":[{"href":"https:\/\/laboklin.de\/de\/wp-json\/wp\/v2\/pages"}],"about":[{"href":"https:\/\/laboklin.de\/de\/wp-json\/wp\/v2\/types\/page"}],"author":[{"embeddable":true,"href":"https:\/\/laboklin.de\/de\/wp-json\/wp\/v2\/users\/10"}],"replies":[{"embeddable":true,"href":"https:\/\/laboklin.de\/de\/wp-json\/wp\/v2\/comments?post=1429707"}],"version-history":[{"count":3,"href":"https:\/\/laboklin.de\/de\/wp-json\/wp\/v2\/pages\/1429707\/revisions"}],"predecessor-version":[{"id":1489582,"href":"https:\/\/laboklin.de\/de\/wp-json\/wp\/v2\/pages\/1429707\/revisions\/1489582"}],"up":[{"embeddable":true,"href":"https:\/\/laboklin.de\/de\/wp-json\/wp\/v2\/pages\/940000"}],"wp:attachment":[{"href":"https:\/\/laboklin.de\/de\/wp-json\/wp\/v2\/media?parent=1429707"}],"curies":[{"name":"wp","href":"https:\/\/api.w.org\/{rel}","templated":true}]}}