{"id":1320286,"date":"2023-01-05T15:02:15","date_gmt":"2023-01-05T14:02:15","guid":{"rendered":"https:\/\/laboklin.de\/de\/?page_id=1320286"},"modified":"2025-02-25T13:11:06","modified_gmt":"2025-02-25T12:11:06","slug":"rex-kurzhaar-kaninchen","status":"publish","type":"page","link":"https:\/\/laboklin.de\/de\/leistungen\/genetik\/fellfarbe-haarstruktur\/kleinsaeuger\/rex-kurzhaar-kaninchen\/","title":{"rendered":"Rex-Kurzhaar (Kaninchen)"},"content":{"rendered":"<h3 class=\"csc-firstHeader\">Rex-Kurzhaar (Kaninchen)<\/h3><p><span>LABOKLIN Leistungs-ID: 8811<\/span><\/p><p class=\"bodytext\">Es sind drei Loki bekannt, die bei Kaninchen zur Auspr\u00e4gung des sehr weichen, kurzen Rex-Fells f\u00fchren. Die r1-Mutation kommt durch eine Ver\u00e4nderung des LIPH-Gens zustande und gilt als h\u00e4ufigste Variante des Rex-Fells. <\/p><table class=\"tx-laboklinleistung-table contenttable contenttable-2\" style=\"margin-top: 35px;\"><tr><td class=\"td-0\"><strong>Methode<\/strong><\/td><td class=\"td-1\"><p class=\"bodytext\">Sequenzierung<\/p><\/td><\/tr><tr><td class=\"td-0\"><strong>Dauer<\/strong><\/td><td class=\"td-1\"><p class=\"bodytext\">1 - 2 Wochen<\/p><\/td><\/tr><\/table>\n","protected":false},"excerpt":{"rendered":"<p>Rex-Kurzhaar (Kaninchen)LABOKLIN Leistungs-ID: 8811Es sind drei Loki bekannt, die bei Kaninchen zur Auspr\u00e4gung des sehr weichen, kurzen Rex-Fells f\u00fchren. Die r1-Mutation kommt durch eine Ver\u00e4nderung des LIPH-Gens zustande und gilt als h\u00e4ufigste Variante des Rex-Fells. MethodeSequenzierungDauer1 &#8211; 2 Wochen<\/p>\n","protected":false},"author":10,"featured_media":0,"parent":1320283,"menu_order":11,"comment_status":"closed","ping_status":"closed","template":"","meta":{"_seopress_robots_primary_cat":"","_seopress_titles_title":"","_seopress_titles_desc":"","_seopress_robots_index":"","footnotes":""},"class_list":["post-1320286","page","type-page","status-publish","hentry","description-off"],"_links":{"self":[{"href":"https:\/\/laboklin.de\/de\/wp-json\/wp\/v2\/pages\/1320286","targetHints":{"allow":["GET"]}}],"collection":[{"href":"https:\/\/laboklin.de\/de\/wp-json\/wp\/v2\/pages"}],"about":[{"href":"https:\/\/laboklin.de\/de\/wp-json\/wp\/v2\/types\/page"}],"author":[{"embeddable":true,"href":"https:\/\/laboklin.de\/de\/wp-json\/wp\/v2\/users\/10"}],"replies":[{"embeddable":true,"href":"https:\/\/laboklin.de\/de\/wp-json\/wp\/v2\/comments?post=1320286"}],"version-history":[{"count":2,"href":"https:\/\/laboklin.de\/de\/wp-json\/wp\/v2\/pages\/1320286\/revisions"}],"predecessor-version":[{"id":1320288,"href":"https:\/\/laboklin.de\/de\/wp-json\/wp\/v2\/pages\/1320286\/revisions\/1320288"}],"up":[{"embeddable":true,"href":"https:\/\/laboklin.de\/de\/wp-json\/wp\/v2\/pages\/1320283"}],"wp:attachment":[{"href":"https:\/\/laboklin.de\/de\/wp-json\/wp\/v2\/media?parent=1320286"}],"curies":[{"name":"wp","href":"https:\/\/api.w.org\/{rel}","templated":true}]}}